{"id":481,"date":"2025-01-13T17:51:00","date_gmt":"2025-01-13T16:51:00","guid":{"rendered":"https:\/\/symbiosenormandie.fr\/?post_type=product&#038;p=481"},"modified":"2025-01-13T17:51:01","modified_gmt":"2025-01-13T16:51:01","slug":"jujubier","status":"publish","type":"product","link":"https:\/\/symbiosenormandie.fr\/index.php\/produit\/jujubier\/","title":{"rendered":"Jujubier"},"content":{"rendered":"<p><strong><u>Pr\u00e9sentation<\/u><\/strong><strong> :<\/strong><\/p>\n<p>Nom latin : Ziziphus jujuba.<\/p>\n<p>Autre nom commun : Datte chinoise, pomme surette.<\/p>\n<p>Famille botanique : Rhamnac\u00e9es.<\/p>\n<p>&nbsp;<\/p>\n<p><strong><u>Caract\u00e9ristiques<\/u><\/strong><strong> :<\/strong><\/p>\n<p>Taille et croissance : Jusqu&rsquo;\u00e0 5m, croissance moyenne.<\/p>\n<p>Port : Buissonnant.<\/p>\n<p>Feuillage : Caduc.<\/p>\n<p>Floraison : De mai \u00e0 juillet.<\/p>\n<p>Fructification : De septembre \u00e0 octobre<\/p>\n<p>Rusticit\u00e9 : Jusqu&rsquo;\u00e0 -15\u00b0C<\/p>\n<p><strong><u>Utilisation(s)\/int\u00e9r\u00eat(s)<\/u><\/strong><strong> :<\/strong><\/p>\n<p>-Mellif\u00e8re.<\/p>\n<p>-Fruits comestibles<\/p>\n<p>.<\/p>\n<p>Le Jujubier, Ziziphus jujuba forme un bel arbuste voire un petit arbre caduc.<\/p>\n<p>Les feuilles vertes portent \u00e0 la base 2 \u00e9pines dont 1 est crochue. La vari\u00e9t\u00e9 Li est quasiment d\u00e9pourvue d\u2019\u00e9pine.<\/p>\n<p>Au printemps, apparaissent des petites fleurs verd\u00e2tres qui attirent de nombreux insectes utiles puis laissent la place \u00e0 des fruits ovo\u00efdes, d\u2019abord verts puis rouge\u00e2tres de 2 \u00e0 2,5 cm de long. Ils m\u00fbrissent d\u00e8s l\u2019automne et se r\u00e9coltent jusqu\u2019en hiver.<\/p>\n<p>On les consomment cuits, s\u00e9ch\u00e9s ou encore confits. Ils ne peuvent \u00eatre consomm\u00e9s qu\u2019apr\u00e8s maturit\u00e9 compl\u00e8te.<\/p>\n","protected":false},"excerpt":{"rendered":"<p><em>Ziziphus jujuba\u00a0<\/em><\/p>\n","protected":false},"featured_media":482,"comment_status":"open","ping_status":"closed","template":"","meta":[],"product_brand":[],"product_cat":[19,43,35],"product_tag":[],"class_list":{"0":"post-481","1":"product","2":"type-product","3":"status-publish","4":"has-post-thumbnail","6":"product_cat-arbustes","7":"product_cat-comestible","8":"product_cat-mellifere","10":"first","11":"instock","12":"shipping-taxable","13":"purchasable","14":"product-type-simple"},"jetpack_sharing_enabled":true,"_links":{"self":[{"href":"https:\/\/symbiosenormandie.fr\/index.php\/wp-json\/wp\/v2\/product\/481","targetHints":{"allow":["GET"]}}],"collection":[{"href":"https:\/\/symbiosenormandie.fr\/index.php\/wp-json\/wp\/v2\/product"}],"about":[{"href":"https:\/\/symbiosenormandie.fr\/index.php\/wp-json\/wp\/v2\/types\/product"}],"replies":[{"embeddable":true,"href":"https:\/\/symbiosenormandie.fr\/index.php\/wp-json\/wp\/v2\/comments?post=481"}],"wp:featuredmedia":[{"embeddable":true,"href":"https:\/\/symbiosenormandie.fr\/index.php\/wp-json\/wp\/v2\/media\/482"}],"wp:attachment":[{"href":"https:\/\/symbiosenormandie.fr\/index.php\/wp-json\/wp\/v2\/media?parent=481"}],"wp:term":[{"taxonomy":"product_brand","embeddable":true,"href":"https:\/\/symbiosenormandie.fr\/index.php\/wp-json\/wp\/v2\/product_brand?post=481"},{"taxonomy":"product_cat","embeddable":true,"href":"https:\/\/symbiosenormandie.fr\/index.php\/wp-json\/wp\/v2\/product_cat?post=481"},{"taxonomy":"product_tag","embeddable":true,"href":"https:\/\/symbiosenormandie.fr\/index.php\/wp-json\/wp\/v2\/product_tag?post=481"}],"curies":[{"name":"wp","href":"https:\/\/api.w.org\/{rel}","templated":true}]}}