{"id":477,"date":"2025-01-13T17:40:53","date_gmt":"2025-01-13T16:40:53","guid":{"rendered":"https:\/\/symbiosenormandie.fr\/?post_type=product&#038;p=477"},"modified":"2025-01-13T17:41:32","modified_gmt":"2025-01-13T16:41:32","slug":"goyavier-du-bresil","status":"publish","type":"product","link":"https:\/\/symbiosenormandie.fr\/index.php\/produit\/goyavier-du-bresil\/","title":{"rendered":"Goyavier du Br\u00e9sil"},"content":{"rendered":"<p><strong><u>Pr\u00e9sentation<\/u><\/strong><strong> :<\/strong><\/p>\n<p>Nom latin : Acca sellowiana.<\/p>\n<p>Autre nom commun : Fe\u00efjoa.<\/p>\n<p>Famille botanique : Myrtac\u00e9es.<\/p>\n<p>&nbsp;<\/p>\n<p><strong><u>Caract\u00e9ristiques<\/u><\/strong><strong> :<\/strong><\/p>\n<p>Taille et croissance : Jusqu&rsquo;\u00e0 3m, croissance lente.<\/p>\n<p>Port : Buissonnant.<\/p>\n<p>Feuillage : Persistant.<\/p>\n<p>Floraison : De juillet \u00e0 ao\u00fbt.<\/p>\n<p>Fructification : De octobre \u00e0 d\u00e9cembre<\/p>\n<p>Rusticit\u00e9<\/p>\n<p>&nbsp;<\/p>\n<p><strong><u>Utilisation(s)\/int\u00e9r\u00eat(s)<\/u><\/strong><strong> :<\/strong><\/p>\n<p>-Mellif\u00e8re.<\/p>\n<p>-Fruits et fleurs comestibles.<\/p>\n<p>Cet arbuste fruitier poss\u00e8de un effet d\u00e9coratif certain d\u00fb \u00e0 une floraison impressionnante.<\/p>\n<p>Ses fruits en forme de kiwis ainsi que ses fleurs sont comestibles (riches en vitamines C), cependant le fruit devra \u00eatre consomm\u00e9 rapidement apr\u00e8s avoir \u00e9t\u00e9 cueilli. Le fruit conservera au mieux ses propri\u00e9t\u00e9s nutritives s&rsquo; il est mang\u00e9 directement apr\u00e8s la cueillette.<br \/>\nPlante courante dans les zones chaudes, m\u00e9diterran\u00e9ennes, elle s&rsquo;adapte parfaitement dans les zones plus humides et froides du climat temp\u00e9r\u00e9 et fleurit.<\/p>\n<p>Un \u00e9t\u00e9 bien chaud et sec vous garantit une fructification compl\u00e8te. Le feijoa accepte une exposition maritime et des conditions extr\u00eames.<\/p>\n","protected":false},"excerpt":{"rendered":"<p><em>Acca sellowiana<\/em><\/p>\n","protected":false},"featured_media":478,"comment_status":"open","ping_status":"closed","template":"","meta":[],"product_brand":[],"product_cat":[20,37,43,35,23],"product_tag":[],"class_list":{"0":"post-477","1":"product","2":"type-product","3":"status-publish","4":"has-post-thumbnail","6":"product_cat-arbres","7":"product_cat-arbres-fruitiers","8":"product_cat-comestible","9":"product_cat-mellifere","10":"product_cat-plantes-aromatiques","12":"first","13":"instock","14":"shipping-taxable","15":"purchasable","16":"product-type-simple"},"jetpack_sharing_enabled":true,"_links":{"self":[{"href":"https:\/\/symbiosenormandie.fr\/index.php\/wp-json\/wp\/v2\/product\/477","targetHints":{"allow":["GET"]}}],"collection":[{"href":"https:\/\/symbiosenormandie.fr\/index.php\/wp-json\/wp\/v2\/product"}],"about":[{"href":"https:\/\/symbiosenormandie.fr\/index.php\/wp-json\/wp\/v2\/types\/product"}],"replies":[{"embeddable":true,"href":"https:\/\/symbiosenormandie.fr\/index.php\/wp-json\/wp\/v2\/comments?post=477"}],"wp:featuredmedia":[{"embeddable":true,"href":"https:\/\/symbiosenormandie.fr\/index.php\/wp-json\/wp\/v2\/media\/478"}],"wp:attachment":[{"href":"https:\/\/symbiosenormandie.fr\/index.php\/wp-json\/wp\/v2\/media?parent=477"}],"wp:term":[{"taxonomy":"product_brand","embeddable":true,"href":"https:\/\/symbiosenormandie.fr\/index.php\/wp-json\/wp\/v2\/product_brand?post=477"},{"taxonomy":"product_cat","embeddable":true,"href":"https:\/\/symbiosenormandie.fr\/index.php\/wp-json\/wp\/v2\/product_cat?post=477"},{"taxonomy":"product_tag","embeddable":true,"href":"https:\/\/symbiosenormandie.fr\/index.php\/wp-json\/wp\/v2\/product_tag?post=477"}],"curies":[{"name":"wp","href":"https:\/\/api.w.org\/{rel}","templated":true}]}}