{"id":474,"date":"2025-01-13T17:32:01","date_gmt":"2025-01-13T16:32:01","guid":{"rendered":"https:\/\/symbiosenormandie.fr\/?post_type=product&#038;p=474"},"modified":"2025-01-13T17:32:01","modified_gmt":"2025-01-13T16:32:01","slug":"paulownia","status":"publish","type":"product","link":"https:\/\/symbiosenormandie.fr\/index.php\/produit\/paulownia\/","title":{"rendered":"Paulownia"},"content":{"rendered":"<p><strong><u>Pr\u00e9sentation<\/u><\/strong><strong> :<\/strong><\/p>\n<p>Nom latin : Paulownia tomentosa.<\/p>\n<p>Autre nom commun : Arbre imp\u00e9rial.<\/p>\n<p>Famille botanique : Paulowniac\u00e9es.<\/p>\n<p>&nbsp;<\/p>\n<p><strong><u>Caract\u00e9ristiques<\/u><\/strong><strong> :<\/strong><\/p>\n<p>Taille et croissance : Jusqu&rsquo;\u00e0 12m, croissance tr\u00e8s rapide.<\/p>\n<p>Port : Etal\u00e9.<\/p>\n<p>Feuillage : Caduc.<\/p>\n<p>Floraison : De Mai \u00e0 juin.<\/p>\n<p>&nbsp;<\/p>\n<p><strong><u>Utilisation(s)\/int\u00e9r\u00eat(s)<\/u><\/strong><strong> :<\/strong><\/p>\n<p>-Mellif\u00e8re.<\/p>\n<p>-Fourrager<\/p>\n<p>&nbsp;<\/p>\n<p><strong><u>Conditions de culture<\/u><\/strong><strong> :<\/strong><\/p>\n<p>Rusticit\u00e9 : Jusqu&rsquo;\u00e0 -20\u00b0C.<\/p>\n<p>Type de sol : Tout type de sol.<\/p>\n<p>Exposition\/vent : Mi-ombre ou soleil, ne tol\u00e8re pas le vent fort.<\/p>\n<p>Besoins en eau : Faible, Pr\u00e9f\u00e8re les sols profonds et drain\u00e9s.<\/p>\n<p>&nbsp;<\/p>\n<p>La floraison est printani\u00e8re, en avril-mai on voit s\u2019\u00e9panouir sur les branches encore nues de\u00a0<strong>magnifiques clochettes\u00a0<\/strong>mauves et allong\u00e9es en grappes. Viennent ensuite les\u00a0<strong>feuilles opulentes de 15-25cm de diam\u00e8tre<\/strong>, vert pomme, elles semblent accrocher les rayons lumineux et \u00e9clairer le jardin d\u00e8s les premi\u00e8res heures de la journ\u00e9e.<\/p>\n<p>En automne, une fois les feuilles tomb\u00e9es, les fruits secs restent sur l\u2019arbre. Les coques fendues sont comme de petits oisillons aux becs grands ouverts. Ils sont\u00a0<strong>tr\u00e8s d\u00e9coratifs<\/strong>\u00a0et sont parfaits pour donner une touche originale \u00e0 vos compostions d\u2019hiver.<\/p>\n<p>Le Paulownia tomentosa est un arbre de grande taille atteignant facilement\u00a0<strong>12\u2009m de hauteur. S<\/strong>es branches sont g\u00e9n\u00e9ralement creuses. En le taillant en c\u00e9p\u00e9e, il est toutefois possible de lui conserver une taille basse comme un arbuste. Les feuilles prendront alors des proportions formidables, elles pourront atteindre facilement 30 \u00e0 50\u2009cm de diam\u00e8tre, mais vous n&rsquo;obtiendrez pas de floraison.<\/p>\n","protected":false},"excerpt":{"rendered":"<p><em>Paulownia tomentosa<\/em><\/p>\n","protected":false},"featured_media":475,"comment_status":"open","ping_status":"closed","template":"","meta":[],"product_brand":[],"product_cat":[20,42,35,40],"product_tag":[],"class_list":{"0":"post-474","1":"product","2":"type-product","3":"status-publish","4":"has-post-thumbnail","6":"product_cat-arbres","7":"product_cat-fourrager","8":"product_cat-mellifere","9":"product_cat-ornemental-2","11":"first","12":"instock","13":"shipping-taxable","14":"purchasable","15":"product-type-simple"},"jetpack_sharing_enabled":true,"_links":{"self":[{"href":"https:\/\/symbiosenormandie.fr\/index.php\/wp-json\/wp\/v2\/product\/474","targetHints":{"allow":["GET"]}}],"collection":[{"href":"https:\/\/symbiosenormandie.fr\/index.php\/wp-json\/wp\/v2\/product"}],"about":[{"href":"https:\/\/symbiosenormandie.fr\/index.php\/wp-json\/wp\/v2\/types\/product"}],"replies":[{"embeddable":true,"href":"https:\/\/symbiosenormandie.fr\/index.php\/wp-json\/wp\/v2\/comments?post=474"}],"wp:featuredmedia":[{"embeddable":true,"href":"https:\/\/symbiosenormandie.fr\/index.php\/wp-json\/wp\/v2\/media\/475"}],"wp:attachment":[{"href":"https:\/\/symbiosenormandie.fr\/index.php\/wp-json\/wp\/v2\/media?parent=474"}],"wp:term":[{"taxonomy":"product_brand","embeddable":true,"href":"https:\/\/symbiosenormandie.fr\/index.php\/wp-json\/wp\/v2\/product_brand?post=474"},{"taxonomy":"product_cat","embeddable":true,"href":"https:\/\/symbiosenormandie.fr\/index.php\/wp-json\/wp\/v2\/product_cat?post=474"},{"taxonomy":"product_tag","embeddable":true,"href":"https:\/\/symbiosenormandie.fr\/index.php\/wp-json\/wp\/v2\/product_tag?post=474"}],"curies":[{"name":"wp","href":"https:\/\/api.w.org\/{rel}","templated":true}]}}