{"id":464,"date":"2025-01-13T17:03:23","date_gmt":"2025-01-13T16:03:23","guid":{"rendered":"https:\/\/symbiosenormandie.fr\/?post_type=product&#038;p=464"},"modified":"2025-01-13T17:03:41","modified_gmt":"2025-01-13T16:03:41","slug":"veronique-arbustive","status":"publish","type":"product","link":"https:\/\/symbiosenormandie.fr\/index.php\/produit\/veronique-arbustive\/","title":{"rendered":"V\u00e9ronique arbustive \u00ab\u00a0Glauca\u00a0\u00bb"},"content":{"rendered":"<p>Pr\u00e9sentation :<\/p>\n<p>Nom latin: Hebe colensoi \u00ab\u00a0Glauca\u00a0\u00bb<\/p>\n<p>Famille : Scrophulariac\u00e9es<\/p>\n<p>&nbsp;<\/p>\n<p>Caract\u00e9ristiques:<\/p>\n<p>Taille \u00e0 maturit\u00e9 : 0,50 m de haut \/ 0,60 m de large.<\/p>\n<p>Densit\u00e9 de plantation : 2 plants par m2<\/p>\n<p>P\u00e9riode de floraison : juin &#8211; ao\u00fbt<\/p>\n<p>Parfum : non<\/p>\n<p>feuillage :\u00a0 persistant<\/p>\n<p>Sol :\u00a0 drainant<\/p>\n<p>Exposition : plein soleil &#8211; mi-ombre<\/p>\n<p>rusticit\u00e9 : -14 \u00b0C (Zone 7)<\/p>\n<p>Le Hebe colensoi \u2018Glauca\u2019 se distingue par son port touffu et naturellement arrondi, ainsi que par sa r\u00e9sistance au froid. C&rsquo;est un petit arbuste tr\u00e8s prolifique en feuillages persistant et en fleurs blanches, tr\u00e8s pris\u00e9 sur le littoral et dans les jardins de ville. Son caract\u00e8re remarquablement d\u00e9coratif, en fait un arbuste ornemental de choix pour embellir vos bordures, massifs, mais \u00e9galement vos pots ou bacs sur votre terrasse.<\/p>\n<p>Son port bas, en boule, persistant et rigide est compos\u00e9 d\u2019un beau feuillage gris argent\u00e9 aux reflets bleut\u00e9s.<\/p>\n<p>Le Hebe colensoi \u2018Glauca\u2019 se pare, d\u00e8s le mois de juin, de petites fleurs blanches aux p\u00e9tales tachet\u00e9s violac\u00e9s. Les fleurs sont regroup\u00e9es en grappe conique rigide au bout de chaque tige.<\/p>\n","protected":false},"excerpt":{"rendered":"<p><em>Hebe colensoi \u00ab\u00a0Glauca\u00a0\u00bb<\/em><\/p>\n","protected":false},"featured_media":465,"comment_status":"open","ping_status":"closed","template":"","meta":[],"product_brand":[],"product_cat":[19,35,40,41],"product_tag":[],"class_list":{"0":"post-464","1":"product","2":"type-product","3":"status-publish","4":"has-post-thumbnail","6":"product_cat-arbustes","7":"product_cat-mellifere","8":"product_cat-ornemental-2","9":"product_cat-persistants","11":"first","12":"instock","13":"shipping-taxable","14":"purchasable","15":"product-type-simple"},"jetpack_sharing_enabled":true,"_links":{"self":[{"href":"https:\/\/symbiosenormandie.fr\/index.php\/wp-json\/wp\/v2\/product\/464","targetHints":{"allow":["GET"]}}],"collection":[{"href":"https:\/\/symbiosenormandie.fr\/index.php\/wp-json\/wp\/v2\/product"}],"about":[{"href":"https:\/\/symbiosenormandie.fr\/index.php\/wp-json\/wp\/v2\/types\/product"}],"replies":[{"embeddable":true,"href":"https:\/\/symbiosenormandie.fr\/index.php\/wp-json\/wp\/v2\/comments?post=464"}],"wp:featuredmedia":[{"embeddable":true,"href":"https:\/\/symbiosenormandie.fr\/index.php\/wp-json\/wp\/v2\/media\/465"}],"wp:attachment":[{"href":"https:\/\/symbiosenormandie.fr\/index.php\/wp-json\/wp\/v2\/media?parent=464"}],"wp:term":[{"taxonomy":"product_brand","embeddable":true,"href":"https:\/\/symbiosenormandie.fr\/index.php\/wp-json\/wp\/v2\/product_brand?post=464"},{"taxonomy":"product_cat","embeddable":true,"href":"https:\/\/symbiosenormandie.fr\/index.php\/wp-json\/wp\/v2\/product_cat?post=464"},{"taxonomy":"product_tag","embeddable":true,"href":"https:\/\/symbiosenormandie.fr\/index.php\/wp-json\/wp\/v2\/product_tag?post=464"}],"curies":[{"name":"wp","href":"https:\/\/api.w.org\/{rel}","templated":true}]}}