{"id":460,"date":"2025-01-13T16:44:04","date_gmt":"2025-01-13T15:44:04","guid":{"rendered":"https:\/\/symbiosenormandie.fr\/?post_type=product&#038;p=460"},"modified":"2025-01-13T16:44:05","modified_gmt":"2025-01-13T15:44:05","slug":"poivrier-du-sichuan","status":"publish","type":"product","link":"https:\/\/symbiosenormandie.fr\/index.php\/produit\/poivrier-du-sichuan\/","title":{"rendered":"Poivrier du Sichuan"},"content":{"rendered":"<p>Nom latin : Zanthoxylum piperitum<\/p>\n<p>Famille botanique : Rutac\u00e9es.<\/p>\n<p>&nbsp;<\/p>\n<p><strong><u>Caract\u00e9ristiques<\/u><\/strong><strong> :<\/strong><\/p>\n<p>Taille et croissance : Jusqu&rsquo;\u00e0 3.50m, croissance rapide.<\/p>\n<p>Port : Etal\u00e9.<\/p>\n<p>Feuillage : Caduc ou semi-persistant.<\/p>\n<p>Rusticit\u00e9 : -15\u00b0C<\/p>\n<p>Consid\u00e9r\u00e9 comme le vrai poivrier du Sichuan, ce grand arbuste caduc apparent\u00e9 aux agrumes, fortement \u00e9pineux, est tr\u00e8s aromatique dans toutes ses parties.<\/p>\n<p>Ce sont ses grappes de petites baies d&rsquo;un rose-rouge r\u00e9colt\u00e9es en octobre que l&rsquo;on utilise comme une \u00e9pice dans la cuisine asiatique traditionnelle. Au jardin, il offre aussi de belles couleurs automnales.<\/p>\n<p>C&rsquo;est une esp\u00e8ce rustique, tol\u00e9rante et vigoureuse, qui s&rsquo;adapte \u00e0 tout sol drain\u00e9.<\/p>\n<p>L&rsquo;arbuste est capable de fructifier d\u00e8s son plus jeune \u00e2ge !<\/p>\n","protected":false},"excerpt":{"rendered":"<p>Nom latin : Zanthoxylum piperitum Famille botanique : Rutac\u00e9es. &nbsp; Caract\u00e9ristiques : Taille et croissance : Jusqu&rsquo;\u00e0 3.50m, croissance rapide. Port : Etal\u00e9. Feuillage : &hellip;<\/p>\n","protected":false},"featured_media":461,"comment_status":"open","ping_status":"closed","template":"","meta":[],"product_brand":[],"product_cat":[37,19,43,23],"product_tag":[],"class_list":{"0":"post-460","1":"product","2":"type-product","3":"status-publish","4":"has-post-thumbnail","6":"product_cat-arbres-fruitiers","7":"product_cat-arbustes","8":"product_cat-comestible","9":"product_cat-plantes-aromatiques","11":"first","12":"instock","13":"shipping-taxable","14":"purchasable","15":"product-type-simple"},"jetpack_sharing_enabled":true,"_links":{"self":[{"href":"https:\/\/symbiosenormandie.fr\/index.php\/wp-json\/wp\/v2\/product\/460","targetHints":{"allow":["GET"]}}],"collection":[{"href":"https:\/\/symbiosenormandie.fr\/index.php\/wp-json\/wp\/v2\/product"}],"about":[{"href":"https:\/\/symbiosenormandie.fr\/index.php\/wp-json\/wp\/v2\/types\/product"}],"replies":[{"embeddable":true,"href":"https:\/\/symbiosenormandie.fr\/index.php\/wp-json\/wp\/v2\/comments?post=460"}],"wp:featuredmedia":[{"embeddable":true,"href":"https:\/\/symbiosenormandie.fr\/index.php\/wp-json\/wp\/v2\/media\/461"}],"wp:attachment":[{"href":"https:\/\/symbiosenormandie.fr\/index.php\/wp-json\/wp\/v2\/media?parent=460"}],"wp:term":[{"taxonomy":"product_brand","embeddable":true,"href":"https:\/\/symbiosenormandie.fr\/index.php\/wp-json\/wp\/v2\/product_brand?post=460"},{"taxonomy":"product_cat","embeddable":true,"href":"https:\/\/symbiosenormandie.fr\/index.php\/wp-json\/wp\/v2\/product_cat?post=460"},{"taxonomy":"product_tag","embeddable":true,"href":"https:\/\/symbiosenormandie.fr\/index.php\/wp-json\/wp\/v2\/product_tag?post=460"}],"curies":[{"name":"wp","href":"https:\/\/api.w.org\/{rel}","templated":true}]}}