{"id":407,"date":"2024-10-17T09:11:49","date_gmt":"2024-10-17T07:11:49","guid":{"rendered":"https:\/\/symbiosenormandie.fr\/?post_type=product&#038;p=407"},"modified":"2024-10-18T09:35:58","modified_gmt":"2024-10-18T07:35:58","slug":"chevrefeuille-de-lhimalaya","status":"publish","type":"product","link":"https:\/\/symbiosenormandie.fr\/index.php\/produit\/chevrefeuille-de-lhimalaya\/","title":{"rendered":"Ch\u00e8vrefeuille de l&rsquo;Himalaya"},"content":{"rendered":"<p><strong><u>Pr\u00e9sentation<\/u><\/strong><strong> :<\/strong><\/p>\n<p>Nom latin : Leycesteria formosa.<\/p>\n<p>Autre nom commun : Arbres aux faisans.<\/p>\n<p>Famille botanique : Caprifoliac\u00e9es.<\/p>\n<p>&nbsp;<\/p>\n<p><strong><u>Caract\u00e9ristiques<\/u><\/strong><strong> :<\/strong><\/p>\n<p>Taille et croissance : Jusqu&rsquo;\u00e0 2,5m, croissance rapide.<\/p>\n<p>Port : Buissonnant.<\/p>\n<p>Feuillage : Caduc ou semi-persistant.<\/p>\n<p>Floraison : De juin \u00e0 septembre.<\/p>\n<p>&nbsp;<\/p>\n<p><strong><u>Utilisation(s)\/int\u00e9r\u00eat(s)<\/u><\/strong><strong> :<\/strong><\/p>\n<p>-Mellif\u00e8re.<\/p>\n<p>-Fruits comestibles (go\u00fbt de caramel br\u00fbl\u00e9), surtout int\u00e9ressant pour les poules.<\/p>\n<p>&nbsp;<\/p>\n<p><strong><u>Conditions de culture<\/u><\/strong><strong> :<\/strong><\/p>\n<p>Rusticit\u00e9 : Jusqu&rsquo;\u00e0 -15\u00b0C.<\/p>\n<p>Type de sol : Tout type de sol.<\/p>\n<p>Exposition\/vent : Mi-ombre ou soleil, tol\u00e8re le vent fort.<\/p>\n<p>Besoins en eau : Pr\u00e9f\u00e8re les sols humides.<\/p>\n<p>Taille : Peut \u00eatre rec\u00e9p\u00e9 \u00e0 10 cm du sol chaque ann\u00e9e (fleurs et fruits sur les tiges de l&rsquo;ann\u00e9e).<\/p>\n","protected":false},"excerpt":{"rendered":"<p>Pr\u00e9sentation : Nom latin : Leycesteria formosa. Autre nom commun : Arbres aux faisans. Famille botanique : Caprifoliac\u00e9es. &nbsp; Caract\u00e9ristiques : Taille et croissance : &hellip;<\/p>\n","protected":false},"featured_media":408,"comment_status":"open","ping_status":"closed","template":"","meta":[],"product_brand":[],"product_cat":[43,35,40],"product_tag":[],"class_list":{"0":"post-407","1":"product","2":"type-product","3":"status-publish","4":"has-post-thumbnail","6":"product_cat-comestible","7":"product_cat-mellifere","8":"product_cat-ornemental-2","10":"first","11":"instock","12":"shipping-taxable","13":"purchasable","14":"product-type-simple"},"jetpack_sharing_enabled":true,"_links":{"self":[{"href":"https:\/\/symbiosenormandie.fr\/index.php\/wp-json\/wp\/v2\/product\/407","targetHints":{"allow":["GET"]}}],"collection":[{"href":"https:\/\/symbiosenormandie.fr\/index.php\/wp-json\/wp\/v2\/product"}],"about":[{"href":"https:\/\/symbiosenormandie.fr\/index.php\/wp-json\/wp\/v2\/types\/product"}],"replies":[{"embeddable":true,"href":"https:\/\/symbiosenormandie.fr\/index.php\/wp-json\/wp\/v2\/comments?post=407"}],"wp:featuredmedia":[{"embeddable":true,"href":"https:\/\/symbiosenormandie.fr\/index.php\/wp-json\/wp\/v2\/media\/408"}],"wp:attachment":[{"href":"https:\/\/symbiosenormandie.fr\/index.php\/wp-json\/wp\/v2\/media?parent=407"}],"wp:term":[{"taxonomy":"product_brand","embeddable":true,"href":"https:\/\/symbiosenormandie.fr\/index.php\/wp-json\/wp\/v2\/product_brand?post=407"},{"taxonomy":"product_cat","embeddable":true,"href":"https:\/\/symbiosenormandie.fr\/index.php\/wp-json\/wp\/v2\/product_cat?post=407"},{"taxonomy":"product_tag","embeddable":true,"href":"https:\/\/symbiosenormandie.fr\/index.php\/wp-json\/wp\/v2\/product_tag?post=407"}],"curies":[{"name":"wp","href":"https:\/\/api.w.org\/{rel}","templated":true}]}}