{"id":400,"date":"2024-10-17T09:01:18","date_gmt":"2024-10-17T07:01:18","guid":{"rendered":"https:\/\/symbiosenormandie.fr\/?post_type=product&#038;p=400"},"modified":"2024-10-18T09:53:34","modified_gmt":"2024-10-18T07:53:34","slug":"epine-vinette-de-wilson","status":"publish","type":"product","link":"https:\/\/symbiosenormandie.fr\/index.php\/produit\/epine-vinette-de-wilson\/","title":{"rendered":"\u00c9pine-vinette de Wilson"},"content":{"rendered":"<p><strong><u>Pr\u00e9sentation<\/u><\/strong><strong> :<\/strong><\/p>\n<p>Nom latin : Berberis wilsoniae.<\/p>\n<p>Autre nom commun : Berberis de Wilson.<\/p>\n<p>Famille botanique : Berberidac\u00e9es.<\/p>\n<p>&nbsp;<\/p>\n<p><strong><u>Caract\u00e9ristiques<\/u><\/strong><strong> :<\/strong><\/p>\n<p>Taille et croissance : Jusqu&rsquo;\u00e0 1 m\u00e8tre.<\/p>\n<p>Port : Buissonnant.<\/p>\n<p>Feuillage : Persistant.<\/p>\n<p>Floraison : Juin \u00e0 juillet.<\/p>\n<p>&nbsp;<\/p>\n<p><strong><u>Utilisation(s)\/int\u00e9r\u00eat(s)<\/u><\/strong><strong> :<\/strong><\/p>\n<p>-Fruits comestibles.<\/p>\n<p>-Mellif\u00e8re.<\/p>\n<p>&nbsp;<\/p>\n<p><strong><u>Conditions de culture<\/u><\/strong><strong> :<\/strong><\/p>\n<p>Rusticit\u00e9 : jusqu&rsquo;\u00e0 -20\u00b0C.<\/p>\n<p>Type de sol : Tout type de sol m\u00eame argileux lourd.<\/p>\n<p>Exposition\/vent : Mi-ombre ou soleil, tol\u00e8re les vents forts.<\/p>\n<p>Besoins en eau : Tol\u00e8re les sols secs et humides.<\/p>\n<p>Taille : peut se tailler sans probl\u00e8me.<\/p>\n","protected":false},"excerpt":{"rendered":"<p>Pr\u00e9sentation : Nom latin : Berberis wilsoniae. Autre nom commun : Berberis de Wilson. Famille botanique : Berberidac\u00e9es. &nbsp; Caract\u00e9ristiques : Taille et croissance : &hellip;<\/p>\n","protected":false},"featured_media":401,"comment_status":"open","ping_status":"closed","template":"","meta":[],"product_brand":[],"product_cat":[19,43,35,41],"product_tag":[],"class_list":{"0":"post-400","1":"product","2":"type-product","3":"status-publish","4":"has-post-thumbnail","6":"product_cat-arbustes","7":"product_cat-comestible","8":"product_cat-mellifere","9":"product_cat-persistants","11":"first","12":"instock","13":"shipping-taxable","14":"purchasable","15":"product-type-simple"},"jetpack_sharing_enabled":true,"_links":{"self":[{"href":"https:\/\/symbiosenormandie.fr\/index.php\/wp-json\/wp\/v2\/product\/400","targetHints":{"allow":["GET"]}}],"collection":[{"href":"https:\/\/symbiosenormandie.fr\/index.php\/wp-json\/wp\/v2\/product"}],"about":[{"href":"https:\/\/symbiosenormandie.fr\/index.php\/wp-json\/wp\/v2\/types\/product"}],"replies":[{"embeddable":true,"href":"https:\/\/symbiosenormandie.fr\/index.php\/wp-json\/wp\/v2\/comments?post=400"}],"wp:featuredmedia":[{"embeddable":true,"href":"https:\/\/symbiosenormandie.fr\/index.php\/wp-json\/wp\/v2\/media\/401"}],"wp:attachment":[{"href":"https:\/\/symbiosenormandie.fr\/index.php\/wp-json\/wp\/v2\/media?parent=400"}],"wp:term":[{"taxonomy":"product_brand","embeddable":true,"href":"https:\/\/symbiosenormandie.fr\/index.php\/wp-json\/wp\/v2\/product_brand?post=400"},{"taxonomy":"product_cat","embeddable":true,"href":"https:\/\/symbiosenormandie.fr\/index.php\/wp-json\/wp\/v2\/product_cat?post=400"},{"taxonomy":"product_tag","embeddable":true,"href":"https:\/\/symbiosenormandie.fr\/index.php\/wp-json\/wp\/v2\/product_tag?post=400"}],"curies":[{"name":"wp","href":"https:\/\/api.w.org\/{rel}","templated":true}]}}