{"id":397,"date":"2024-10-17T08:56:03","date_gmt":"2024-10-17T06:56:03","guid":{"rendered":"https:\/\/symbiosenormandie.fr\/?post_type=product&#038;p=397"},"modified":"2024-10-18T09:52:42","modified_gmt":"2024-10-18T07:52:42","slug":"coronille-bigarree","status":"publish","type":"product","link":"https:\/\/symbiosenormandie.fr\/index.php\/produit\/coronille-bigarree\/","title":{"rendered":"Coronille bigarr\u00e9e"},"content":{"rendered":"<p><strong><u>Pr\u00e9sentation<\/u><\/strong><strong> :<\/strong><\/p>\n<p>Nom latin : Coronilla varia.<\/p>\n<p>Autre nom commun : Coronille changeante.<\/p>\n<p>Famille botanique : Fabac\u00e9e.<\/p>\n<p>&nbsp;<\/p>\n<p><strong><u>Caract\u00e9ristiques<\/u><\/strong><strong> :<\/strong><\/p>\n<p>Taille et croissance : 0,5 m\u00e8tre, croissance rapide.<\/p>\n<p>Port : Plante herbac\u00e9e, \u00e9tal\u00e9e ou horizontale.<\/p>\n<p>Feuillage : Semi-persistant, feuilles compos\u00e9es.<\/p>\n<p>Floraison : Possible de juin \u00e0 octobre, fleurs blanches et roses.<\/p>\n<p>&nbsp;<\/p>\n<p><strong><u>Utilisation(s)\/int\u00e9r\u00eat(s)<\/u><\/strong><strong> :<\/strong><\/p>\n<p>-Mellif\u00e8re.<\/p>\n<p>-Fixateur d&rsquo;azote.<\/p>\n<p>-Bon couvre-sol, stabilisateur de berges et pentes ensoleill\u00e9es.<\/p>\n<p>&nbsp;<\/p>\n<p><strong><u>Conditions de culture<\/u><\/strong><strong> :<\/strong><\/p>\n<p>Rusticit\u00e9 : Tr\u00e8s rustique jusqu&rsquo;\u00e0 -30\u00b0C.<\/p>\n<p>Type de sol : Tout type de sol, m\u00eame pauvre, tout PH.<\/p>\n<p>Exposition\/vent : Plein soleil, tol\u00e8re une exposition maritime.<\/p>\n<p>Besoins en eau : Tol\u00e8re les sols secs ou drain\u00e9s.<\/p>\n<p>Taille : Pas de taille.<\/p>\n","protected":false},"excerpt":{"rendered":"<p>Pr\u00e9sentation : Nom latin : Coronilla varia. Autre nom commun : Coronille changeante. Famille botanique : Fabac\u00e9e. &nbsp; Caract\u00e9ristiques : Taille et croissance : 0,5 &hellip;<\/p>\n","protected":false},"featured_media":398,"comment_status":"open","ping_status":"closed","template":"","meta":[],"product_brand":[],"product_cat":[33,35,40],"product_tag":[],"class_list":{"0":"post-397","1":"product","2":"type-product","3":"status-publish","4":"has-post-thumbnail","6":"product_cat-fixateur-dazote","7":"product_cat-mellifere","8":"product_cat-ornemental-2","10":"first","11":"instock","12":"shipping-taxable","13":"purchasable","14":"product-type-simple"},"jetpack_sharing_enabled":true,"_links":{"self":[{"href":"https:\/\/symbiosenormandie.fr\/index.php\/wp-json\/wp\/v2\/product\/397","targetHints":{"allow":["GET"]}}],"collection":[{"href":"https:\/\/symbiosenormandie.fr\/index.php\/wp-json\/wp\/v2\/product"}],"about":[{"href":"https:\/\/symbiosenormandie.fr\/index.php\/wp-json\/wp\/v2\/types\/product"}],"replies":[{"embeddable":true,"href":"https:\/\/symbiosenormandie.fr\/index.php\/wp-json\/wp\/v2\/comments?post=397"}],"wp:featuredmedia":[{"embeddable":true,"href":"https:\/\/symbiosenormandie.fr\/index.php\/wp-json\/wp\/v2\/media\/398"}],"wp:attachment":[{"href":"https:\/\/symbiosenormandie.fr\/index.php\/wp-json\/wp\/v2\/media?parent=397"}],"wp:term":[{"taxonomy":"product_brand","embeddable":true,"href":"https:\/\/symbiosenormandie.fr\/index.php\/wp-json\/wp\/v2\/product_brand?post=397"},{"taxonomy":"product_cat","embeddable":true,"href":"https:\/\/symbiosenormandie.fr\/index.php\/wp-json\/wp\/v2\/product_cat?post=397"},{"taxonomy":"product_tag","embeddable":true,"href":"https:\/\/symbiosenormandie.fr\/index.php\/wp-json\/wp\/v2\/product_tag?post=397"}],"curies":[{"name":"wp","href":"https:\/\/api.w.org\/{rel}","templated":true}]}}