{"id":385,"date":"2024-10-14T14:10:43","date_gmt":"2024-10-14T12:10:43","guid":{"rendered":"https:\/\/symbiosenormandie.fr\/?post_type=product&#038;p=385"},"modified":"2024-10-18T09:45:11","modified_gmt":"2024-10-18T07:45:11","slug":"larbre-aux-anemones","status":"publish","type":"product","link":"https:\/\/symbiosenormandie.fr\/index.php\/produit\/larbre-aux-anemones\/","title":{"rendered":"L&rsquo;Arbre aux an\u00e9mones"},"content":{"rendered":"<p class=\"Standard\"><b><u><span style=\"font-size: 10.0pt;\">Pr\u00e9sentation<\/span><\/u><\/b><b><span style=\"font-size: 10.0pt;\">\u00a0:<\/span><\/b><\/p>\n<p class=\"Standard\"><b><span style=\"font-size: 14.0pt;\">\u00a0<\/span><\/b><span style=\"font-size: 10.0pt;\">Nom latin\u00a0: Calycanthus Floridus.<\/span><\/p>\n<p class=\"Standard\"><span style=\"font-size: 10.0pt;\">\u00a0<\/span><span style=\"font-size: 10.0pt;\">Autre nom commun\u00a0: Calycanthe de Floride, arbre pompadour.<\/span><\/p>\n<p class=\"Standard\"><span style=\"font-size: 10.0pt;\">\u00a0<\/span><span style=\"font-size: 10.0pt;\">Famille botanique\u00a0: Calycanthaceae.<\/span><\/p>\n<p class=\"Standard\"><span style=\"font-size: 10.0pt;\">\u00a0<\/span><span style=\"font-size: 10.0pt;\">\u00a0<\/span><\/p>\n<p class=\"Standard\"><b><u><span style=\"font-size: 10.0pt;\">Caract\u00e9ristiques<\/span><\/u><\/b><b><span style=\"font-size: 10.0pt;\">\u00a0:<\/span><\/b><\/p>\n<p class=\"Standard\"><span style=\"font-size: 10.0pt;\">\u00a0<\/span><span style=\"font-size: 10.0pt;\">Taille et croissance\u00a0: Jusqu\u2019\u00e0 2 m\u00e8tres, croissance normale.<\/span><\/p>\n<p class=\"Standard\"><span style=\"font-size: 10.0pt;\">\u00a0<\/span><span style=\"font-size: 10.0pt;\">Port\u00a0: Buissonnant.<\/span><\/p>\n<p class=\"Standard\"><span style=\"font-size: 10.0pt;\">\u00a0<\/span><span style=\"font-size: 10.0pt;\">Feuillage\u00a0: Caduc.<\/span><\/p>\n<p class=\"Standard\"><span style=\"font-size: 10.0pt;\">\u00a0<\/span><span style=\"font-size: 10.0pt;\">Floraison\u00a0: Mai-juin.<\/span><\/p>\n<p class=\"Standard\"><span style=\"font-size: 10.0pt;\">\u00a0<\/span><\/p>\n<p class=\"Standard\"><span style=\"font-size: 10.0pt;\">\u00a0<\/span><b><u><span style=\"font-size: 10.0pt;\">Utilisation(s)\/int\u00e9r\u00eat(s)<\/span><\/u><\/b><b><span style=\"font-size: 10.0pt;\">\u00a0:<\/span><\/b><\/p>\n<p class=\"Standard\"><span style=\"font-size: 10.0pt;\">\u00a0<\/span><span style=\"font-size: 10.0pt;\">-Mellif\u00e8re.<\/span><\/p>\n<p class=\"Standard\"><span style=\"font-size: 10.0pt;\">\u00a0<\/span><span style=\"font-size: 10.0pt;\">-Parfum des fleurs (rappelle fraise, mangue, ananas)<\/span><\/p>\n<p class=\"Standard\"><span style=\"font-size: 10.0pt;\">\u00a0<\/span><span style=\"font-size: 10.0pt;\">-Ornemental<\/span><\/p>\n<p class=\"Standard\"><span style=\"font-size: 10.0pt;\">\u00a0<\/span><\/p>\n<p class=\"Standard\"><b><u><span style=\"font-size: 10.0pt;\">Conditions de culture<\/span><\/u><\/b><b><span style=\"font-size: 10.0pt;\">\u00a0:<\/span><\/b><\/p>\n<p class=\"Standard\"><span style=\"font-size: 10.0pt;\">\u00a0<\/span><span style=\"font-size: 10.0pt;\">Rusticit\u00e9\u00a0: Jusqu\u2019\u00e0 -23,5\u00b0C.<\/span><\/p>\n<p class=\"Standard\"><span style=\"font-size: 10.0pt;\">\u00a0<\/span><span style=\"font-size: 10.0pt;\">Type de sol\u00a0: Sol frais, bien drain\u00e9 et assez riche. Pas trop calcaire.<\/span><\/p>\n<p class=\"Standard\"><span style=\"font-size: 10.0pt;\">\u00a0<\/span><span style=\"font-size: 10.0pt;\">Exposition\/vent\u00a0: Soleil \u00e0 mi-ombre.<\/span><\/p>\n<p class=\"Standard\"><span style=\"font-size: 10.0pt;\">\u00a0<\/span><span style=\"font-size: 10.0pt;\">Besoins en eau\u00a0: Pr\u00e9f\u00e8re les sols l\u00e9g\u00e8rement humides, craint la s\u00e9cheresse.<\/span><\/p>\n<p class=\"Standard\"><span style=\"font-size: 10.0pt;\">\u00a0<\/span><span style=\"font-size: 10.0pt;\">Taille\u00a0: Ne n\u00e9cessite pas d\u2019entretien, mais supporte bien la taille si n\u00e9cessaire<\/span><\/p>\n","protected":false},"excerpt":{"rendered":"<p>Pr\u00e9sentation\u00a0: \u00a0Nom latin\u00a0: Calycanthus Floridus. \u00a0Autre nom commun\u00a0: Calycanthe de Floride, arbre pompadour. \u00a0Famille botanique\u00a0: Calycanthaceae. \u00a0\u00a0 Caract\u00e9ristiques\u00a0: \u00a0Taille et croissance\u00a0: Jusqu\u2019\u00e0 2 m\u00e8tres, croissance &hellip;<\/p>\n","protected":false},"featured_media":387,"comment_status":"open","ping_status":"closed","template":"","meta":[],"product_brand":[],"product_cat":[19,35,40],"product_tag":[],"class_list":{"0":"post-385","1":"product","2":"type-product","3":"status-publish","4":"has-post-thumbnail","6":"product_cat-arbustes","7":"product_cat-mellifere","8":"product_cat-ornemental-2","10":"first","11":"instock","12":"shipping-taxable","13":"purchasable","14":"product-type-simple"},"jetpack_sharing_enabled":true,"_links":{"self":[{"href":"https:\/\/symbiosenormandie.fr\/index.php\/wp-json\/wp\/v2\/product\/385","targetHints":{"allow":["GET"]}}],"collection":[{"href":"https:\/\/symbiosenormandie.fr\/index.php\/wp-json\/wp\/v2\/product"}],"about":[{"href":"https:\/\/symbiosenormandie.fr\/index.php\/wp-json\/wp\/v2\/types\/product"}],"replies":[{"embeddable":true,"href":"https:\/\/symbiosenormandie.fr\/index.php\/wp-json\/wp\/v2\/comments?post=385"}],"wp:featuredmedia":[{"embeddable":true,"href":"https:\/\/symbiosenormandie.fr\/index.php\/wp-json\/wp\/v2\/media\/387"}],"wp:attachment":[{"href":"https:\/\/symbiosenormandie.fr\/index.php\/wp-json\/wp\/v2\/media?parent=385"}],"wp:term":[{"taxonomy":"product_brand","embeddable":true,"href":"https:\/\/symbiosenormandie.fr\/index.php\/wp-json\/wp\/v2\/product_brand?post=385"},{"taxonomy":"product_cat","embeddable":true,"href":"https:\/\/symbiosenormandie.fr\/index.php\/wp-json\/wp\/v2\/product_cat?post=385"},{"taxonomy":"product_tag","embeddable":true,"href":"https:\/\/symbiosenormandie.fr\/index.php\/wp-json\/wp\/v2\/product_tag?post=385"}],"curies":[{"name":"wp","href":"https:\/\/api.w.org\/{rel}","templated":true}]}}