{"id":381,"date":"2024-10-14T14:08:22","date_gmt":"2024-10-14T12:08:22","guid":{"rendered":"https:\/\/symbiosenormandie.fr\/?post_type=product&#038;p=381"},"modified":"2024-10-18T09:48:57","modified_gmt":"2024-10-18T07:48:57","slug":"murier-noir","status":"publish","type":"product","link":"https:\/\/symbiosenormandie.fr\/index.php\/produit\/murier-noir\/","title":{"rendered":"M\u00fbrier noir"},"content":{"rendered":"<p>&nbsp;<\/p>\n<p><strong><u>Pr\u00e9sentation<\/u><\/strong><strong> :<\/strong><\/p>\n<p>Nom latin : Morus nigra<\/p>\n<p>Nom commun : M\u00fbrier noir<\/p>\n<p>Famille botanique : Moraceae<\/p>\n<p>&nbsp;<\/p>\n<p><strong><u>Caract\u00e9ristiques<\/u><\/strong><strong> :<\/strong><\/p>\n<p>Taille et croissance : 10 \u00e0 15m, croissance lente<\/p>\n<p>Port : \u00c9tal\u00e9<\/p>\n<p>Feuillage : Caduc, grandes feuilles cordiformes ou lob\u00e9es<\/p>\n<p>Floraison : En mai-juin, discr\u00e8tes fleurs vertes et blanches<\/p>\n<p>&nbsp;<\/p>\n<p><strong><u>\u00a0Utilisation(s)\/int\u00e9r\u00eat(s)<\/u><\/strong><strong> :<\/strong><\/p>\n<p>-Parties comestibles : les fruits violets ou noirs, sont des m\u00fbres de forme allong\u00e9e. Ils sont sucr\u00e9s et l\u00e9g\u00e8rement acidul\u00e9s, arrivent \u00e0 maturit\u00e9 \u00e0 partir de la mi-ao\u00fbt et en septembre, et se consomment crus, cuits, s\u00e9ch\u00e9s ou transform\u00e9s.<\/p>\n<p>-Fourrager<\/p>\n<p>&nbsp;<\/p>\n<p><strong><u>Conditions de culture<\/u><\/strong><strong> :<\/strong><\/p>\n<p>Rusticit\u00e9 : -20\u00b0C<\/p>\n<p>Type de sol : tous types de sols<\/p>\n<p>Exposition\/vent : ensoleill\u00e9e ou mi-ombre, assez r\u00e9sistant au vent<\/p>\n<p>Besoins en eau : assez tol\u00e9rant \u00e0 la s\u00e9cheresse une fois install\u00e9<\/p>\n<p>Taille : peut \u00eatre conduit en trogne<\/p>\n","protected":false},"excerpt":{"rendered":"<p>&nbsp; Pr\u00e9sentation : Nom latin : Morus nigra Nom commun : M\u00fbrier noir Famille botanique : Moraceae &nbsp; Caract\u00e9ristiques : Taille et croissance : 10 &hellip;<\/p>\n","protected":false},"featured_media":382,"comment_status":"open","ping_status":"closed","template":"","meta":[],"product_brand":[],"product_cat":[37,35],"product_tag":[],"class_list":{"0":"post-381","1":"product","2":"type-product","3":"status-publish","4":"has-post-thumbnail","6":"product_cat-arbres-fruitiers","7":"product_cat-mellifere","9":"first","10":"instock","11":"shipping-taxable","12":"purchasable","13":"product-type-simple"},"jetpack_sharing_enabled":true,"_links":{"self":[{"href":"https:\/\/symbiosenormandie.fr\/index.php\/wp-json\/wp\/v2\/product\/381","targetHints":{"allow":["GET"]}}],"collection":[{"href":"https:\/\/symbiosenormandie.fr\/index.php\/wp-json\/wp\/v2\/product"}],"about":[{"href":"https:\/\/symbiosenormandie.fr\/index.php\/wp-json\/wp\/v2\/types\/product"}],"replies":[{"embeddable":true,"href":"https:\/\/symbiosenormandie.fr\/index.php\/wp-json\/wp\/v2\/comments?post=381"}],"wp:featuredmedia":[{"embeddable":true,"href":"https:\/\/symbiosenormandie.fr\/index.php\/wp-json\/wp\/v2\/media\/382"}],"wp:attachment":[{"href":"https:\/\/symbiosenormandie.fr\/index.php\/wp-json\/wp\/v2\/media?parent=381"}],"wp:term":[{"taxonomy":"product_brand","embeddable":true,"href":"https:\/\/symbiosenormandie.fr\/index.php\/wp-json\/wp\/v2\/product_brand?post=381"},{"taxonomy":"product_cat","embeddable":true,"href":"https:\/\/symbiosenormandie.fr\/index.php\/wp-json\/wp\/v2\/product_cat?post=381"},{"taxonomy":"product_tag","embeddable":true,"href":"https:\/\/symbiosenormandie.fr\/index.php\/wp-json\/wp\/v2\/product_tag?post=381"}],"curies":[{"name":"wp","href":"https:\/\/api.w.org\/{rel}","templated":true}]}}