{"id":377,"date":"2024-10-14T14:02:49","date_gmt":"2024-10-14T12:02:49","guid":{"rendered":"https:\/\/symbiosenormandie.fr\/?post_type=product&#038;p=377"},"modified":"2024-10-18T09:05:18","modified_gmt":"2024-10-18T07:05:18","slug":"robinier-faux-acacia","status":"publish","type":"product","link":"https:\/\/symbiosenormandie.fr\/index.php\/produit\/robinier-faux-acacia\/","title":{"rendered":"Robinier faux-acacia"},"content":{"rendered":"<p>&nbsp;<\/p>\n<p class=\"Standard\"><b><u><span style=\"font-size: 10.0pt;\">Pr\u00e9sentation<\/span><\/u><\/b><b><span style=\"font-size: 10.0pt;\"> :<\/span><\/b><\/p>\n<p class=\"Standard\"><span style=\"font-size: 10.0pt;\">\u00a0<\/span><span style=\"font-size: 10.0pt;\">Nom latin : Robinia pseudoacacia.<\/span><\/p>\n<p class=\"Standard\"><span style=\"font-size: 10.0pt;\">\u00a0<\/span><span style=\"font-size: 10.0pt;\">Famille botanique : Fabaceae.<\/span><\/p>\n<p class=\"Standard\"><span style=\"font-size: 10.0pt;\">\u00a0<\/span><span style=\"font-size: 10.0pt;\">Autre nom commun : Faux-acacia, Robinier ou Carouge.<\/span><\/p>\n<p class=\"Standard\"><span style=\"font-size: 10.0pt;\">\u00a0<\/span><\/p>\n<p class=\"Standard\"><b><u><span style=\"font-size: 10.0pt;\">Caract\u00e9ristiques<\/span><\/u><\/b><b><span style=\"font-size: 10.0pt;\"> :<\/span><\/b><\/p>\n<p class=\"Standard\"><span style=\"font-size: 10.0pt;\">\u00a0<\/span><span style=\"font-size: 10.0pt;\">Taille et croissance : Jusqu\u2019\u00e0 15 m\u00e8tres, croissance rapide.<\/span><\/p>\n<p class=\"Standard\"><span style=\"font-size: 10.0pt;\">\u00a0<\/span><span style=\"font-size: 10.0pt;\">Port : Etal\u00e9<\/span><\/p>\n<p class=\"Standard\"><span style=\"font-size: 10.0pt;\">\u00a0<\/span><span style=\"font-size: 10.0pt;\">Feuillage : Caduc.<\/span><\/p>\n<p class=\"Standard\"><span style=\"font-size: 10.0pt;\">\u00a0<\/span><span style=\"font-size: 10.0pt;\">Floraison : Mai-juin.<\/span><\/p>\n<p class=\"Standard\"><b><u><span style=\"font-size: 10.0pt;\"><span style=\"text-decoration: none;\">\u00a0<\/span><\/span><\/u><\/b><\/p>\n<p class=\"Standard\"><b><u><span style=\"font-size: 10.0pt;\">Utilisation(s)\/int\u00e9r\u00eat(s)<\/span><\/u><\/b><b><span style=\"font-size: 10.0pt;\"> :<\/span><\/b><\/p>\n<p class=\"Standard\"><span style=\"font-size: 10.0pt;\">\u00a0<\/span><span style=\"font-size: 10.0pt;\">-Mellif\u00e8re. (Fleurs \u00e0 l\u2019odeur d\u2019oranger)<\/span><\/p>\n<p class=\"Standard\"><span style=\"font-size: 10.0pt;\">-Ornemental<\/span><\/p>\n<p class=\"Standard\"><span style=\"font-size: 10.0pt;\">-Haies d\u00e9fensives (\u00e9pineux)<\/span><\/p>\n<p class=\"Standard\"><span style=\"font-size: 10.0pt;\">\u00a0<\/span><\/p>\n<p class=\"Standard\"><b><u><span style=\"font-size: 10.0pt;\"><span style=\"text-decoration: none;\">\u00a0<\/span><\/span><\/u><\/b><b><u><span style=\"font-size: 10.0pt;\">Conditions de culture<\/span><\/u><\/b><b><span style=\"font-size: 10.0pt;\"> :<\/span><\/b><\/p>\n<p class=\"Standard\"><span style=\"font-size: 10.0pt;\">\u00a0<\/span><span style=\"font-size: 10.0pt;\">Rusticit\u00e9 : Jusqu\u2019\u00e0 -29\u00b0C.<\/span><\/p>\n<p class=\"Standard\"><span style=\"font-size: 10.0pt;\">\u00a0<\/span><span style=\"font-size: 10.0pt;\">Type de sol : Tous types de sol.<\/span><\/p>\n<p class=\"Standard\"><span style=\"font-size: 10.0pt;\">\u00a0<\/span><span style=\"font-size: 10.0pt;\">Exposition\/vent : Grande facilit\u00e9 de culture en tout sol et sous presque tous nos climats, en dehors des r\u00e9gions trop vent\u00e9es car son bois est cassant.<\/span><\/p>\n<p class=\"Standard\"><span style=\"font-size: 10.0pt;\">\u00a0<\/span><span style=\"font-size: 10.0pt;\">Besoins en eau : Limit\u00e9.<\/span><\/p>\n<p class=\"Standard\"><span style=\"font-size: 10.0pt;\">\u00a0<\/span><span style=\"font-size: 10.0pt;\">Taille : Plante drageonnante voire envahissante si on la laisse s\u2019\u00e9taler. Il faut juste \u00e9liminer les rejets tous les ans.<\/span><\/p>\n","protected":false},"excerpt":{"rendered":"<p>&nbsp; Pr\u00e9sentation : \u00a0Nom latin : Robinia pseudoacacia. \u00a0Famille botanique : Fabaceae. \u00a0Autre nom commun : Faux-acacia, Robinier ou Carouge. \u00a0 Caract\u00e9ristiques : \u00a0Taille et &hellip;<\/p>\n","protected":false},"featured_media":378,"comment_status":"open","ping_status":"closed","template":"","meta":[],"product_brand":[],"product_cat":[20,33,35,40],"product_tag":[],"class_list":{"0":"post-377","1":"product","2":"type-product","3":"status-publish","4":"has-post-thumbnail","6":"product_cat-arbres","7":"product_cat-fixateur-dazote","8":"product_cat-mellifere","9":"product_cat-ornemental-2","11":"first","12":"instock","13":"shipping-taxable","14":"purchasable","15":"product-type-simple"},"jetpack_sharing_enabled":true,"_links":{"self":[{"href":"https:\/\/symbiosenormandie.fr\/index.php\/wp-json\/wp\/v2\/product\/377","targetHints":{"allow":["GET"]}}],"collection":[{"href":"https:\/\/symbiosenormandie.fr\/index.php\/wp-json\/wp\/v2\/product"}],"about":[{"href":"https:\/\/symbiosenormandie.fr\/index.php\/wp-json\/wp\/v2\/types\/product"}],"replies":[{"embeddable":true,"href":"https:\/\/symbiosenormandie.fr\/index.php\/wp-json\/wp\/v2\/comments?post=377"}],"wp:featuredmedia":[{"embeddable":true,"href":"https:\/\/symbiosenormandie.fr\/index.php\/wp-json\/wp\/v2\/media\/378"}],"wp:attachment":[{"href":"https:\/\/symbiosenormandie.fr\/index.php\/wp-json\/wp\/v2\/media?parent=377"}],"wp:term":[{"taxonomy":"product_brand","embeddable":true,"href":"https:\/\/symbiosenormandie.fr\/index.php\/wp-json\/wp\/v2\/product_brand?post=377"},{"taxonomy":"product_cat","embeddable":true,"href":"https:\/\/symbiosenormandie.fr\/index.php\/wp-json\/wp\/v2\/product_cat?post=377"},{"taxonomy":"product_tag","embeddable":true,"href":"https:\/\/symbiosenormandie.fr\/index.php\/wp-json\/wp\/v2\/product_tag?post=377"}],"curies":[{"name":"wp","href":"https:\/\/api.w.org\/{rel}","templated":true}]}}