{"id":374,"date":"2024-10-14T13:59:56","date_gmt":"2024-10-14T11:59:56","guid":{"rendered":"https:\/\/symbiosenormandie.fr\/?post_type=product&#038;p=374"},"modified":"2024-10-18T09:54:39","modified_gmt":"2024-10-18T07:54:39","slug":"amorphe-buissonnante","status":"publish","type":"product","link":"https:\/\/symbiosenormandie.fr\/index.php\/produit\/amorphe-buissonnante\/","title":{"rendered":"Amorphe Buissonnante"},"content":{"rendered":"<p class=\"Standard\"><b><u><span style=\"font-size: 10.0pt;\">Pr\u00e9sentation<\/span><\/u><\/b><b><span style=\"font-size: 10.0pt;\">\u00a0<u>:<\/u><\/span><\/b><\/p>\n<p class=\"Standard\"><span style=\"font-size: 10.0pt;\">\u00a0<\/span><span style=\"font-size: 10.0pt;\">Nom latin\u00a0: Amorpha fruticosa.<\/span><\/p>\n<p class=\"Standard\"><span style=\"font-size: 10.0pt;\">\u00a0<\/span><span style=\"font-size: 10.0pt;\">Autres noms communs\u00a0: Faux indigo du d\u00e9sert, Indigo du bush.<\/span><\/p>\n<p class=\"Standard\"><span style=\"font-size: 10.0pt;\">\u00a0<\/span><span style=\"font-size: 10.0pt;\">Famille botanique\u00a0: Fabaceae.<\/span><\/p>\n<p class=\"Standard\"><span style=\"font-size: 10.0pt;\">\u00a0<\/span><\/p>\n<p class=\"Standard\"><b><u><span style=\"font-size: 10.0pt;\">Caract\u00e9ristiques<\/span><\/u><\/b><b><span style=\"font-size: 10.0pt;\">\u00a0:<\/span><\/b><\/p>\n<p class=\"Standard\"><span style=\"font-size: 10.0pt;\">\u00a0<\/span><span style=\"font-size: 10.0pt;\">Taille et croissance\u00a0: 4 \u00e0 5 m\u00e8tres, croissance moyenne.<\/span><\/p>\n<p class=\"Standard\"><span style=\"font-size: 10.0pt;\">\u00a0<\/span><span style=\"font-size: 10.0pt;\">Port\u00a0:\u00a0Buissonnant.<\/span><\/p>\n<p class=\"Standard\"><span style=\"font-size: 10.0pt;\">\u00a0<\/span><span style=\"font-size: 10.0pt;\">Feuillage\u00a0:\u00a0Caduc, feuilles compos\u00e9es.<\/span><\/p>\n<p class=\"Standard\"><span style=\"font-size: 10.0pt;\">\u00a0<\/span><span style=\"font-size: 10.0pt;\">Floraison\u00a0:\u00a0En mai-juin, fleurs en grands \u00e9pis dress\u00e9s de couleur violette, parfum\u00e9es.<\/span><\/p>\n<p class=\"Standard\"><span style=\"font-size: 10.0pt;\">\u00a0<\/span><\/p>\n<p class=\"Standard\"><b><u><span style=\"font-size: 10.0pt;\">Utilisation(s)\/int\u00e9r\u00eat(s)<\/span><\/u><\/b><b><span style=\"font-size: 10.0pt;\">\u00a0:<\/span><\/b><\/p>\n<p class=\"Standard\"><span style=\"font-size: 10.0pt;\">-Tr\u00e8s mellif\u00e8re.<\/span><\/p>\n<p class=\"Standard\"><span style=\"font-size: 10.0pt;\">\u00a0<\/span><span style=\"font-size: 10.0pt;\">-Fixateur d\u2019azote.<\/span><\/p>\n<p class=\"Standard\"><span style=\"font-size: 10.0pt;\">\u00a0<\/span><span style=\"font-size: 10.0pt;\">-Fourrager.<\/span><\/p>\n<p class=\"Standard\"><span style=\"font-size: 10.0pt;\">\u00a0<\/span><span style=\"font-size: 10.0pt;\">-Peut \u00eatre utilis\u00e9 en haie ou haie brise-vent.<\/span><\/p>\n<p class=\"Standard\"><span style=\"font-size: 10.0pt;\">\u00a0<\/span><\/p>\n<p class=\"Standard\"><b><u><span style=\"font-size: 10.0pt;\">Conditions de culture<\/span><\/u><\/b><b><span style=\"font-size: 10.0pt;\">\u00a0:<u> <\/u><\/span><\/b><\/p>\n<p class=\"Standard\"><span style=\"font-size: 10.0pt;\">\u00a0<\/span><span style=\"font-size: 10.0pt;\">Rusticit\u00e9\u00a0: -25\u00b0C.<\/span><\/p>\n<p class=\"Standard\"><span style=\"font-size: 10.0pt;\">\u00a0<\/span><span style=\"font-size: 10.0pt;\">Type de sol\u00a0:\u00a0Pr\u00e9f\u00e8re un sol sableux bien drain\u00e9, mais peut s\u2019adapter \u00e0 tous types de sols.<\/span><\/p>\n<p class=\"Standard\"><span style=\"font-size: 10.0pt;\">\u00a0<\/span><span style=\"font-size: 10.0pt;\">Exposition\/vent\u00a0:\u00a0Soleil ou mi-ombre, r\u00e9sistant au vent.<\/span><\/p>\n<p class=\"Standard\"><span style=\"font-size: 10.0pt;\">\u00a0<\/span><span style=\"font-size: 10.0pt;\">Besoins en eau\u00a0:\u00a0Supporte la s\u00e9cheresse.<\/span><\/p>\n<p class=\"Standard\"><span style=\"font-size: 10.0pt;\">\u00a0<\/span><span style=\"font-size: 10.0pt;\">Taille\u00a0:\u00a0Tailler les drageons pour \u00e9viter sa propagation.<\/span><span style=\"font-size: 10.0pt;\">\u00a0<\/span><\/p>\n","protected":false},"excerpt":{"rendered":"<p>Pr\u00e9sentation\u00a0: \u00a0Nom latin\u00a0: Amorpha fruticosa. \u00a0Autres noms communs\u00a0: Faux indigo du d\u00e9sert, Indigo du bush. \u00a0Famille botanique\u00a0: Fabaceae. \u00a0 Caract\u00e9ristiques\u00a0: \u00a0Taille et croissance\u00a0: 4 \u00e0 &hellip;<\/p>\n","protected":false},"featured_media":375,"comment_status":"open","ping_status":"closed","template":"","meta":[],"product_brand":[],"product_cat":[19,33,35,40],"product_tag":[],"class_list":{"0":"post-374","1":"product","2":"type-product","3":"status-publish","4":"has-post-thumbnail","6":"product_cat-arbustes","7":"product_cat-fixateur-dazote","8":"product_cat-mellifere","9":"product_cat-ornemental-2","11":"first","12":"instock","13":"shipping-taxable","14":"purchasable","15":"product-type-simple"},"jetpack_sharing_enabled":true,"_links":{"self":[{"href":"https:\/\/symbiosenormandie.fr\/index.php\/wp-json\/wp\/v2\/product\/374","targetHints":{"allow":["GET"]}}],"collection":[{"href":"https:\/\/symbiosenormandie.fr\/index.php\/wp-json\/wp\/v2\/product"}],"about":[{"href":"https:\/\/symbiosenormandie.fr\/index.php\/wp-json\/wp\/v2\/types\/product"}],"replies":[{"embeddable":true,"href":"https:\/\/symbiosenormandie.fr\/index.php\/wp-json\/wp\/v2\/comments?post=374"}],"wp:featuredmedia":[{"embeddable":true,"href":"https:\/\/symbiosenormandie.fr\/index.php\/wp-json\/wp\/v2\/media\/375"}],"wp:attachment":[{"href":"https:\/\/symbiosenormandie.fr\/index.php\/wp-json\/wp\/v2\/media?parent=374"}],"wp:term":[{"taxonomy":"product_brand","embeddable":true,"href":"https:\/\/symbiosenormandie.fr\/index.php\/wp-json\/wp\/v2\/product_brand?post=374"},{"taxonomy":"product_cat","embeddable":true,"href":"https:\/\/symbiosenormandie.fr\/index.php\/wp-json\/wp\/v2\/product_cat?post=374"},{"taxonomy":"product_tag","embeddable":true,"href":"https:\/\/symbiosenormandie.fr\/index.php\/wp-json\/wp\/v2\/product_tag?post=374"}],"curies":[{"name":"wp","href":"https:\/\/api.w.org\/{rel}","templated":true}]}}