{"id":368,"date":"2024-10-14T13:54:32","date_gmt":"2024-10-14T11:54:32","guid":{"rendered":"https:\/\/symbiosenormandie.fr\/?post_type=product&#038;p=368"},"modified":"2024-10-18T09:29:33","modified_gmt":"2024-10-18T07:29:33","slug":"coronille-des-jardins","status":"publish","type":"product","link":"https:\/\/symbiosenormandie.fr\/index.php\/produit\/coronille-des-jardins\/","title":{"rendered":"Coronille des jardins"},"content":{"rendered":"<p>&nbsp;<\/p>\n<p><strong><u>Pr\u00e9sentation<\/u><\/strong><strong> :<\/strong><\/p>\n<p>Nom latin : Coronilla emerus.<\/p>\n<p>Autres noms communs : Faux baguenaudier, Faux S\u00e9n\u00e9.<\/p>\n<p>Famille botanique : Fabac\u00e9es.<\/p>\n<p>&nbsp;<\/p>\n<p><strong><u>Caract\u00e9ristiques<\/u><\/strong><strong> :<\/strong><\/p>\n<p>Taille et croissance : 2 \u00e0 2,5 m, croissance moyenne.<\/p>\n<p>Port : Buissonnant, compact.<\/p>\n<p>Feuillage : Caduc, feuilles compos\u00e9es.<\/p>\n<p>Floraison : De mai \u00e0 juillet, fleurs jaunes.<\/p>\n<p>&nbsp;<\/p>\n<p><strong><u>Utilisation(s)\/int\u00e9r\u00eat(s)<\/u><\/strong><strong> :<\/strong><\/p>\n<p>-Mellif\u00e8re.<\/p>\n<p>-Fixateur d\u2019azote.<\/p>\n<p>&nbsp;<\/p>\n<p><strong><u>Conditions de culture<\/u><\/strong><strong> :<\/strong><\/p>\n<p>Rusticit\u00e9 : -15\u00b0C, voire -20\u00b0C si plant\u00e9 \u00e0 l\u2019abri des vents froids.<\/p>\n<p>Type de sol : Tout type de sol, bien drain\u00e9, sol pauvre.<\/p>\n<p>Exposition\/vent : Ensoleill\u00e9e ou mi-ombre.<\/p>\n<p>Besoins en eau : Tol\u00e8re la s\u00e9cheresse.<\/p>\n<p>Taille : Peut supporter la taille.<\/p>\n","protected":false},"excerpt":{"rendered":"<p>&nbsp; Pr\u00e9sentation : Nom latin : Coronilla emerus. Autres noms communs : Faux baguenaudier, Faux S\u00e9n\u00e9. Famille botanique : Fabac\u00e9es. &nbsp; Caract\u00e9ristiques : Taille et &hellip;<\/p>\n","protected":false},"featured_media":370,"comment_status":"open","ping_status":"closed","template":"","meta":[],"product_brand":[],"product_cat":[19,33,35],"product_tag":[],"class_list":{"0":"post-368","1":"product","2":"type-product","3":"status-publish","4":"has-post-thumbnail","6":"product_cat-arbustes","7":"product_cat-fixateur-dazote","8":"product_cat-mellifere","10":"first","11":"instock","12":"shipping-taxable","13":"purchasable","14":"product-type-simple"},"jetpack_sharing_enabled":true,"_links":{"self":[{"href":"https:\/\/symbiosenormandie.fr\/index.php\/wp-json\/wp\/v2\/product\/368","targetHints":{"allow":["GET"]}}],"collection":[{"href":"https:\/\/symbiosenormandie.fr\/index.php\/wp-json\/wp\/v2\/product"}],"about":[{"href":"https:\/\/symbiosenormandie.fr\/index.php\/wp-json\/wp\/v2\/types\/product"}],"replies":[{"embeddable":true,"href":"https:\/\/symbiosenormandie.fr\/index.php\/wp-json\/wp\/v2\/comments?post=368"}],"wp:featuredmedia":[{"embeddable":true,"href":"https:\/\/symbiosenormandie.fr\/index.php\/wp-json\/wp\/v2\/media\/370"}],"wp:attachment":[{"href":"https:\/\/symbiosenormandie.fr\/index.php\/wp-json\/wp\/v2\/media?parent=368"}],"wp:term":[{"taxonomy":"product_brand","embeddable":true,"href":"https:\/\/symbiosenormandie.fr\/index.php\/wp-json\/wp\/v2\/product_brand?post=368"},{"taxonomy":"product_cat","embeddable":true,"href":"https:\/\/symbiosenormandie.fr\/index.php\/wp-json\/wp\/v2\/product_cat?post=368"},{"taxonomy":"product_tag","embeddable":true,"href":"https:\/\/symbiosenormandie.fr\/index.php\/wp-json\/wp\/v2\/product_tag?post=368"}],"curies":[{"name":"wp","href":"https:\/\/api.w.org\/{rel}","templated":true}]}}