{"id":365,"date":"2024-10-14T13:50:20","date_gmt":"2024-10-14T11:50:20","guid":{"rendered":"https:\/\/symbiosenormandie.fr\/?post_type=product&#038;p=365"},"modified":"2024-10-18T09:23:59","modified_gmt":"2024-10-18T07:23:59","slug":"acacia-rose","status":"publish","type":"product","link":"https:\/\/symbiosenormandie.fr\/index.php\/produit\/acacia-rose\/","title":{"rendered":"Acacia rose"},"content":{"rendered":"<p>&nbsp;<\/p>\n<p><strong><u>Pr\u00e9sentation<\/u><\/strong><strong> :<\/strong><\/p>\n<p>Nom latin : Robinia hispida var. fertilis<\/p>\n<p>Autre nom commun : Sauterelle h\u00e9riss\u00e9e<\/p>\n<p>Famille botanique : Fabac\u00e9e<\/p>\n<p>&nbsp;<\/p>\n<p><strong><u>Caract\u00e9ristiques<\/u><\/strong><strong> :<\/strong><\/p>\n<p>Taille et croissance : 2 m, croissance rapide<\/p>\n<p>Port : Buissonnant, souvent sur plusieurs troncs<\/p>\n<p>Feuillage : Caduc, feuilles compos\u00e9es<\/p>\n<p>Floraison : Fleurs en grosses grappes roses, de mai \u00e0 juin<\/p>\n<p>&nbsp;<\/p>\n<p><strong><u>Utilisation(s)\/int\u00e9r\u00eat(s)<\/u><\/strong><strong> :<\/strong><\/p>\n<p>-Mellif\u00e8re<\/p>\n<p>-Fixateur d&rsquo;azote<\/p>\n<p>-Peut \u00eatre plant\u00e9 en haies<\/p>\n<p>&nbsp;<\/p>\n<p><strong><u>Conditions de culture<\/u><\/strong><strong> :<\/strong><\/p>\n<p>Rusticit\u00e9 : jusqu&rsquo;\u00e0 -20 \u00b0c<\/p>\n<p>Type de sol : Tout type de sol, m\u00eames pauvres, bien drain\u00e9, tout PH<\/p>\n<p>Exposition\/vent : Ensoleill\u00e9e, \u00e0 l&rsquo;abri des vents violents (branches cassantes)<\/p>\n<p>Besoins en eau : Tol\u00e8re la s\u00e9cheresse et la pollution atmosph\u00e9rique<\/p>\n<p>Taille : Tailler le bois mort et les branches qui se croisent<\/p>\n","protected":false},"excerpt":{"rendered":"<p>&nbsp; Pr\u00e9sentation : Nom latin : Robinia hispida var. fertilis Autre nom commun : Sauterelle h\u00e9riss\u00e9e Famille botanique : Fabac\u00e9e &nbsp; Caract\u00e9ristiques : Taille et &hellip;<\/p>\n","protected":false},"featured_media":366,"comment_status":"open","ping_status":"closed","template":"","meta":[],"product_brand":[],"product_cat":[19,33,35,40],"product_tag":[],"class_list":{"0":"post-365","1":"product","2":"type-product","3":"status-publish","4":"has-post-thumbnail","6":"product_cat-arbustes","7":"product_cat-fixateur-dazote","8":"product_cat-mellifere","9":"product_cat-ornemental-2","11":"first","12":"instock","13":"shipping-taxable","14":"purchasable","15":"product-type-simple"},"jetpack_sharing_enabled":true,"_links":{"self":[{"href":"https:\/\/symbiosenormandie.fr\/index.php\/wp-json\/wp\/v2\/product\/365","targetHints":{"allow":["GET"]}}],"collection":[{"href":"https:\/\/symbiosenormandie.fr\/index.php\/wp-json\/wp\/v2\/product"}],"about":[{"href":"https:\/\/symbiosenormandie.fr\/index.php\/wp-json\/wp\/v2\/types\/product"}],"replies":[{"embeddable":true,"href":"https:\/\/symbiosenormandie.fr\/index.php\/wp-json\/wp\/v2\/comments?post=365"}],"wp:featuredmedia":[{"embeddable":true,"href":"https:\/\/symbiosenormandie.fr\/index.php\/wp-json\/wp\/v2\/media\/366"}],"wp:attachment":[{"href":"https:\/\/symbiosenormandie.fr\/index.php\/wp-json\/wp\/v2\/media?parent=365"}],"wp:term":[{"taxonomy":"product_brand","embeddable":true,"href":"https:\/\/symbiosenormandie.fr\/index.php\/wp-json\/wp\/v2\/product_brand?post=365"},{"taxonomy":"product_cat","embeddable":true,"href":"https:\/\/symbiosenormandie.fr\/index.php\/wp-json\/wp\/v2\/product_cat?post=365"},{"taxonomy":"product_tag","embeddable":true,"href":"https:\/\/symbiosenormandie.fr\/index.php\/wp-json\/wp\/v2\/product_tag?post=365"}],"curies":[{"name":"wp","href":"https:\/\/api.w.org\/{rel}","templated":true}]}}