{"id":361,"date":"2024-10-14T13:47:05","date_gmt":"2024-10-14T11:47:05","guid":{"rendered":"https:\/\/symbiosenormandie.fr\/?post_type=product&#038;p=361"},"modified":"2024-10-18T09:06:17","modified_gmt":"2024-10-18T07:06:17","slug":"fevier-damerique","status":"publish","type":"product","link":"https:\/\/symbiosenormandie.fr\/index.php\/produit\/fevier-damerique\/","title":{"rendered":"F\u00e9vier d&rsquo;Am\u00e9rique"},"content":{"rendered":"<p><strong><u>Pr\u00e9sentation<\/u><\/strong><strong> :<\/strong><\/p>\n<p>Nom latin : Gleditsia triacanthos<\/p>\n<p>Famille botanique : Fabac\u00e9e<\/p>\n<p>&nbsp;<\/p>\n<p><strong><u>Caract\u00e9ristiques<\/u><\/strong><strong> :<\/strong><\/p>\n<p>Taille et croissance : jusqu&rsquo;\u00e0 20 m, croissance mod\u00e9r\u00e9e<\/p>\n<p>Port : \u00c9tal\u00e9<\/p>\n<p>Feuillage : Caduc, feuilles compos\u00e9es<\/p>\n<p>Floraison : juillet, fleurs jaunes verd\u00e2tres r\u00e9unies en petits \u00e9pis pendants<\/p>\n<p>&nbsp;<\/p>\n<p><strong><u>Utilisation(s)\/int\u00e9r\u00eat(s)<\/u><\/strong><strong> :<\/strong><\/p>\n<p>-Mellif\u00e8re<\/p>\n<p>-Fixateur d&rsquo;azote<\/p>\n<p>-Fourrager<\/p>\n<p>-Les gousses sont comestibles (go\u00fbt de pois)<\/p>\n<p>&nbsp;<\/p>\n<p><strong><u>Conditions de culture<\/u><\/strong><strong> :<\/strong><\/p>\n<p>Rusticit\u00e9 : Jusqu&rsquo;\u00e0 environ -30\u00b0C<\/p>\n<p>Type de sol : Tous type de sol, bord des ruisseaux jusqu&rsquo;aux collines graveleuses s\u00e8ches, tout PH<\/p>\n<p>Exposition\/vent : Soleil, tol\u00e8re les vents forts<\/p>\n","protected":false},"excerpt":{"rendered":"<p>Pr\u00e9sentation : Nom latin : Gleditsia triacanthos Famille botanique : Fabac\u00e9e &nbsp; Caract\u00e9ristiques : Taille et croissance : jusqu&rsquo;\u00e0 20 m, croissance mod\u00e9r\u00e9e Port : &hellip;<\/p>\n","protected":false},"featured_media":364,"comment_status":"open","ping_status":"closed","template":"","meta":[],"product_brand":[],"product_cat":[20,33,35],"product_tag":[],"class_list":{"0":"post-361","1":"product","2":"type-product","3":"status-publish","4":"has-post-thumbnail","6":"product_cat-arbres","7":"product_cat-fixateur-dazote","8":"product_cat-mellifere","10":"first","11":"instock","12":"shipping-taxable","13":"purchasable","14":"product-type-simple"},"jetpack_sharing_enabled":true,"_links":{"self":[{"href":"https:\/\/symbiosenormandie.fr\/index.php\/wp-json\/wp\/v2\/product\/361","targetHints":{"allow":["GET"]}}],"collection":[{"href":"https:\/\/symbiosenormandie.fr\/index.php\/wp-json\/wp\/v2\/product"}],"about":[{"href":"https:\/\/symbiosenormandie.fr\/index.php\/wp-json\/wp\/v2\/types\/product"}],"replies":[{"embeddable":true,"href":"https:\/\/symbiosenormandie.fr\/index.php\/wp-json\/wp\/v2\/comments?post=361"}],"wp:featuredmedia":[{"embeddable":true,"href":"https:\/\/symbiosenormandie.fr\/index.php\/wp-json\/wp\/v2\/media\/364"}],"wp:attachment":[{"href":"https:\/\/symbiosenormandie.fr\/index.php\/wp-json\/wp\/v2\/media?parent=361"}],"wp:term":[{"taxonomy":"product_brand","embeddable":true,"href":"https:\/\/symbiosenormandie.fr\/index.php\/wp-json\/wp\/v2\/product_brand?post=361"},{"taxonomy":"product_cat","embeddable":true,"href":"https:\/\/symbiosenormandie.fr\/index.php\/wp-json\/wp\/v2\/product_cat?post=361"},{"taxonomy":"product_tag","embeddable":true,"href":"https:\/\/symbiosenormandie.fr\/index.php\/wp-json\/wp\/v2\/product_tag?post=361"}],"curies":[{"name":"wp","href":"https:\/\/api.w.org\/{rel}","templated":true}]}}