{"id":357,"date":"2024-10-14T12:45:32","date_gmt":"2024-10-14T10:45:32","guid":{"rendered":"https:\/\/symbiosenormandie.fr\/?post_type=product&#038;p=357"},"modified":"2024-10-14T12:45:32","modified_gmt":"2024-10-14T10:45:32","slug":"eucalyptus-a-feuilles-rondes","status":"publish","type":"product","link":"https:\/\/symbiosenormandie.fr\/index.php\/produit\/eucalyptus-a-feuilles-rondes\/","title":{"rendered":"Eucalyptus \u00e0 feuilles rondes"},"content":{"rendered":"<p><img data-recalc-dims=\"1\" loading=\"lazy\" decoding=\"async\" class=\"alignnone size-medium wp-image-358\" src=\"https:\/\/i0.wp.com\/symbiosenormandie.fr\/wp-content\/uploads\/2024\/10\/Eucalyptus-a-feuilles-rondes-2.png?resize=300%2C300&#038;ssl=1\" alt=\"\" width=\"300\" height=\"300\" srcset=\"https:\/\/i0.wp.com\/symbiosenormandie.fr\/wp-content\/uploads\/2024\/10\/Eucalyptus-a-feuilles-rondes-2.png?resize=300%2C300&amp;ssl=1 300w, https:\/\/i0.wp.com\/symbiosenormandie.fr\/wp-content\/uploads\/2024\/10\/Eucalyptus-a-feuilles-rondes-2.png?resize=150%2C150&amp;ssl=1 150w, https:\/\/i0.wp.com\/symbiosenormandie.fr\/wp-content\/uploads\/2024\/10\/Eucalyptus-a-feuilles-rondes-2.png?resize=160%2C160&amp;ssl=1 160w, https:\/\/i0.wp.com\/symbiosenormandie.fr\/wp-content\/uploads\/2024\/10\/Eucalyptus-a-feuilles-rondes-2.png?resize=450%2C450&amp;ssl=1 450w, https:\/\/i0.wp.com\/symbiosenormandie.fr\/wp-content\/uploads\/2024\/10\/Eucalyptus-a-feuilles-rondes-2.png?resize=100%2C100&amp;ssl=1 100w, https:\/\/i0.wp.com\/symbiosenormandie.fr\/wp-content\/uploads\/2024\/10\/Eucalyptus-a-feuilles-rondes-2.png?w=458&amp;ssl=1 458w\" sizes=\"auto, (max-width: 300px) 100vw, 300px\" \/> <img data-recalc-dims=\"1\" loading=\"lazy\" decoding=\"async\" class=\"alignnone size-medium wp-image-359\" src=\"https:\/\/i0.wp.com\/symbiosenormandie.fr\/wp-content\/uploads\/2024\/10\/Eucalyptus-a-feuilles-rondes-3.png?resize=300%2C225&#038;ssl=1\" alt=\"\" width=\"300\" height=\"225\" srcset=\"https:\/\/i0.wp.com\/symbiosenormandie.fr\/wp-content\/uploads\/2024\/10\/Eucalyptus-a-feuilles-rondes-3.png?resize=300%2C225&amp;ssl=1 300w, https:\/\/i0.wp.com\/symbiosenormandie.fr\/wp-content\/uploads\/2024\/10\/Eucalyptus-a-feuilles-rondes-3.png?resize=768%2C576&amp;ssl=1 768w, https:\/\/i0.wp.com\/symbiosenormandie.fr\/wp-content\/uploads\/2024\/10\/Eucalyptus-a-feuilles-rondes-3.png?resize=600%2C450&amp;ssl=1 600w, https:\/\/i0.wp.com\/symbiosenormandie.fr\/wp-content\/uploads\/2024\/10\/Eucalyptus-a-feuilles-rondes-3.png?resize=213%2C160&amp;ssl=1 213w, https:\/\/i0.wp.com\/symbiosenormandie.fr\/wp-content\/uploads\/2024\/10\/Eucalyptus-a-feuilles-rondes-3.png?w=800&amp;ssl=1 800w\" sizes=\"auto, (max-width: 300px) 100vw, 300px\" \/><\/p>\n<p><strong><u>Pr\u00e9sentation<\/u><\/strong><strong> :<\/strong><\/p>\n<p>&nbsp;<\/p>\n<p><strong>Nom latin :<\/strong> Eucalyptus gunnii<\/p>\n<p><strong>Autre nom commun :<\/strong> Gommier cidre<\/p>\n<p><strong>Famille botanique : <\/strong>Myrtaceae<\/p>\n<p>&nbsp;<\/p>\n<p>&nbsp;<\/p>\n<p><strong><u>Caract\u00e9ristiques :<\/u><\/strong><\/p>\n<p>Taille et croissance : 15 \u00e0 25 m, croissance tr\u00e8s rapide<\/p>\n<p>Port : Dress\u00e9 et \u00e9tal\u00e9<\/p>\n<p>Feuillage : Persistant, jeunes feuilles arrondies, puis deviennent \u00e9troites et allong\u00e9es<\/p>\n<p>Floraison : En fin d\u2019\u00e9t\u00e9-d\u00e9but d\u2019automne, petites fleurs blanches<\/p>\n<p>&nbsp;<\/p>\n<p>&nbsp;<\/p>\n<p><strong><u>Utilisation(s)\/int\u00e9r\u00eat(s)<\/u><\/strong><u> :<\/u><\/p>\n<p>-Mellif\u00e8re<\/p>\n<p>-Parties comestibles : la s\u00e8ve sucr\u00e9e peut \u00eatre extraite. Go\u00fbt d\u2019orange ou de Cointreau<\/p>\n<p>-Les jeunes rameaux aux feuilles arrondies peuvent \u00eatre utilis\u00e9s dans des bouquets et compositions florales<\/p>\n<p>&nbsp;<\/p>\n<p>&nbsp;<\/p>\n<p><strong><u>Conditions de culture :<\/u><\/strong><\/p>\n<p>Rusticit\u00e9 : -15\u00b0C<\/p>\n<p>Type de sol : Tout type de sol drain\u00e9<\/p>\n<p>Exposition\/vent : ensoleill\u00e9e, supporte les vents forts et les expositions maritimes une fois install\u00e9<\/p>\n<p>Besoins en eau : peut tol\u00e9rer la s\u00e9cheresse une fois install\u00e9<\/p>\n<p>Taille : supporte bien tous types de taille, peut \u00eatre rec\u00e9p\u00e9 ou conduit en trogne.<\/p>\n","protected":false},"excerpt":{"rendered":"<p>Pr\u00e9sentation : &nbsp; Nom latin : Eucalyptus gunnii Autre nom commun : Gommier cidre Famille botanique : Myrtaceae &nbsp; &nbsp; Caract\u00e9ristiques : Taille et croissance &hellip;<\/p>\n","protected":false},"featured_media":360,"comment_status":"open","ping_status":"closed","template":"","meta":[],"product_brand":[],"product_cat":[20,35,40,41],"product_tag":[],"class_list":{"0":"post-357","1":"product","2":"type-product","3":"status-publish","4":"has-post-thumbnail","6":"product_cat-arbres","7":"product_cat-mellifere","8":"product_cat-ornemental-2","9":"product_cat-persistants","11":"first","12":"instock","13":"shipping-taxable","14":"purchasable","15":"product-type-simple"},"jetpack_sharing_enabled":true,"_links":{"self":[{"href":"https:\/\/symbiosenormandie.fr\/index.php\/wp-json\/wp\/v2\/product\/357","targetHints":{"allow":["GET"]}}],"collection":[{"href":"https:\/\/symbiosenormandie.fr\/index.php\/wp-json\/wp\/v2\/product"}],"about":[{"href":"https:\/\/symbiosenormandie.fr\/index.php\/wp-json\/wp\/v2\/types\/product"}],"replies":[{"embeddable":true,"href":"https:\/\/symbiosenormandie.fr\/index.php\/wp-json\/wp\/v2\/comments?post=357"}],"wp:featuredmedia":[{"embeddable":true,"href":"https:\/\/symbiosenormandie.fr\/index.php\/wp-json\/wp\/v2\/media\/360"}],"wp:attachment":[{"href":"https:\/\/symbiosenormandie.fr\/index.php\/wp-json\/wp\/v2\/media?parent=357"}],"wp:term":[{"taxonomy":"product_brand","embeddable":true,"href":"https:\/\/symbiosenormandie.fr\/index.php\/wp-json\/wp\/v2\/product_brand?post=357"},{"taxonomy":"product_cat","embeddable":true,"href":"https:\/\/symbiosenormandie.fr\/index.php\/wp-json\/wp\/v2\/product_cat?post=357"},{"taxonomy":"product_tag","embeddable":true,"href":"https:\/\/symbiosenormandie.fr\/index.php\/wp-json\/wp\/v2\/product_tag?post=357"}],"curies":[{"name":"wp","href":"https:\/\/api.w.org\/{rel}","templated":true}]}}