{"id":354,"date":"2024-10-14T12:39:43","date_gmt":"2024-10-14T10:39:43","guid":{"rendered":"https:\/\/symbiosenormandie.fr\/?post_type=product&#038;p=354"},"modified":"2024-10-18T09:25:52","modified_gmt":"2024-10-18T07:25:52","slug":"gattilier","status":"publish","type":"product","link":"https:\/\/symbiosenormandie.fr\/index.php\/produit\/gattilier\/","title":{"rendered":"Gattilier"},"content":{"rendered":"<p>&nbsp;<\/p>\n<p><strong><u>Pr\u00e9sentation<\/u><\/strong><strong> :<\/strong><\/p>\n<p>Nom latin : Vitex agnus castus.<\/p>\n<p>Autres noms communs : Poivre des moines, Arbre au poivre, Arbre chaste.<\/p>\n<p>Famille botanique : Verbenaceae.<\/p>\n<p>&nbsp;<\/p>\n<p>&nbsp;<\/p>\n<p><strong><u>Caract\u00e9ristiques<\/u><\/strong><strong> :<\/strong><\/p>\n<p>Taille et croissance : 3 m\u00e8tres, croissance moyenne.<\/p>\n<p>Port : Buissonnant, arrondi.<\/p>\n<p>Feuillage : Caduc, feuilles compos\u00e9es-palm\u00e9es.<\/p>\n<p>Floraison : En ao\u00fbt-septembre, fleurs bleues-violac\u00e9es en \u00e9pis.<\/p>\n<p>&nbsp;<\/p>\n<p>&nbsp;<\/p>\n<p><strong><u>Utilisation(s)\/int\u00e9r\u00eat(s)<\/u><\/strong><strong> :<\/strong><\/p>\n<p>&nbsp;<\/p>\n<p>-Mellif\u00e8re.<\/p>\n<p>-Parties comestibles : les graines, \u00e0 la saveur aromatique et poivr\u00e9e, les feuilles peuvent aussi servir de condiment.<\/p>\n<p>-Peut \u00eatre utilis\u00e9 en haie brise-vent.<\/p>\n<p>&nbsp;<\/p>\n<p><strong><u>Conditions de culture<\/u> :<\/strong><\/p>\n<p>Rusticit\u00e9 : -15\u00b0C.<\/p>\n<p>Type de sol : Tous types de sols drain\u00e9s, plut\u00f4t sols sableux et sols pauvres, supporte les vents forts et une exposition maritime.<\/p>\n<p>Exposition\/vent : Ensoleill\u00e9e.<\/p>\n<p>Besoins en eau : Supporte la s\u00e9cheresse.<\/p>\n<p>Taille : Supporte bien la taille<\/p>\n","protected":false},"excerpt":{"rendered":"<p>&nbsp; Pr\u00e9sentation : Nom latin : Vitex agnus castus. Autres noms communs : Poivre des moines, Arbre au poivre, Arbre chaste. Famille botanique : Verbenaceae. &hellip;<\/p>\n","protected":false},"featured_media":356,"comment_status":"open","ping_status":"closed","template":"","meta":[],"product_brand":[],"product_cat":[19,35,40,23],"product_tag":[],"class_list":{"0":"post-354","1":"product","2":"type-product","3":"status-publish","4":"has-post-thumbnail","6":"product_cat-arbustes","7":"product_cat-mellifere","8":"product_cat-ornemental-2","9":"product_cat-plantes-aromatiques","11":"first","12":"instock","13":"shipping-taxable","14":"purchasable","15":"product-type-simple"},"jetpack_sharing_enabled":true,"_links":{"self":[{"href":"https:\/\/symbiosenormandie.fr\/index.php\/wp-json\/wp\/v2\/product\/354","targetHints":{"allow":["GET"]}}],"collection":[{"href":"https:\/\/symbiosenormandie.fr\/index.php\/wp-json\/wp\/v2\/product"}],"about":[{"href":"https:\/\/symbiosenormandie.fr\/index.php\/wp-json\/wp\/v2\/types\/product"}],"replies":[{"embeddable":true,"href":"https:\/\/symbiosenormandie.fr\/index.php\/wp-json\/wp\/v2\/comments?post=354"}],"wp:featuredmedia":[{"embeddable":true,"href":"https:\/\/symbiosenormandie.fr\/index.php\/wp-json\/wp\/v2\/media\/356"}],"wp:attachment":[{"href":"https:\/\/symbiosenormandie.fr\/index.php\/wp-json\/wp\/v2\/media?parent=354"}],"wp:term":[{"taxonomy":"product_brand","embeddable":true,"href":"https:\/\/symbiosenormandie.fr\/index.php\/wp-json\/wp\/v2\/product_brand?post=354"},{"taxonomy":"product_cat","embeddable":true,"href":"https:\/\/symbiosenormandie.fr\/index.php\/wp-json\/wp\/v2\/product_cat?post=354"},{"taxonomy":"product_tag","embeddable":true,"href":"https:\/\/symbiosenormandie.fr\/index.php\/wp-json\/wp\/v2\/product_tag?post=354"}],"curies":[{"name":"wp","href":"https:\/\/api.w.org\/{rel}","templated":true}]}}