{"id":345,"date":"2024-10-14T12:26:28","date_gmt":"2024-10-14T10:26:28","guid":{"rendered":"https:\/\/symbiosenormandie.fr\/?post_type=product&#038;p=345"},"modified":"2024-10-18T09:25:03","modified_gmt":"2024-10-18T07:25:03","slug":"chevrefeuille-des-haies","status":"publish","type":"product","link":"https:\/\/symbiosenormandie.fr\/index.php\/produit\/chevrefeuille-des-haies\/","title":{"rendered":"Ch\u00e8vrefeuille des haies"},"content":{"rendered":"<p>&nbsp;<\/p>\n<p class=\"Standard\"><b><u><span style=\"font-size: 10.0pt;\">Pr\u00e9sentation<\/span><\/u><\/b><b><span style=\"font-size: 10.0pt;\"> :<\/span><\/b><\/p>\n<p class=\"Standard\"><span style=\"font-size: 10.0pt;\">\u00a0<\/span><span style=\"font-size: 10.0pt;\">Nom latin : Lonicera xylosteum<\/span><\/p>\n<p class=\"Standard\"><span style=\"font-size: 10.0pt;\">\u00a0<\/span><span style=\"font-size: 10.0pt;\">Famille botanique : Caprifoliaceae<\/span><\/p>\n<p class=\"Standard\"><span style=\"font-size: 10.0pt;\">\u00a0<\/span><span style=\"font-size: 10.0pt;\">Autre nom commun : Ch\u00e8vrefeuille \u00e0 balais, Camerisier \u00e0 balais, Cam\u00e9risier des haies, Cham\u00e9risier.<\/span><\/p>\n<p class=\"Standard\"><span style=\"font-size: 10.0pt;\">\u00a0<\/span><\/p>\n<p class=\"Standard\"><b><u><span style=\"font-size: 10.0pt;\">Caract\u00e9ristiques<\/span><\/u><\/b><b><span style=\"font-size: 10.0pt;\"> :<\/span><\/b><\/p>\n<p class=\"Standard\"><span style=\"font-size: 10.0pt;\">\u00a0<\/span><span style=\"font-size: 10.0pt;\">Taille et croissance : Jusqu\u2019\u00e0 2,5 m\u00e8tres, croissance normale.<\/span><\/p>\n<p class=\"Standard\"><span style=\"font-size: 10.0pt;\">\u00a0<\/span><span style=\"font-size: 10.0pt;\">Port : Buissonnant, irr\u00e9gulier.<\/span><\/p>\n<p class=\"Standard\"><span style=\"font-size: 10.0pt;\">\u00a0<\/span><span style=\"font-size: 10.0pt;\">Feuillage : Caduc.<\/span><\/p>\n<p class=\"Standard\"><span style=\"font-size: 10.0pt;\">\u00a0<\/span><span style=\"font-size: 10.0pt;\">Floraison : Mai \u00e0 Juin.<\/span><\/p>\n<p class=\"Standard\"><b><u><span style=\"font-size: 10.0pt;\"><span style=\"text-decoration: none;\">\u00a0<\/span><\/span><\/u><\/b><\/p>\n<p class=\"Standard\"><b><u><span style=\"font-size: 10.0pt;\">Utilisation(s)\/int\u00e9r\u00eat(s)<\/span><\/u><\/b><b><span style=\"font-size: 10.0pt;\"> :<\/span><\/b><\/p>\n<p class=\"Standard\"><span style=\"font-size: 10.0pt;\">\u00a0<\/span><span style=\"font-size: 10.0pt;\">-Ornemental.<\/span><\/p>\n<p class=\"Standard\"><span style=\"font-size: 10.0pt;\">\u00a0<\/span><span style=\"font-size: 10.0pt;\">-Appr\u00e9ci\u00e9 par les oiseaux pour ses petits fruits.<\/span><\/p>\n<p class=\"Standard\"><span style=\"font-size: 10.0pt;\">\u00a0<\/span><span style=\"font-size: 10.0pt;\">-S\u2019adapte \u00e0 un petit jardin en le contenant une la taille annuelle.<\/span><\/p>\n<p class=\"Standard\"><b><u><span style=\"font-size: 10.0pt;\"><span style=\"text-decoration: none;\">\u00a0<\/span><\/span><\/u><\/b><\/p>\n<p class=\"Standard\"><b><u><span style=\"font-size: 10.0pt;\">Conditions de culture<\/span><\/u><\/b><b><span style=\"font-size: 10.0pt;\"> :<\/span><\/b><\/p>\n<p class=\"Standard\"><span style=\"font-size: 10.0pt;\">\u00a0<\/span><span style=\"font-size: 10.0pt;\">Rusticit\u00e9 : Jusqu\u2019\u00e0 -29\u00b0C.<\/span><\/p>\n<p class=\"Standard\"><span style=\"font-size: 10.0pt;\">\u00a0<\/span><span style=\"font-size: 10.0pt;\">Type de sol : Sol frais.<\/span><\/p>\n<p class=\"Standard\"><span style=\"font-size: 10.0pt;\">\u00a0<\/span><span style=\"font-size: 10.0pt;\">Exposition\/vent : Soleil, mi-ombre.<\/span><\/p>\n<p class=\"Standard\"><span style=\"font-size: 10.0pt;\">\u00a0<\/span><span style=\"font-size: 10.0pt;\">Besoins en eau : Limit\u00e9.<\/span><\/p>\n<p class=\"Standard\"><span style=\"font-size: 10.0pt;\">\u00a0<\/span><span style=\"font-size: 10.0pt;\">Taille : Sans probl\u00e8me l\u2019hiver.<\/span><\/p>\n","protected":false},"excerpt":{"rendered":"<p>&nbsp; Pr\u00e9sentation : \u00a0Nom latin : Lonicera xylosteum \u00a0Famille botanique : Caprifoliaceae \u00a0Autre nom commun : Ch\u00e8vrefeuille \u00e0 balais, Camerisier \u00e0 balais, Cam\u00e9risier des haies, &hellip;<\/p>\n","protected":false},"featured_media":347,"comment_status":"open","ping_status":"closed","template":"","meta":[],"product_brand":[],"product_cat":[19,35,40],"product_tag":[],"class_list":{"0":"post-345","1":"product","2":"type-product","3":"status-publish","4":"has-post-thumbnail","6":"product_cat-arbustes","7":"product_cat-mellifere","8":"product_cat-ornemental-2","10":"first","11":"instock","12":"shipping-taxable","13":"purchasable","14":"product-type-simple"},"jetpack_sharing_enabled":true,"_links":{"self":[{"href":"https:\/\/symbiosenormandie.fr\/index.php\/wp-json\/wp\/v2\/product\/345","targetHints":{"allow":["GET"]}}],"collection":[{"href":"https:\/\/symbiosenormandie.fr\/index.php\/wp-json\/wp\/v2\/product"}],"about":[{"href":"https:\/\/symbiosenormandie.fr\/index.php\/wp-json\/wp\/v2\/types\/product"}],"replies":[{"embeddable":true,"href":"https:\/\/symbiosenormandie.fr\/index.php\/wp-json\/wp\/v2\/comments?post=345"}],"wp:featuredmedia":[{"embeddable":true,"href":"https:\/\/symbiosenormandie.fr\/index.php\/wp-json\/wp\/v2\/media\/347"}],"wp:attachment":[{"href":"https:\/\/symbiosenormandie.fr\/index.php\/wp-json\/wp\/v2\/media?parent=345"}],"wp:term":[{"taxonomy":"product_brand","embeddable":true,"href":"https:\/\/symbiosenormandie.fr\/index.php\/wp-json\/wp\/v2\/product_brand?post=345"},{"taxonomy":"product_cat","embeddable":true,"href":"https:\/\/symbiosenormandie.fr\/index.php\/wp-json\/wp\/v2\/product_cat?post=345"},{"taxonomy":"product_tag","embeddable":true,"href":"https:\/\/symbiosenormandie.fr\/index.php\/wp-json\/wp\/v2\/product_tag?post=345"}],"curies":[{"name":"wp","href":"https:\/\/api.w.org\/{rel}","templated":true}]}}