{"id":326,"date":"2024-09-05T19:10:54","date_gmt":"2024-09-05T17:10:54","guid":{"rendered":"https:\/\/symbiosenormandie.fr\/?post_type=product&#038;p=326"},"modified":"2024-09-05T19:10:54","modified_gmt":"2024-09-05T17:10:54","slug":"eucalyptus-neglecta","status":"publish","type":"product","link":"https:\/\/symbiosenormandie.fr\/index.php\/produit\/eucalyptus-neglecta\/","title":{"rendered":"Eucalyptus neglecta"},"content":{"rendered":"<p><u>Pr\u00e9sentation<\/u>\u00a0:<\/p>\n<p>&nbsp;<\/p>\n<p>Nom latin\u00a0: Eucalyptus neglecta.<\/p>\n<p>&nbsp;<\/p>\n<p>Famille botanique\u00a0:\u00a0Myrtac\u00e9es.<\/p>\n<p>&nbsp;<\/p>\n<p><u>Caract\u00e9ristiques<\/u>\u00a0:<\/p>\n<p>&nbsp;<\/p>\n<p>Taille et croissance\u00a0: 5 \u00e0 12 m\u00e8tres, croissance moyenne \u00e0 rapide.<\/p>\n<p>&nbsp;<\/p>\n<p>Port\u00a0: Etal\u00e9.<\/p>\n<p>&nbsp;<\/p>\n<p>Feuillage\u00a0: Persistant.<\/p>\n<p>&nbsp;<\/p>\n<p>Floraison\u00a0:\u00a0De novembre \u00e0 mai.<\/p>\n<p>&nbsp;<\/p>\n<p><u>Utilisation(s)\/int\u00e9r\u00eat(s)<\/u>\u00a0:<\/p>\n<p>&nbsp;<\/p>\n<p>-Persistant.<\/p>\n<p>&nbsp;<\/p>\n<p>-Mellif\u00e8re.<\/p>\n<p>&nbsp;<\/p>\n<p>-Ornemental.<\/p>\n<p>&nbsp;<\/p>\n<p><u>Conditions de culture<\/u>\u00a0:<\/p>\n<p>&nbsp;<\/p>\n<p>Rusticit\u00e9 : jusqu&rsquo;\u00e0 -15\u00b0C.<\/p>\n<p>&nbsp;<\/p>\n<p>Type de sol\u00a0:\u00a0Tout type de sol.<\/p>\n<p>&nbsp;<\/p>\n<p>Exposition\/vent\u00a0:\u00a0Mi-ombre ou soleil.<\/p>\n<p>&nbsp;<\/p>\n<p>Besoins en eau\u00a0:\u00a0Sol humide.<\/p>\n<p>&nbsp;<\/p>\n<p>Taille : Pas de taille n\u00e9cessaire.<\/p>\n","protected":false},"excerpt":{"rendered":"<p><em>Eucalyptus neglecta<\/em><\/p>\n<p>Famille botanique : Myrtac\u00e9es<\/p>\n","protected":false},"featured_media":327,"comment_status":"open","ping_status":"closed","template":"","meta":[],"product_brand":[],"product_cat":[20,40,41],"product_tag":[],"class_list":{"0":"post-326","1":"product","2":"type-product","3":"status-publish","4":"has-post-thumbnail","6":"product_cat-arbres","7":"product_cat-ornemental-2","8":"product_cat-persistants","10":"first","11":"instock","12":"shipping-taxable","13":"purchasable","14":"product-type-simple"},"jetpack_sharing_enabled":true,"_links":{"self":[{"href":"https:\/\/symbiosenormandie.fr\/index.php\/wp-json\/wp\/v2\/product\/326","targetHints":{"allow":["GET"]}}],"collection":[{"href":"https:\/\/symbiosenormandie.fr\/index.php\/wp-json\/wp\/v2\/product"}],"about":[{"href":"https:\/\/symbiosenormandie.fr\/index.php\/wp-json\/wp\/v2\/types\/product"}],"replies":[{"embeddable":true,"href":"https:\/\/symbiosenormandie.fr\/index.php\/wp-json\/wp\/v2\/comments?post=326"}],"wp:featuredmedia":[{"embeddable":true,"href":"https:\/\/symbiosenormandie.fr\/index.php\/wp-json\/wp\/v2\/media\/327"}],"wp:attachment":[{"href":"https:\/\/symbiosenormandie.fr\/index.php\/wp-json\/wp\/v2\/media?parent=326"}],"wp:term":[{"taxonomy":"product_brand","embeddable":true,"href":"https:\/\/symbiosenormandie.fr\/index.php\/wp-json\/wp\/v2\/product_brand?post=326"},{"taxonomy":"product_cat","embeddable":true,"href":"https:\/\/symbiosenormandie.fr\/index.php\/wp-json\/wp\/v2\/product_cat?post=326"},{"taxonomy":"product_tag","embeddable":true,"href":"https:\/\/symbiosenormandie.fr\/index.php\/wp-json\/wp\/v2\/product_tag?post=326"}],"curies":[{"name":"wp","href":"https:\/\/api.w.org\/{rel}","templated":true}]}}