{"id":317,"date":"2024-09-05T18:45:29","date_gmt":"2024-09-05T16:45:29","guid":{"rendered":"https:\/\/symbiosenormandie.fr\/?post_type=product&#038;p=317"},"modified":"2024-10-18T09:38:34","modified_gmt":"2024-10-18T07:38:34","slug":"genet-hirsute","status":"publish","type":"product","link":"https:\/\/symbiosenormandie.fr\/index.php\/produit\/genet-hirsute\/","title":{"rendered":"Gen\u00eat hirsute"},"content":{"rendered":"<div id=\"site-root\" class=\"site-root\">\n<div id=\"masterPage\" class=\"mesh-layout remove-wrappers masterPage css-editing-scope\">\n<p><u>Pr\u00e9sentation<\/u>\u00a0:<\/p>\n<div id=\"SITE_PAGES\" class=\"JsJXaX SITE_PAGES\">\n<div id=\"SITE_PAGES_TRANSITION_GROUP\" class=\"AnQkDU\">\n<div id=\"cd4f\" class=\"fEm0Bo zK7MhX cd4f\">\n<div class=\"FVGvCX\">\n<div id=\"Containercd4f\" class=\"Containercd4f SPY_vo\">\n<div class=\"\" data-mesh-id=\"Containercd4finlineContent\" data-testid=\"inline-content\">\n<div data-mesh-id=\"Containercd4finlineContent-gridContainer\" data-testid=\"mesh-container-content\">\n<section id=\"comp-lgqxjb77\" class=\"Oqnisf comp-lgqxjb77 wixui-section\" tabindex=\"-1\" data-block-level-container=\"ClassicSection\">\n<div class=\"\" data-mesh-id=\"comp-lgqxjb77inlineContent\" data-testid=\"inline-content\">\n<div data-mesh-id=\"comp-lgqxjb77inlineContent-gridContainer\" data-testid=\"mesh-container-content\">\n<div id=\"i40xifqz\" class=\"TWFxr5 \">\n<div class=\"i40xifqz\">\n<div class=\"l7SIaB layout__classic isDesktop\" data-hook=\"product-page\" data-layout-name=\"classic\">\n<article class=\"GVYGm5\">\n<div class=\"tfRE5M\">\n<section class=\"Jgs2b9\">\n<div class=\"WAZqE7 QfrfFD cell\">\n<section class=\"Va_ZoC\" data-hook=\"description-wrapper\">\n<div class=\"LvOu6J\">\n<div class=\"vaI0UH\" data-hook=\"content-wrapper\">\n<p>Nom latin\u00a0: Genista hirsuta.<\/p>\n<p>Famille botanique : Fabac\u00e9es.<\/p>\n<p>&nbsp;<\/p>\n<p><u>Caract\u00e9ristiques<\/u>\u00a0:<\/p>\n<p>Taille et croissance\u00a0:\u00a0Entre 30 et 150 cm.<\/p>\n<p>Port\u00a0: Ligneux, tr\u00e8s ramifi\u00e9 et \u00e9pineux.<\/p>\n<p>Feuillage<em>\u00a0:<\/em>\u00a0Persistant.<\/p>\n<p>Floraison\u00a0: De mars \u00e0 juin.<\/p>\n<p>&nbsp;<\/p>\n<p><u>Utilisation(s)\/int\u00e9r\u00eat(s)<\/u>\u00a0:<\/p>\n<p>-Fixateur d&rsquo;azote.<\/p>\n<p>-Haie d\u00e9fensive.<\/p>\n<p>-Mellif\u00e8re.<\/p>\n<p>&nbsp;<\/p>\n<p><u>Conditions de culture<\/u>\u00a0:<\/p>\n<p>Rusticit\u00e9\u00a0:\u00a0Pousse jusqu&rsquo;\u00e0 1450 m\u00e8tres d&rsquo;altitude.<\/p>\n<p>Type de sol\u00a0:\u00a0Tout type de sol drainant.<\/p>\n<p>Exposition\/vent\u00a0:\u00a0Soleil, tol\u00e8re le vent fort.<\/p>\n<p>Besoins en eau\u00a0:\u00a0R\u00e9siste \u00e0 la s\u00e9cheresse (garrigues, pentes).<\/p>\n<p>Taille : L&rsquo;hiver pour le contenir.<\/p>\n<\/div>\n<\/div>\n<\/section>\n<\/div>\n<\/section>\n<\/div>\n<\/article>\n<\/div>\n<\/div>\n<\/div>\n<\/div>\n<\/div>\n<\/section>\n<\/div>\n<\/div>\n<\/div>\n<\/div>\n<\/div>\n<\/div>\n<\/div>\n<p>&nbsp;<\/p>\n<\/div>\n<\/div>\n","protected":false},"excerpt":{"rendered":"<p><em>Genista hirsuta<\/em><\/p>\n<p>Famille botanique : Fabac\u00e9es<\/p>\n","protected":false},"featured_media":318,"comment_status":"open","ping_status":"closed","template":"","meta":[],"product_brand":[],"product_cat":[19,33,35],"product_tag":[],"class_list":{"0":"post-317","1":"product","2":"type-product","3":"status-publish","4":"has-post-thumbnail","6":"product_cat-arbustes","7":"product_cat-fixateur-dazote","8":"product_cat-mellifere","10":"first","11":"instock","12":"shipping-taxable","13":"purchasable","14":"product-type-simple"},"jetpack_sharing_enabled":true,"_links":{"self":[{"href":"https:\/\/symbiosenormandie.fr\/index.php\/wp-json\/wp\/v2\/product\/317","targetHints":{"allow":["GET"]}}],"collection":[{"href":"https:\/\/symbiosenormandie.fr\/index.php\/wp-json\/wp\/v2\/product"}],"about":[{"href":"https:\/\/symbiosenormandie.fr\/index.php\/wp-json\/wp\/v2\/types\/product"}],"replies":[{"embeddable":true,"href":"https:\/\/symbiosenormandie.fr\/index.php\/wp-json\/wp\/v2\/comments?post=317"}],"wp:featuredmedia":[{"embeddable":true,"href":"https:\/\/symbiosenormandie.fr\/index.php\/wp-json\/wp\/v2\/media\/318"}],"wp:attachment":[{"href":"https:\/\/symbiosenormandie.fr\/index.php\/wp-json\/wp\/v2\/media?parent=317"}],"wp:term":[{"taxonomy":"product_brand","embeddable":true,"href":"https:\/\/symbiosenormandie.fr\/index.php\/wp-json\/wp\/v2\/product_brand?post=317"},{"taxonomy":"product_cat","embeddable":true,"href":"https:\/\/symbiosenormandie.fr\/index.php\/wp-json\/wp\/v2\/product_cat?post=317"},{"taxonomy":"product_tag","embeddable":true,"href":"https:\/\/symbiosenormandie.fr\/index.php\/wp-json\/wp\/v2\/product_tag?post=317"}],"curies":[{"name":"wp","href":"https:\/\/api.w.org\/{rel}","templated":true}]}}