{"id":311,"date":"2024-09-05T18:36:13","date_gmt":"2024-09-05T16:36:13","guid":{"rendered":"https:\/\/symbiosenormandie.fr\/?post_type=product&#038;p=311"},"modified":"2024-09-05T18:36:14","modified_gmt":"2024-09-05T16:36:14","slug":"erable-rouge","status":"publish","type":"product","link":"https:\/\/symbiosenormandie.fr\/index.php\/produit\/erable-rouge\/","title":{"rendered":"Erable rouge"},"content":{"rendered":"<p><u>Pr\u00e9sentation<\/u>\u00a0:<\/p>\n<p>&nbsp;<\/p>\n<p>Nom latin : Acer rubrum<\/p>\n<p>&nbsp;<\/p>\n<p>Famille botanique : Sapindaceae<\/p>\n<p>&nbsp;<\/p>\n<p>Autre nom commun : Erable de Virginie<\/p>\n<p>&nbsp;<\/p>\n<p><u>Caract\u00e9ristiques<\/u>\u00a0:<\/p>\n<p>&nbsp;<\/p>\n<p>Taille et croissance : 15 \u00e0 20 m\u00e8tres, croissance assez lente.<\/p>\n<p>&nbsp;<\/p>\n<p>Port : Conique ou arrondi.<\/p>\n<p>&nbsp;<\/p>\n<p>Feuillage : Caduc et tr\u00e8s facile \u00e0 distinguer, les feuilles prennent de belles couleurs \u00e0 l&rsquo;automne, du jaune \u00e0 l&rsquo;orange, au rouge vif.<\/p>\n<p>&nbsp;<\/p>\n<p>Floraison : Fin mai \u00e0 d\u00e9but juin.<\/p>\n<p>&nbsp;<\/p>\n<p><u>Utilisation(s)\/int\u00e9r\u00eat(s)<\/u>\u00a0:<\/p>\n<p>&nbsp;<\/p>\n<p>-Ornementale.<\/p>\n<p>&nbsp;<\/p>\n<p>-Possible de produire de la s\u00e8ve m\u00eame si moins sucr\u00e9e que l&rsquo;\u00e9rable \u00e0 sucre et de l\u2019\u00e9rable noir.<\/p>\n<p>&nbsp;<\/p>\n<p>-Mellif\u00e8re.<\/p>\n<p>&nbsp;<\/p>\n<p><u>Conditions de culture<\/u>\u00a0:<\/p>\n<p>&nbsp;<\/p>\n<p>Rusticit\u00e9 : -30\u00b0C.<\/p>\n<p>&nbsp;<\/p>\n<p>Type de sol : Tout type de sol.<\/p>\n<p>&nbsp;<\/p>\n<p>Exposition\/vent : Mi-ombre au d\u00e9but il poussera plus vite, supporte le vent.<\/p>\n<p>&nbsp;<\/p>\n<p>Besoins en eau : Mod\u00e9r\u00e9.<\/p>\n<p>&nbsp;<\/p>\n<p>Taille : Pas n\u00e9cessaire, taille de formation si besoin pendant l&rsquo;hiver.<\/p>\n","protected":false},"excerpt":{"rendered":"<p><em>Acer rubrum<\/em><\/p>\n<p>Famille botanique : Sapindaceae<\/p>\n","protected":false},"featured_media":312,"comment_status":"open","ping_status":"closed","template":"","meta":[],"product_brand":[],"product_cat":[20,35],"product_tag":[],"class_list":{"0":"post-311","1":"product","2":"type-product","3":"status-publish","4":"has-post-thumbnail","6":"product_cat-arbres","7":"product_cat-mellifere","9":"first","10":"instock","11":"shipping-taxable","12":"purchasable","13":"product-type-simple"},"jetpack_sharing_enabled":true,"_links":{"self":[{"href":"https:\/\/symbiosenormandie.fr\/index.php\/wp-json\/wp\/v2\/product\/311","targetHints":{"allow":["GET"]}}],"collection":[{"href":"https:\/\/symbiosenormandie.fr\/index.php\/wp-json\/wp\/v2\/product"}],"about":[{"href":"https:\/\/symbiosenormandie.fr\/index.php\/wp-json\/wp\/v2\/types\/product"}],"replies":[{"embeddable":true,"href":"https:\/\/symbiosenormandie.fr\/index.php\/wp-json\/wp\/v2\/comments?post=311"}],"wp:featuredmedia":[{"embeddable":true,"href":"https:\/\/symbiosenormandie.fr\/index.php\/wp-json\/wp\/v2\/media\/312"}],"wp:attachment":[{"href":"https:\/\/symbiosenormandie.fr\/index.php\/wp-json\/wp\/v2\/media?parent=311"}],"wp:term":[{"taxonomy":"product_brand","embeddable":true,"href":"https:\/\/symbiosenormandie.fr\/index.php\/wp-json\/wp\/v2\/product_brand?post=311"},{"taxonomy":"product_cat","embeddable":true,"href":"https:\/\/symbiosenormandie.fr\/index.php\/wp-json\/wp\/v2\/product_cat?post=311"},{"taxonomy":"product_tag","embeddable":true,"href":"https:\/\/symbiosenormandie.fr\/index.php\/wp-json\/wp\/v2\/product_tag?post=311"}],"curies":[{"name":"wp","href":"https:\/\/api.w.org\/{rel}","templated":true}]}}