{"id":302,"date":"2024-09-05T18:19:48","date_gmt":"2024-09-05T16:19:48","guid":{"rendered":"https:\/\/symbiosenormandie.fr\/?post_type=product&#038;p=302"},"modified":"2024-10-18T09:28:49","modified_gmt":"2024-10-18T07:28:49","slug":"genet-des-teinturiers","status":"publish","type":"product","link":"https:\/\/symbiosenormandie.fr\/index.php\/produit\/genet-des-teinturiers\/","title":{"rendered":"Gen\u00eat des teinturiers"},"content":{"rendered":"<p><u>Pr\u00e9sentation<\/u>\u00a0:<\/p>\n<p>Nom latin : Genista tinctoria.<\/p>\n<p>Famille botanique : Fabac\u00e9es.<\/p>\n<p>Autre nom commun : Herbe-\u00e0-jaunir.<\/p>\n<p>&nbsp;<\/p>\n<p><u>Caract\u00e9ristiques<\/u>\u00a0:<\/p>\n<p>Taille et croissance : 1 m\u00e8tre sur 1 m\u00e8tre max, croissance assez rapide.<\/p>\n<p>Port : Dress\u00e9 et compacte.<\/p>\n<p>Feuillage : Caduc. Leurs rameaux restent g\u00e9n\u00e9ralement verts toute l&rsquo;ann\u00e9e, donnant l&rsquo;impression d&rsquo;une plante persistante, alors que le feuillage peut chuter en hiver, sans que l&rsquo;on s&rsquo;en aper\u00e7oive.<\/p>\n<p>Floraison : Juin \u00e0 Septembre.<\/p>\n<p>&nbsp;<\/p>\n<p><u>Utilisation(s)\/int\u00e9r\u00eat(s)<\/u>\u00a0:<\/p>\n<p>-Mellif\u00e8re<\/p>\n<p>-En massif, haie champ\u00eatre.<\/p>\n<p>-Teinture<\/p>\n<p>&nbsp;<\/p>\n<p><u>Conditions de culture<\/u>\u00a0:<\/p>\n<p>Rusticit\u00e9 : -16\u00b0C.<\/p>\n<p>Type de sol : Drain\u00e9 \u00e0 l\u00e9ger, sol pauvre.<\/p>\n<p>Exposition\/vent : Soleil, supporte bien le vent.<\/p>\n<p>Besoins en eau : Faible.<\/p>\n<p>Taille : Supprimer les rameaux morts en hiver de pr\u00e9f\u00e9rence.<\/p>\n","protected":false},"excerpt":{"rendered":"<p><em>Genista tinctoria<\/em><\/p>\n<p>Famille botanique : Fabac\u00e9es<\/p>\n","protected":false},"featured_media":303,"comment_status":"open","ping_status":"closed","template":"","meta":[],"product_brand":[],"product_cat":[19,33,35,40],"product_tag":[],"class_list":{"0":"post-302","1":"product","2":"type-product","3":"status-publish","4":"has-post-thumbnail","6":"product_cat-arbustes","7":"product_cat-fixateur-dazote","8":"product_cat-mellifere","9":"product_cat-ornemental-2","11":"first","12":"instock","13":"shipping-taxable","14":"purchasable","15":"product-type-simple"},"jetpack_sharing_enabled":true,"_links":{"self":[{"href":"https:\/\/symbiosenormandie.fr\/index.php\/wp-json\/wp\/v2\/product\/302","targetHints":{"allow":["GET"]}}],"collection":[{"href":"https:\/\/symbiosenormandie.fr\/index.php\/wp-json\/wp\/v2\/product"}],"about":[{"href":"https:\/\/symbiosenormandie.fr\/index.php\/wp-json\/wp\/v2\/types\/product"}],"replies":[{"embeddable":true,"href":"https:\/\/symbiosenormandie.fr\/index.php\/wp-json\/wp\/v2\/comments?post=302"}],"wp:featuredmedia":[{"embeddable":true,"href":"https:\/\/symbiosenormandie.fr\/index.php\/wp-json\/wp\/v2\/media\/303"}],"wp:attachment":[{"href":"https:\/\/symbiosenormandie.fr\/index.php\/wp-json\/wp\/v2\/media?parent=302"}],"wp:term":[{"taxonomy":"product_brand","embeddable":true,"href":"https:\/\/symbiosenormandie.fr\/index.php\/wp-json\/wp\/v2\/product_brand?post=302"},{"taxonomy":"product_cat","embeddable":true,"href":"https:\/\/symbiosenormandie.fr\/index.php\/wp-json\/wp\/v2\/product_cat?post=302"},{"taxonomy":"product_tag","embeddable":true,"href":"https:\/\/symbiosenormandie.fr\/index.php\/wp-json\/wp\/v2\/product_tag?post=302"}],"curies":[{"name":"wp","href":"https:\/\/api.w.org\/{rel}","templated":true}]}}