{"id":300,"date":"2024-09-05T18:15:09","date_gmt":"2024-09-05T16:15:09","guid":{"rendered":"https:\/\/symbiosenormandie.fr\/?post_type=product&#038;p=300"},"modified":"2024-10-18T09:56:32","modified_gmt":"2024-10-18T07:56:32","slug":"arbre-a-soie","status":"publish","type":"product","link":"https:\/\/symbiosenormandie.fr\/index.php\/produit\/arbre-a-soie\/","title":{"rendered":"Arbre \u00e0 soie"},"content":{"rendered":"<section class=\"Jgs2b9\">\n<div class=\"WAZqE7 QfrfFD cell\">\n<section class=\"Va_ZoC\" data-hook=\"description-wrapper\">\n<div class=\"LvOu6J\">\n<div class=\"vaI0UH\" data-hook=\"content-wrapper\">\n<p><u>Pr\u00e9sentation<\/u>\u00a0:<\/p>\n<p>Nom latin : Albizia julibrissin rosea.<\/p>\n<p>Autres noms communs : Acacia de Constantinople, Mimosa de Constantinople.<\/p>\n<p>Famille botanique : Fabac\u00e9es.<\/p>\n<p>&nbsp;<\/p>\n<p><u>Caract\u00e9ristiques<\/u>\u00a0:<\/p>\n<p>Taille et croissance : 6 \u00e0 10 m\u00e8tres, croissance rapide.<\/p>\n<p>Port : En couronne \u00e9tal\u00e9e, souvent en c\u00e9p\u00e9e (avec plusieurs troncs qui partent de la base).<\/p>\n<p>Feuillage : Caduc, grandes feuilles compos\u00e9es.<\/p>\n<p>Floraison : Longue floraison en \u00e9t\u00e9, fleurs en pompon plumeux, blanches et roses.<\/p>\n<p>&nbsp;<\/p>\n<p><u>Utilisation(s)\/int\u00e9r\u00eat(s)<\/u>\u00a0:<\/p>\n<p>-Mellif\u00e8re.<\/p>\n<p>-Fixateur d\u2019azote.<\/p>\n<p>-Tr\u00e8s Ornementale.<\/p>\n<p>&nbsp;<\/p>\n<p><u>Conditions de culture<\/u>\u00a0:<\/p>\n<p>Rusticit\u00e9 : R\u00e9siste \u00e0 -11\u00b0C une fois implant\u00e9, mais n\u00e9cessite un paillage et un voile d\u2019hivernage en p\u00e9riode de gel les 2 ou 3 premi\u00e8res ann\u00e9es.<\/p>\n<p>Type de sol : Tout type de sol, sol pauvre.<\/p>\n<p>Exposition\/vent : Ensoleill\u00e9e, peu tol\u00e9rant au vent.<\/p>\n<p>Besoins en eau : Supporte bien la s\u00e9cheresse.<\/p>\n<p>Taille : Peut \u00eatre taill\u00e9 les premi\u00e8res ann\u00e9es pour \u00eatre conduit sur un tronc unique, mais supporte mal les tailles s\u00e9v\u00e8res une fois adulte.<\/p>\n<\/div>\n<\/div>\n<\/section>\n<\/div>\n<\/section>\n","protected":false},"excerpt":{"rendered":"<p><em>Albizia julibrissin rosea<\/em><\/p>\n<p>Famille botanique : Fabac\u00e9es<\/p>\n","protected":false},"featured_media":301,"comment_status":"open","ping_status":"closed","template":"","meta":[],"product_brand":[],"product_cat":[20,33,35,40],"product_tag":[],"class_list":{"0":"post-300","1":"product","2":"type-product","3":"status-publish","4":"has-post-thumbnail","6":"product_cat-arbres","7":"product_cat-fixateur-dazote","8":"product_cat-mellifere","9":"product_cat-ornemental-2","11":"first","12":"instock","13":"shipping-taxable","14":"purchasable","15":"product-type-simple"},"jetpack_sharing_enabled":true,"_links":{"self":[{"href":"https:\/\/symbiosenormandie.fr\/index.php\/wp-json\/wp\/v2\/product\/300","targetHints":{"allow":["GET"]}}],"collection":[{"href":"https:\/\/symbiosenormandie.fr\/index.php\/wp-json\/wp\/v2\/product"}],"about":[{"href":"https:\/\/symbiosenormandie.fr\/index.php\/wp-json\/wp\/v2\/types\/product"}],"replies":[{"embeddable":true,"href":"https:\/\/symbiosenormandie.fr\/index.php\/wp-json\/wp\/v2\/comments?post=300"}],"wp:featuredmedia":[{"embeddable":true,"href":"https:\/\/symbiosenormandie.fr\/index.php\/wp-json\/wp\/v2\/media\/301"}],"wp:attachment":[{"href":"https:\/\/symbiosenormandie.fr\/index.php\/wp-json\/wp\/v2\/media?parent=300"}],"wp:term":[{"taxonomy":"product_brand","embeddable":true,"href":"https:\/\/symbiosenormandie.fr\/index.php\/wp-json\/wp\/v2\/product_brand?post=300"},{"taxonomy":"product_cat","embeddable":true,"href":"https:\/\/symbiosenormandie.fr\/index.php\/wp-json\/wp\/v2\/product_cat?post=300"},{"taxonomy":"product_tag","embeddable":true,"href":"https:\/\/symbiosenormandie.fr\/index.php\/wp-json\/wp\/v2\/product_tag?post=300"}],"curies":[{"name":"wp","href":"https:\/\/api.w.org\/{rel}","templated":true}]}}