{"id":281,"date":"2024-09-05T17:41:17","date_gmt":"2024-09-05T15:41:17","guid":{"rendered":"https:\/\/symbiosenormandie.fr\/?post_type=product&#038;p=281"},"modified":"2024-10-18T09:39:39","modified_gmt":"2024-10-18T07:39:39","slug":"arbre-de-judee","status":"publish","type":"product","link":"https:\/\/symbiosenormandie.fr\/index.php\/produit\/arbre-de-judee\/","title":{"rendered":"Arbre de Jud\u00e9e"},"content":{"rendered":"<p><strong><u>Pr\u00e9sentation<\/u>\u00a0:<\/strong><\/p>\n<p>Nom latin : Cercis Siliquastrum<\/p>\n<p>Famille botanique : Fabac\u00e9es.<\/p>\n<p>Autre nom commun : Gainier commun, G\u00e9nist\u00e9.<\/p>\n<p>&nbsp;<\/p>\n<p><strong><u>Caract\u00e9ristiques<\/u>\u00a0:<\/strong><\/p>\n<p>Taille et croissance : Jusqu\u2019\u00e0 10 m\u00e8tres, croissance lente.<\/p>\n<p>Port : Erig\u00e9.<\/p>\n<p>Feuillage : Caduc.<\/p>\n<p>Floraison : Avril-mai.<\/p>\n<p>&nbsp;<\/p>\n<p><strong><u>Utilisation(s)\/int\u00e9r\u00eat(s)<\/u>\u00a0:<\/strong><\/p>\n<p>-Ornemental.<\/p>\n<p>-Fixateur d\u2019azote.<\/p>\n<p>-Mellif\u00e8re.<\/p>\n<p>&nbsp;<\/p>\n<p><strong><u>Conditions de culture<\/u>\u00a0:<\/strong><\/p>\n<p>Rusticit\u00e9 : Jusqu&rsquo;\u00e0 -15\u00b0C. (un peu frileux quand il est encore jeune, attention au coup de froid en mars, couvrir si besoin).<\/p>\n<p>Type de sol : Accepte les sols pauvres, tr\u00e8s bien drain\u00e9.<\/p>\n<p>Exposition\/vent : Soleil, Mi-ombre<\/p>\n<p>Besoins en eau : Limit\u00e9, arroser les premi\u00e8res ann\u00e9es si temps tr\u00e8s sec.<\/p>\n<p>Taille : Laisser pousser en buisson ou tailler les branches pour ne garder qu\u2019un axe central durant l\u2019hiver.<\/p>\n","protected":false},"excerpt":{"rendered":"<p>Cercis Siliquastrum<\/p>\n<p>Famille botanique : Fabac\u00e9es.<\/p>\n","protected":false},"featured_media":282,"comment_status":"open","ping_status":"closed","template":"","meta":[],"product_brand":[],"product_cat":[20,33,35,40],"product_tag":[],"class_list":{"0":"post-281","1":"product","2":"type-product","3":"status-publish","4":"has-post-thumbnail","6":"product_cat-arbres","7":"product_cat-fixateur-dazote","8":"product_cat-mellifere","9":"product_cat-ornemental-2","11":"first","12":"instock","13":"shipping-taxable","14":"purchasable","15":"product-type-simple"},"jetpack_sharing_enabled":true,"_links":{"self":[{"href":"https:\/\/symbiosenormandie.fr\/index.php\/wp-json\/wp\/v2\/product\/281","targetHints":{"allow":["GET"]}}],"collection":[{"href":"https:\/\/symbiosenormandie.fr\/index.php\/wp-json\/wp\/v2\/product"}],"about":[{"href":"https:\/\/symbiosenormandie.fr\/index.php\/wp-json\/wp\/v2\/types\/product"}],"replies":[{"embeddable":true,"href":"https:\/\/symbiosenormandie.fr\/index.php\/wp-json\/wp\/v2\/comments?post=281"}],"wp:featuredmedia":[{"embeddable":true,"href":"https:\/\/symbiosenormandie.fr\/index.php\/wp-json\/wp\/v2\/media\/282"}],"wp:attachment":[{"href":"https:\/\/symbiosenormandie.fr\/index.php\/wp-json\/wp\/v2\/media?parent=281"}],"wp:term":[{"taxonomy":"product_brand","embeddable":true,"href":"https:\/\/symbiosenormandie.fr\/index.php\/wp-json\/wp\/v2\/product_brand?post=281"},{"taxonomy":"product_cat","embeddable":true,"href":"https:\/\/symbiosenormandie.fr\/index.php\/wp-json\/wp\/v2\/product_cat?post=281"},{"taxonomy":"product_tag","embeddable":true,"href":"https:\/\/symbiosenormandie.fr\/index.php\/wp-json\/wp\/v2\/product_tag?post=281"}],"curies":[{"name":"wp","href":"https:\/\/api.w.org\/{rel}","templated":true}]}}