{"id":276,"date":"2024-08-28T14:06:03","date_gmt":"2024-08-28T12:06:03","guid":{"rendered":"https:\/\/symbiosenormandie.fr\/?post_type=product&#038;p=276"},"modified":"2024-09-05T19:36:47","modified_gmt":"2024-09-05T17:36:47","slug":"saule-du-desert","status":"publish","type":"product","link":"https:\/\/symbiosenormandie.fr\/index.php\/produit\/saule-du-desert\/","title":{"rendered":"Saule du d\u00e9sert"},"content":{"rendered":"<p class=\"Standard\"><b><u><span style=\"font-size: 10.0pt;\">Pr\u00e9sentation<\/span><\/u><\/b><b><span style=\"font-size: 10.0pt;\"> :<\/span><\/b><\/p>\n<p class=\"Standard\"><span style=\"font-size: 10.0pt;\">\u00a0<\/span><span style=\"font-size: 10.0pt;\">Nom latin : Chilopsis linearis.<\/span><\/p>\n<p class=\"Standard\"><span style=\"font-size: 10.0pt;\">\u00a0<\/span><span style=\"font-size: 10.0pt;\">Famille botanique : Bignognaceae.<\/span><\/p>\n<p class=\"Standard\"><span style=\"font-size: 10.0pt;\">\u00a0<\/span><span style=\"font-size: 10.0pt;\">\u00a0<\/span><\/p>\n<p class=\"Standard\"><b><u><span style=\"font-size: 10.0pt;\">Caract\u00e9ristiques<\/span><\/u><\/b><b><span style=\"font-size: 10.0pt;\"> :<\/span><\/b><\/p>\n<p class=\"Standard\"><span style=\"font-size: 10.0pt;\">\u00a0<\/span><span style=\"font-size: 10.0pt;\">Taille et croissance : 4 m\u00e8tres, croissance normale.<\/span><\/p>\n<p class=\"Standard\"><span style=\"font-size: 10.0pt;\">\u00a0<\/span><span style=\"font-size: 10.0pt;\">Port : Etal\u00e9.<\/span><\/p>\n<p class=\"Standard\"><span style=\"font-size: 10.0pt;\">\u00a0<\/span><span style=\"font-size: 10.0pt;\">Feuillage : Caduc.<\/span><\/p>\n<p class=\"Standard\"><span style=\"font-size: 10.0pt;\">\u00a0<\/span><span style=\"font-size: 10.0pt;\">Floraison : Juin \u00e0 Septembre.<\/span><\/p>\n<p class=\"Standard\"><b><u><span style=\"font-size: 10.0pt;\">Utilisation(s)\/int\u00e9r\u00eat(s)<\/span><\/u><\/b><b><span style=\"font-size: 10.0pt;\"> :<\/span><\/b><\/p>\n<p class=\"Standard\"><span style=\"font-size: 10.0pt;\">\u00a0<\/span><span style=\"font-size: 10.0pt;\">-Mellif\u00e8re<\/span><\/p>\n<p class=\"Standard\"><span style=\"font-size: 10.0pt;\">\u00a0<\/span><span style=\"font-size: 10.0pt;\">-Ornementale<\/span><\/p>\n<p>&nbsp;<\/p>\n<p class=\"Standard\"><b><u><span style=\"font-size: 10.0pt;\">Conditions de culture<\/span><\/u><\/b><b><span style=\"font-size: 10.0pt;\"> :<\/span><\/b><\/p>\n<p class=\"Standard\"><span style=\"font-size: 10.0pt;\">\u00a0<\/span><span style=\"font-size: 10.0pt;\">Rusticit\u00e9 : -15\u00b0C.<\/span><\/p>\n<p class=\"Standard\"><span style=\"font-size: 10.0pt;\">\u00a0<\/span><span style=\"font-size: 10.0pt;\">Type de sol : Pousse m\u00eame sur sol pauvre.<\/span><\/p>\n<p class=\"Standard\"><span style=\"font-size: 10.0pt;\">\u00a0<\/span><span style=\"font-size: 10.0pt;\">Besoins en eau : R\u00e9siste \u00e0 la s\u00e9cheresse.<\/span><\/p>\n<p class=\"Standard\"><span style=\"font-size: 10.0pt;\">\u00a0<\/span><span style=\"font-size: 10.0pt;\">Taille : L\u00e9g\u00e8re pendant sa formation si n\u00e9cessaire (pour la conduite en tige ou en arbre) en fin d&rsquo;hiver. On peut parfaitement le tailler court en fin d&rsquo;hiver, pour obtenir un sujet tr\u00e8s buissonnant, sans que cela nuise \u00e0 la floraison.<\/span><\/p>\n","protected":false},"excerpt":{"rendered":"<p class=\"Standard\"><span style=\"font-size: 10.0pt;\">\u00a0<\/span><span style=\"font-size: 10.0pt;\">Nom latin : Chilopsis linearis.<\/span><\/p>\n<p class=\"Standard\"><span style=\"font-size: 10.0pt;\">\u00a0<\/span><span style=\"font-size: 10.0pt;\">Famille botanique : Bignognaceae.<\/span><\/p>\n<p class=\"Standard\">\n","protected":false},"featured_media":272,"comment_status":"open","ping_status":"closed","template":"","meta":[],"product_brand":[],"product_cat":[19,35,40],"product_tag":[],"class_list":{"0":"post-276","1":"product","2":"type-product","3":"status-publish","4":"has-post-thumbnail","6":"product_cat-arbustes","7":"product_cat-mellifere","8":"product_cat-ornemental-2","10":"first","11":"instock","12":"shipping-taxable","13":"purchasable","14":"product-type-simple"},"jetpack_sharing_enabled":true,"_links":{"self":[{"href":"https:\/\/symbiosenormandie.fr\/index.php\/wp-json\/wp\/v2\/product\/276","targetHints":{"allow":["GET"]}}],"collection":[{"href":"https:\/\/symbiosenormandie.fr\/index.php\/wp-json\/wp\/v2\/product"}],"about":[{"href":"https:\/\/symbiosenormandie.fr\/index.php\/wp-json\/wp\/v2\/types\/product"}],"replies":[{"embeddable":true,"href":"https:\/\/symbiosenormandie.fr\/index.php\/wp-json\/wp\/v2\/comments?post=276"}],"wp:featuredmedia":[{"embeddable":true,"href":"https:\/\/symbiosenormandie.fr\/index.php\/wp-json\/wp\/v2\/media\/272"}],"wp:attachment":[{"href":"https:\/\/symbiosenormandie.fr\/index.php\/wp-json\/wp\/v2\/media?parent=276"}],"wp:term":[{"taxonomy":"product_brand","embeddable":true,"href":"https:\/\/symbiosenormandie.fr\/index.php\/wp-json\/wp\/v2\/product_brand?post=276"},{"taxonomy":"product_cat","embeddable":true,"href":"https:\/\/symbiosenormandie.fr\/index.php\/wp-json\/wp\/v2\/product_cat?post=276"},{"taxonomy":"product_tag","embeddable":true,"href":"https:\/\/symbiosenormandie.fr\/index.php\/wp-json\/wp\/v2\/product_tag?post=276"}],"curies":[{"name":"wp","href":"https:\/\/api.w.org\/{rel}","templated":true}]}}