{"id":233,"date":"2024-08-26T18:04:03","date_gmt":"2024-08-26T16:04:03","guid":{"rendered":"https:\/\/symbiosenormandie.fr\/?post_type=product&#038;p=233"},"modified":"2024-09-05T18:31:01","modified_gmt":"2024-09-05T16:31:01","slug":"argousier","status":"publish","type":"product","link":"https:\/\/symbiosenormandie.fr\/index.php\/produit\/argousier\/","title":{"rendered":"Argousier"},"content":{"rendered":"<section class=\"Jgs2b9\">\n<div class=\"WAZqE7 QfrfFD cell\">\n<section class=\"Va_ZoC\" data-hook=\"description-wrapper\">\n<div class=\"LvOu6J\">\n<div class=\"vaI0UH\" data-hook=\"content-wrapper\">\n<p><u>Pr\u00e9sentation<\/u>\u00a0:<\/p>\n<p>&nbsp;<\/p>\n<p>Nom latin : Hippophae rhamnoides.<\/p>\n<p>&nbsp;<\/p>\n<p>Famille botanique : Elaeagnaceae.<\/p>\n<p>&nbsp;<\/p>\n<p>&nbsp;<\/p>\n<p><u>Caract\u00e9ristiques<\/u>\u00a0:<\/p>\n<p>&nbsp;<\/p>\n<p>Taille et croissance : 1 \u00e0 5 m\u00e8tres, croissance normale.<\/p>\n<p>&nbsp;<\/p>\n<p>Port : Buissonnant, \u00e0 pousses \u00e9pineuses.<\/p>\n<p>&nbsp;<\/p>\n<p>Feuillage : Caduc.<\/p>\n<p>&nbsp;<\/p>\n<p>Floraison : Fin de l\u2019hiver.<\/p>\n<p>&nbsp;<\/p>\n<p><u>Utilisation(s)\/int\u00e9r\u00eat(s)<\/u>\u00a0:<\/p>\n<p>&nbsp;<\/p>\n<p>-Mellif\u00e8re (floraison tr\u00e8s pr\u00e9coce).<\/p>\n<p>&nbsp;<\/p>\n<p>-Fruits comestibles \u00e9galement tr\u00e8s appr\u00e9ci\u00e9s par les oiseaux.<\/p>\n<p>&nbsp;<\/p>\n<p>-Haie d\u00e9fensive.<\/p>\n<p>&nbsp;<\/p>\n<p><u>Conditions de culture<\/u>\u00a0:<\/p>\n<p>&nbsp;<\/p>\n<p>Rusticit\u00e9 : Jusqu\u2019\u00e0 -45\u00b0C.<\/p>\n<p>&nbsp;<\/p>\n<p>Type de sol : Normal, Drain\u00e9 \u00e0 l\u00e9ger.<\/p>\n<p>&nbsp;<\/p>\n<p>Exposition\/vent : Soleil, supporte le vent.<\/p>\n<p>&nbsp;<\/p>\n<p>Besoins en eau : Limit\u00e9<\/p>\n<p>&nbsp;<\/p>\n<p>Taille : Possible durant l\u2019hiver pour le contenir.<\/p>\n<\/div>\n<\/div>\n<\/section>\n<\/div>\n<div class=\"QfrfFD cell\">\n<div id=\"i40xifqz.product-page-details-4\" class=\"\" data-hook=\"slot-placeholder-i40xifqz.product-page-details-4\"><\/div>\n<\/div>\n<\/section>\n<section class=\"Jgs2b9\">\n<div class=\"QfrfFD cell\"><\/div>\n<\/section>\n","protected":false},"excerpt":{"rendered":"<p><em>Hippophae rhamnoides<\/em><\/p>\n<p>Famille botanique : Elaeagnaceae<\/p>\n","protected":false},"featured_media":234,"comment_status":"open","ping_status":"closed","template":"","meta":[],"product_brand":[],"product_cat":[37,19,35],"product_tag":[],"class_list":{"0":"post-233","1":"product","2":"type-product","3":"status-publish","4":"has-post-thumbnail","6":"product_cat-arbres-fruitiers","7":"product_cat-arbustes","8":"product_cat-mellifere","10":"first","11":"instock","12":"shipping-taxable","13":"purchasable","14":"product-type-simple"},"jetpack_sharing_enabled":true,"_links":{"self":[{"href":"https:\/\/symbiosenormandie.fr\/index.php\/wp-json\/wp\/v2\/product\/233","targetHints":{"allow":["GET"]}}],"collection":[{"href":"https:\/\/symbiosenormandie.fr\/index.php\/wp-json\/wp\/v2\/product"}],"about":[{"href":"https:\/\/symbiosenormandie.fr\/index.php\/wp-json\/wp\/v2\/types\/product"}],"replies":[{"embeddable":true,"href":"https:\/\/symbiosenormandie.fr\/index.php\/wp-json\/wp\/v2\/comments?post=233"}],"wp:featuredmedia":[{"embeddable":true,"href":"https:\/\/symbiosenormandie.fr\/index.php\/wp-json\/wp\/v2\/media\/234"}],"wp:attachment":[{"href":"https:\/\/symbiosenormandie.fr\/index.php\/wp-json\/wp\/v2\/media?parent=233"}],"wp:term":[{"taxonomy":"product_brand","embeddable":true,"href":"https:\/\/symbiosenormandie.fr\/index.php\/wp-json\/wp\/v2\/product_brand?post=233"},{"taxonomy":"product_cat","embeddable":true,"href":"https:\/\/symbiosenormandie.fr\/index.php\/wp-json\/wp\/v2\/product_cat?post=233"},{"taxonomy":"product_tag","embeddable":true,"href":"https:\/\/symbiosenormandie.fr\/index.php\/wp-json\/wp\/v2\/product_tag?post=233"}],"curies":[{"name":"wp","href":"https:\/\/api.w.org\/{rel}","templated":true}]}}