{"id":172,"date":"2023-03-11T17:42:08","date_gmt":"2023-03-11T16:42:08","guid":{"rendered":"https:\/\/symbiosenormandie.fr\/?post_type=product&#038;p=172"},"modified":"2023-03-11T17:42:44","modified_gmt":"2023-03-11T16:42:44","slug":"citronnier-vert","status":"publish","type":"product","link":"https:\/\/symbiosenormandie.fr\/index.php\/produit\/citronnier-vert\/","title":{"rendered":"Citronnier Vert"},"content":{"rendered":"<p><span style=\"font-weight: 400;\">La lime, lime acide ou citron vert est un <\/span><a href=\"https:\/\/fr.wikipedia.org\/wiki\/Agrume\"><span style=\"font-weight: 400;\">agrume<\/span><\/a><span style=\"font-weight: 400;\">. \u00ab Lime \u00bb est l&rsquo;appellation la plus utilis\u00e9e au <\/span><span style=\"font-weight: 400;\">Canada<\/span><span style=\"font-weight: 400;\"> alors qu&rsquo;en France, \u00ab citron vert \u00bb est davantage utilis\u00e9. C&rsquo;est le <\/span><span style=\"font-weight: 400;\">fruit<\/span><span style=\"font-weight: 400;\"> du <\/span><a href=\"https:\/\/fr.wikipedia.org\/wiki\/Limettier\"><span style=\"font-weight: 400;\">limettier<\/span><\/a><span style=\"font-weight: 400;\">, <\/span><a href=\"https:\/\/fr.wikipedia.org\/wiki\/Arbuste\"><span style=\"font-weight: 400;\">arbuste<\/span><\/a><span style=\"font-weight: 400;\"> de la famille des <\/span><a href=\"https:\/\/fr.wikipedia.org\/wiki\/Rutaceae\"><span style=\"font-weight: 400;\">Rutac\u00e9es<\/span><\/a><span style=\"font-weight: 400;\">, dont il existe deux esp\u00e8ces : <\/span><a href=\"https:\/\/fr.wikipedia.org\/wiki\/Citrus_latifolia\"><i><span style=\"font-weight: 400;\">Citrus latifolia<\/span><\/i><\/a><span style=\"font-weight: 400;\"> et <\/span><a href=\"https:\/\/fr.wikipedia.org\/wiki\/Citrus_aurantiifolia\"><i><span style=\"font-weight: 400;\">Citrus aurantiifolia<\/span><\/i><\/a><span style=\"font-weight: 400;\">. Elles sont originaires d&rsquo;<\/span><span style=\"font-weight: 400;\">Asie du Sud-Est<\/span><span style=\"font-weight: 400;\">.<\/span><\/p>\n<p><span style=\"font-weight: 400;\">Vari\u00e9t\u00e9 de citron vert \u00e0 parfum d\u00e9licat. Bon rendement. La floraison blanche au printemps est odorante et apporte des fruits verts \u00e0 partir de l&rsquo;\u00e9t\u00e9 et automne , devient plus jaune \u00e0 maturit\u00e9. A cultiv\u00e9 en ext\u00e9rieur toute l&rsquo;an\u00e9e. donn\u00e9 rustique jusqu\u00e0 -6\/-8\u00b0C greff\u00e9 sur poncirus en situation bien prot\u00e9g\u00e9e. Soleil, sol drainant, abrit\u00e9 du vent. Feuillage : Persistant en zone hors-gel, Vert tendre \u00e0 fonc\u00e9.. Floraison blanche odorante au printemps (selon climat), r\u00e9colte automne\/hiver. Exposition : Soleil, attention \u00e0 ne pas sortir directement en plein soleil au printemps. Sol : Drainant, apport de compost r\u00e9guli\u00e8rement. R\u00e9sistance au froid (rusticit\u00e9) :donn\u00e9 rustique jusqu\u00e0 -6\/-8\u00b0C greff\u00e9 sur poncirus en sol drainant.\u00a0<\/span><\/p>\n<p><span style=\"font-weight: 400;\">Utilisation : Bien s\u00fbr pour les ti&rsquo; punch et les bons plats&#8230;Sans parler de l&rsquo;int\u00e9r\u00eat ornemental.<\/span><\/p>\n","protected":false},"excerpt":{"rendered":"<p><i>Citrus latifolia<\/i> (famille: <span style=\"font-weight: 400;\"><strong>Rutac\u00e9es<\/strong>)<\/span><\/p>\n","protected":false},"featured_media":213,"comment_status":"open","ping_status":"closed","template":"","meta":[],"product_brand":[],"product_cat":[37],"product_tag":[],"class_list":{"0":"post-172","1":"product","2":"type-product","3":"status-publish","4":"has-post-thumbnail","6":"product_cat-arbres-fruitiers","8":"first","9":"outofstock","10":"shipping-taxable","11":"purchasable","12":"product-type-simple"},"jetpack_sharing_enabled":true,"_links":{"self":[{"href":"https:\/\/symbiosenormandie.fr\/index.php\/wp-json\/wp\/v2\/product\/172","targetHints":{"allow":["GET"]}}],"collection":[{"href":"https:\/\/symbiosenormandie.fr\/index.php\/wp-json\/wp\/v2\/product"}],"about":[{"href":"https:\/\/symbiosenormandie.fr\/index.php\/wp-json\/wp\/v2\/types\/product"}],"replies":[{"embeddable":true,"href":"https:\/\/symbiosenormandie.fr\/index.php\/wp-json\/wp\/v2\/comments?post=172"}],"wp:featuredmedia":[{"embeddable":true,"href":"https:\/\/symbiosenormandie.fr\/index.php\/wp-json\/wp\/v2\/media\/213"}],"wp:attachment":[{"href":"https:\/\/symbiosenormandie.fr\/index.php\/wp-json\/wp\/v2\/media?parent=172"}],"wp:term":[{"taxonomy":"product_brand","embeddable":true,"href":"https:\/\/symbiosenormandie.fr\/index.php\/wp-json\/wp\/v2\/product_brand?post=172"},{"taxonomy":"product_cat","embeddable":true,"href":"https:\/\/symbiosenormandie.fr\/index.php\/wp-json\/wp\/v2\/product_cat?post=172"},{"taxonomy":"product_tag","embeddable":true,"href":"https:\/\/symbiosenormandie.fr\/index.php\/wp-json\/wp\/v2\/product_tag?post=172"}],"curies":[{"name":"wp","href":"https:\/\/api.w.org\/{rel}","templated":true}]}}