{"id":171,"date":"2023-03-11T17:42:08","date_gmt":"2023-03-11T16:42:08","guid":{"rendered":"https:\/\/symbiosenormandie.fr\/?post_type=product&#038;p=171"},"modified":"2023-03-11T17:42:43","modified_gmt":"2023-03-11T16:42:43","slug":"citronnier-yuzu","status":"publish","type":"product","link":"https:\/\/symbiosenormandie.fr\/index.php\/produit\/citronnier-yuzu\/","title":{"rendered":"Citronnier Yuzu"},"content":{"rendered":"<p><span style=\"font-weight: 400;\">A l\u2019origine c\u2019est un\u00a0 hybride de citrus ichangensis et citrus reticulata var austera. Synonyme : autrefois nomm\u00e9 C.junos. Le yuzu, originaire de <\/span><span style=\"font-weight: 400;\">Chine<\/span><span style=\"font-weight: 400;\">, pousse \u00e0 l&rsquo;\u00e9tat sauvage au centre de la Chine ainsi qu&rsquo;au <\/span><span style=\"font-weight: 400;\">Tibet<\/span><span style=\"font-weight: 400;\">. Il fut introduit au <\/span><span style=\"font-weight: 400;\">Japon<\/span><span style=\"font-weight: 400;\"> et en <\/span><span style=\"font-weight: 400;\">Cor\u00e9e<\/span><span style=\"font-weight: 400;\"> pendant la <\/span><span style=\"font-weight: 400;\">dynastie Tang<\/span><span style=\"font-weight: 400;\"> (618-907), au d\u00e9but de la <\/span><span style=\"font-weight: 400;\">p\u00e9riode Asuka<\/span><span style=\"font-weight: 400;\"> (593-710)\u00a0<\/span><\/p>\n<p><span style=\"font-weight: 400;\">D\u00e9veloppement : arbuste vigoureux et tr\u00e8s \u00e9pineux. Feuillage : persistant. Floraison : floraison blanche, tr\u00e8s parfum\u00e9e typique des agrumes.<\/span><\/p>\n<p><span style=\"font-weight: 400;\">Fruit : mesurant 5.5 \u00e0 7.5cm de diam\u00e8tre, go\u00fbt acide entre le pamplemousse et la mandarine. Le zeste est utilis\u00e9 comme condiment, et le jus pour l&rsquo;assaisonnement, comme le jus de citron. Un parfum formidable.<\/span><\/p>\n<p><span style=\"font-weight: 400;\">Exposition : soleil, mi-ombre. Sol : riche et frais, mais sans exc\u00e8s.<\/span><\/p>\n<p><span style=\"font-weight: 400;\">R\u00e9sistance au froid (rusticit\u00e9) : donn\u00e9 rustique jusqu&rsquo;\u00e0 -3\/-4\u00b0c maximum sur volkameriana donc pour une culture en pot pr\u00e9f\u00e9rable et tenir hors gel , pr\u00e9f\u00e9r\u00e9 greff\u00e9 sur poncirus,pour une culture pleine terre<\/span><\/p>\n<p><span style=\"font-weight: 400;\">Utilisation : pot, massif, pleine terre. Int\u00e9r\u00eat : un des agrumes les plus rustiques<\/span><\/p>\n","protected":false},"excerpt":{"rendered":"<p><em>Citrus ichangensis \u00d7 Citrus reticulata var. austera<\/em> (famille: <span style=\"font-weight: 400;\"><strong>Rutac\u00e9es<\/strong>)<\/span><\/p>\n","protected":false},"featured_media":211,"comment_status":"open","ping_status":"closed","template":"","meta":[],"product_brand":[],"product_cat":[37],"product_tag":[],"class_list":{"0":"post-171","1":"product","2":"type-product","3":"status-publish","4":"has-post-thumbnail","6":"product_cat-arbres-fruitiers","8":"first","9":"outofstock","10":"shipping-taxable","11":"purchasable","12":"product-type-simple"},"jetpack_sharing_enabled":true,"_links":{"self":[{"href":"https:\/\/symbiosenormandie.fr\/index.php\/wp-json\/wp\/v2\/product\/171","targetHints":{"allow":["GET"]}}],"collection":[{"href":"https:\/\/symbiosenormandie.fr\/index.php\/wp-json\/wp\/v2\/product"}],"about":[{"href":"https:\/\/symbiosenormandie.fr\/index.php\/wp-json\/wp\/v2\/types\/product"}],"replies":[{"embeddable":true,"href":"https:\/\/symbiosenormandie.fr\/index.php\/wp-json\/wp\/v2\/comments?post=171"}],"wp:featuredmedia":[{"embeddable":true,"href":"https:\/\/symbiosenormandie.fr\/index.php\/wp-json\/wp\/v2\/media\/211"}],"wp:attachment":[{"href":"https:\/\/symbiosenormandie.fr\/index.php\/wp-json\/wp\/v2\/media?parent=171"}],"wp:term":[{"taxonomy":"product_brand","embeddable":true,"href":"https:\/\/symbiosenormandie.fr\/index.php\/wp-json\/wp\/v2\/product_brand?post=171"},{"taxonomy":"product_cat","embeddable":true,"href":"https:\/\/symbiosenormandie.fr\/index.php\/wp-json\/wp\/v2\/product_cat?post=171"},{"taxonomy":"product_tag","embeddable":true,"href":"https:\/\/symbiosenormandie.fr\/index.php\/wp-json\/wp\/v2\/product_tag?post=171"}],"curies":[{"name":"wp","href":"https:\/\/api.w.org\/{rel}","templated":true}]}}