{"id":170,"date":"2023-03-11T17:42:07","date_gmt":"2023-03-11T16:42:07","guid":{"rendered":"https:\/\/symbiosenormandie.fr\/?post_type=product&#038;p=170"},"modified":"2023-03-11T17:42:42","modified_gmt":"2023-03-11T16:42:42","slug":"citronnier-4-saisons","status":"publish","type":"product","link":"https:\/\/symbiosenormandie.fr\/index.php\/produit\/citronnier-4-saisons\/","title":{"rendered":"Citronnier 4 saisons"},"content":{"rendered":"<p><span style=\"font-weight: 400;\">Vari\u00e9t\u00e9 de citron jaune au parfum d\u00e9licat. Tr\u00e8s bon rendement. A la capacit\u00e9 de donner des citrons toute l&rsquo;ann\u00e9e selon le lieu et la fa\u00e7on de cultiver. Gros citron \u00e9tant vert jeune et devenant jaune \u00e0 maturit\u00e9. Accepte des temp\u00e9ratures de -4\/-5\u00b0C greff\u00e9 sur poncirus.<\/span><\/p>\n<p><span style=\"font-weight: 400;\">D\u00e9veloppement : Arbuste ramifi\u00e9 pouvant devenir assez grand, tailler r\u00e9guli\u00e8rement permet de garder des sujets petits avec un bon rendement. Feuillage : Persistant en zone hors-gel, Vert tendre \u00e0 fonc\u00e9. Floraison : Floraison blanche odorante toute l&rsquo;ann\u00e9e (selon climat), r\u00e9colte toute l&rsquo;ann\u00e9e (selon climat)<\/span><\/p>\n<p><span style=\"font-weight: 400;\">Exposition : Soleil, attention \u00e0 ne pas sortir directement en plein soleil au printemps.. Sol : Drainant, apport de compost r\u00e9guli\u00e8rement<\/span><\/p>\n<p><span style=\"font-weight: 400;\">R\u00e9sistance au froid (rusticit\u00e9) : donn\u00e9 rustique jusqu&rsquo;\u00e0 -4\/-5\u00b0C greff\u00e9 sur poncirus avec un sol bien drain\u00e9<\/span><\/p>\n<p><span style=\"font-weight: 400;\">Entretien : Taille r\u00e9guli\u00e8re, arrosage fr\u00e9quent en laissant s\u00e9cher entre les arrosages<\/span><\/p>\n<p><span style=\"font-weight: 400;\">Utilisation : plat, crustac\u00e9, limonade, chutney\u2026.<\/span><\/p>\n","protected":false},"excerpt":{"rendered":"<p><em>Citrus x limon var. lunario<\/em> (famille: <span style=\"font-weight: 400;\"><strong>Rutac\u00e9es<\/strong>)<\/span><\/p>\n","protected":false},"featured_media":209,"comment_status":"open","ping_status":"closed","template":"","meta":[],"product_brand":[],"product_cat":[37],"product_tag":[],"class_list":{"0":"post-170","1":"product","2":"type-product","3":"status-publish","4":"has-post-thumbnail","6":"product_cat-arbres-fruitiers","8":"first","9":"outofstock","10":"shipping-taxable","11":"purchasable","12":"product-type-simple"},"jetpack_sharing_enabled":true,"_links":{"self":[{"href":"https:\/\/symbiosenormandie.fr\/index.php\/wp-json\/wp\/v2\/product\/170","targetHints":{"allow":["GET"]}}],"collection":[{"href":"https:\/\/symbiosenormandie.fr\/index.php\/wp-json\/wp\/v2\/product"}],"about":[{"href":"https:\/\/symbiosenormandie.fr\/index.php\/wp-json\/wp\/v2\/types\/product"}],"replies":[{"embeddable":true,"href":"https:\/\/symbiosenormandie.fr\/index.php\/wp-json\/wp\/v2\/comments?post=170"}],"wp:featuredmedia":[{"embeddable":true,"href":"https:\/\/symbiosenormandie.fr\/index.php\/wp-json\/wp\/v2\/media\/209"}],"wp:attachment":[{"href":"https:\/\/symbiosenormandie.fr\/index.php\/wp-json\/wp\/v2\/media?parent=170"}],"wp:term":[{"taxonomy":"product_brand","embeddable":true,"href":"https:\/\/symbiosenormandie.fr\/index.php\/wp-json\/wp\/v2\/product_brand?post=170"},{"taxonomy":"product_cat","embeddable":true,"href":"https:\/\/symbiosenormandie.fr\/index.php\/wp-json\/wp\/v2\/product_cat?post=170"},{"taxonomy":"product_tag","embeddable":true,"href":"https:\/\/symbiosenormandie.fr\/index.php\/wp-json\/wp\/v2\/product_tag?post=170"}],"curies":[{"name":"wp","href":"https:\/\/api.w.org\/{rel}","templated":true}]}}