{"id":169,"date":"2023-03-11T17:42:07","date_gmt":"2023-03-11T16:42:07","guid":{"rendered":"https:\/\/symbiosenormandie.fr\/?post_type=product&#038;p=169"},"modified":"2023-03-11T17:42:41","modified_gmt":"2023-03-11T16:42:41","slug":"citronnier-meyer","status":"publish","type":"product","link":"https:\/\/symbiosenormandie.fr\/index.php\/produit\/citronnier-meyer\/","title":{"rendered":"Citronnier Meyer"},"content":{"rendered":"<p><span style=\"font-weight: 400;\">La vari\u00e9t\u00e9 de citron ayant une des meilleures qualit\u00e9s gustatives. Cette vari\u00e9t\u00e9 n&rsquo;est pas utilis\u00e9e commercialement en raison de sa peau trop fine ne permettant pas aux fruits de supporter le transport. Bon rendement. A cultiver en ext\u00e9rieur \u00e0 la belle saison mettre en situation hors-gel en hiver. Soleil, sol drainant<\/span><\/p>\n<p><span style=\"font-weight: 400;\">D\u00e9veloppement : Arbuste ramifi\u00e9 pouvant devenir assez grand, une taille r\u00e9guli\u00e8re permet de garder des sujets petits avec un bon rendement<\/span><\/p>\n<p><span style=\"font-weight: 400;\">Feuillage : Persistant en zone hors-gel, Vert tendre \u00e0 fonc\u00e9. Floraison : Floraison blanche odorante, au printemps et \u00e0 l&rsquo;automne. Fruit : couleur jaune orang\u00e9. Exposition : Soleil, attention \u00e0 ne pas sortir directement en plein soleil au printemps. Sol : Drainant, apport de compost r\u00e9guli\u00e8rement. R\u00e9sistance au froid (rusticit\u00e9) : -3\/-4\u00b0C, et + \u00e0 couvert, sans humidit\u00e9. Entretien : Taille r\u00e9guli\u00e8re, arrosage fr\u00e9quent en laissant secher entre les arrosages. Utilisation : plat, crustac\u00e9es&#8230;<\/span><\/p>\n","protected":false},"excerpt":{"rendered":"<p><i>Citrus<\/i> \u00d7 <i>meyeri<\/i> (famille: <span style=\"font-weight: 400;\"><strong>Rutac\u00e9es<\/strong>), <\/span>vari\u00e9t\u00e9s propos\u00e9es: <b>MEYER et MEYER SANGUINE<\/b><\/p>\n","protected":false},"featured_media":206,"comment_status":"open","ping_status":"closed","template":"","meta":[],"product_brand":[],"product_cat":[37],"product_tag":[],"class_list":{"0":"post-169","1":"product","2":"type-product","3":"status-publish","4":"has-post-thumbnail","6":"product_cat-arbres-fruitiers","8":"first","9":"outofstock","10":"shipping-taxable","11":"purchasable","12":"product-type-simple"},"jetpack_sharing_enabled":true,"_links":{"self":[{"href":"https:\/\/symbiosenormandie.fr\/index.php\/wp-json\/wp\/v2\/product\/169","targetHints":{"allow":["GET"]}}],"collection":[{"href":"https:\/\/symbiosenormandie.fr\/index.php\/wp-json\/wp\/v2\/product"}],"about":[{"href":"https:\/\/symbiosenormandie.fr\/index.php\/wp-json\/wp\/v2\/types\/product"}],"replies":[{"embeddable":true,"href":"https:\/\/symbiosenormandie.fr\/index.php\/wp-json\/wp\/v2\/comments?post=169"}],"wp:featuredmedia":[{"embeddable":true,"href":"https:\/\/symbiosenormandie.fr\/index.php\/wp-json\/wp\/v2\/media\/206"}],"wp:attachment":[{"href":"https:\/\/symbiosenormandie.fr\/index.php\/wp-json\/wp\/v2\/media?parent=169"}],"wp:term":[{"taxonomy":"product_brand","embeddable":true,"href":"https:\/\/symbiosenormandie.fr\/index.php\/wp-json\/wp\/v2\/product_brand?post=169"},{"taxonomy":"product_cat","embeddable":true,"href":"https:\/\/symbiosenormandie.fr\/index.php\/wp-json\/wp\/v2\/product_cat?post=169"},{"taxonomy":"product_tag","embeddable":true,"href":"https:\/\/symbiosenormandie.fr\/index.php\/wp-json\/wp\/v2\/product_tag?post=169"}],"curies":[{"name":"wp","href":"https:\/\/api.w.org\/{rel}","templated":true}]}}