{"id":168,"date":"2023-03-11T17:42:07","date_gmt":"2023-03-11T16:42:07","guid":{"rendered":"https:\/\/symbiosenormandie.fr\/?post_type=product&#038;p=168"},"modified":"2023-03-11T17:42:37","modified_gmt":"2023-03-11T16:42:37","slug":"citronnier-caviar","status":"publish","type":"product","link":"https:\/\/symbiosenormandie.fr\/index.php\/produit\/citronnier-caviar\/","title":{"rendered":"Citronnier Caviar"},"content":{"rendered":"<p><span style=\"font-weight: 400;\">Le <\/span><i><span style=\"font-weight: 400;\">Citron caviar<\/span><\/i><span style=\"font-weight: 400;\"> ou <\/span><i><span style=\"font-weight: 400;\">Citron digit\u00e9<\/span><\/i><span style=\"font-weight: 400;\"> (<\/span><i><span style=\"font-weight: 400;\">Finger lime<\/span><\/i><span style=\"font-weight: 400;\"> en <\/span><span style=\"font-weight: 400;\">anglais<\/span><span style=\"font-weight: 400;\">, Citron digit\u00e9) est un agrume, fruit du citronnier d&rsquo;Australie (<\/span><i><span style=\"font-weight: 400;\">Microcitrus australasica<\/span><\/i><span style=\"font-weight: 400;\">, ou <\/span><i><span style=\"font-weight: 400;\">Citrus australisica<\/span><\/i><span style=\"font-weight: 400;\">).<\/span><\/p>\n<p><span style=\"font-weight: 400;\">Le fruit m\u00fbr a selon sa vari\u00e9t\u00e9 une \u00e9corce allant du vert au rouge, en passant par le jaune et le rose. Lorsqu&rsquo;il est ouvert, il pr\u00e9sente de nombreuses petites v\u00e9sicules sph\u00e9riques \u00e0 l&rsquo;origine de son appellation \u00ab caviar \u00bb. Il n&rsquo;est pas certain que le fruit ait \u00e9t\u00e9 consomm\u00e9 par les <\/span><a href=\"https:\/\/fr.wikipedia.org\/wiki\/Aborig%C3%A8nes_d%27Australie\"><span style=\"font-weight: 400;\">aborig\u00e8nes<\/span><\/a><span style=\"font-weight: 400;\">, mais il l&rsquo;a \u00e9t\u00e9 par les premiers colons <\/span><span style=\"font-weight: 400;\">europ\u00e9ens<\/span><span style=\"font-weight: 400;\"> ; d&rsquo;abord commercialis\u00e9 comme fruit local, on l&rsquo;utilise comme garniture ou ajout \u00e0 de nombreuses recettes, ou pour faire des <\/span><span style=\"font-weight: 400;\">confitures<\/span><span style=\"font-weight: 400;\"> ou des <\/span><a href=\"https:\/\/fr.wikipedia.org\/wiki\/Pickles\"><i><span style=\"font-weight: 400;\">pickles<\/span><\/i><\/a><span style=\"font-weight: 400;\">. Lors de culture en serre froide, par exp\u00e9rience il est fort possible de perdre en grande majorit\u00e9 ou totalit\u00e9 le feuillage, tant que le bois reste vert, tout est normal surtout greff\u00e9 sur volkameriana, moins sur poncirus<\/span><\/p>\n<p><span style=\"font-weight: 400;\">Les agrumes ne sont pas des plantes d\u2019int\u00e9rieur, tr\u00e8s compliqu\u00e9 \u00e0 maintenir la bonne utilisation en serre et v\u00e9randa non chauff\u00e9e, en pot, Balcon ou terrasse si ils sont rentr\u00e9s l\u2019hiver dans une pi\u00e8ce pas trop chaude et bien lumineuse.<\/span><\/p>\n","protected":false},"excerpt":{"rendered":"<p><i>Microcitrus australasica<\/i>\u00a0(famille: <span style=\"font-weight: 400;\">Rutac\u00e9es), v<\/span>ari\u00e9t\u00e9s propos\u00e9es: <span style=\"font-weight: 400;\">\u00a0<\/span><b>BLANC, VERT, JAUNE, ROSE, ROUGE<\/b><\/p>\n","protected":false},"featured_media":204,"comment_status":"open","ping_status":"closed","template":"","meta":[],"product_brand":[],"product_cat":[37],"product_tag":[],"class_list":{"0":"post-168","1":"product","2":"type-product","3":"status-publish","4":"has-post-thumbnail","6":"product_cat-arbres-fruitiers","8":"first","9":"instock","10":"shipping-taxable","11":"purchasable","12":"product-type-simple"},"jetpack_sharing_enabled":true,"_links":{"self":[{"href":"https:\/\/symbiosenormandie.fr\/index.php\/wp-json\/wp\/v2\/product\/168","targetHints":{"allow":["GET"]}}],"collection":[{"href":"https:\/\/symbiosenormandie.fr\/index.php\/wp-json\/wp\/v2\/product"}],"about":[{"href":"https:\/\/symbiosenormandie.fr\/index.php\/wp-json\/wp\/v2\/types\/product"}],"replies":[{"embeddable":true,"href":"https:\/\/symbiosenormandie.fr\/index.php\/wp-json\/wp\/v2\/comments?post=168"}],"wp:featuredmedia":[{"embeddable":true,"href":"https:\/\/symbiosenormandie.fr\/index.php\/wp-json\/wp\/v2\/media\/204"}],"wp:attachment":[{"href":"https:\/\/symbiosenormandie.fr\/index.php\/wp-json\/wp\/v2\/media?parent=168"}],"wp:term":[{"taxonomy":"product_brand","embeddable":true,"href":"https:\/\/symbiosenormandie.fr\/index.php\/wp-json\/wp\/v2\/product_brand?post=168"},{"taxonomy":"product_cat","embeddable":true,"href":"https:\/\/symbiosenormandie.fr\/index.php\/wp-json\/wp\/v2\/product_cat?post=168"},{"taxonomy":"product_tag","embeddable":true,"href":"https:\/\/symbiosenormandie.fr\/index.php\/wp-json\/wp\/v2\/product_tag?post=168"}],"curies":[{"name":"wp","href":"https:\/\/api.w.org\/{rel}","templated":true}]}}