{"id":166,"date":"2023-03-11T17:42:07","date_gmt":"2023-03-11T16:42:07","guid":{"rendered":"https:\/\/symbiosenormandie.fr\/?post_type=product&#038;p=166"},"modified":"2023-03-11T17:42:33","modified_gmt":"2023-03-11T16:42:33","slug":"chataignier","status":"publish","type":"product","link":"https:\/\/symbiosenormandie.fr\/index.php\/produit\/chataignier\/","title":{"rendered":"Ch\u00e2taignier"},"content":{"rendered":"<p><span style=\"font-weight: 400;\">Les ch\u00e2taigniers sont des arbres \u00e0 la croissance mod\u00e9r\u00e9ment rapide pour les esp\u00e8ces asiatiques, tr\u00e8s rapides pour les esp\u00e8ces am\u00e9ricaines et le <\/span><a href=\"https:\/\/fr.wikipedia.org\/wiki\/Ch%C3%A2taignier_commun\"><span style=\"font-weight: 400;\">ch\u00e2taignier commun<\/span><\/a><span style=\"font-weight: 400;\"> (<\/span><i><span style=\"font-weight: 400;\">Castanea sativa<\/span><\/i><span style=\"font-weight: 400;\">). Le <\/span><a href=\"https:\/\/fr.wikipedia.org\/wiki\/Castanea_crenata\"><span style=\"font-weight: 400;\">ch\u00e2taignier du Japon (<\/span><i><span style=\"font-weight: 400;\">Castanea crenata<\/span><\/i><span style=\"font-weight: 400;\">)<\/span><\/a><span style=\"font-weight: 400;\"> peut mesurer jusqu&rsquo;\u00e0 15 m\u00e8tres de haut, le <\/span><a href=\"https:\/\/fr.wikipedia.org\/wiki\/Castanea_mollissima\"><span style=\"font-weight: 400;\">ch\u00e2taignier chinois (<\/span><i><span style=\"font-weight: 400;\">Castanea mollissima<\/span><\/i><span style=\"font-weight: 400;\">)<\/span><\/a><span style=\"font-weight: 400;\"> 20 m\u00e8tres de haut, le <\/span><a href=\"https:\/\/fr.wikipedia.org\/wiki\/Ch%C3%A2taignier_commun\"><span style=\"font-weight: 400;\">ch\u00e2taignier commun<\/span><\/a><span style=\"font-weight: 400;\"> (<\/span><i><span style=\"font-weight: 400;\">Castanea sativa<\/span><\/i><span style=\"font-weight: 400;\">) qui est le plus courant en Europe 30 m\u00e8tres de haut, le <\/span><a href=\"https:\/\/fr.wikipedia.org\/wiki\/Castanea_dentata\"><span style=\"font-weight: 400;\">ch\u00e2taignier d&rsquo;Am\u00e9rique (<\/span><i><span style=\"font-weight: 400;\">Castanea dentata<\/span><\/i><span style=\"font-weight: 400;\">)<\/span><\/a><span style=\"font-weight: 400;\"> 45 m\u00e8tres de haut.<\/span><\/p>\n<p><span style=\"font-weight: 400;\">Les ch\u00e2taigniers fournissent les <\/span><a href=\"https:\/\/fr.wikipedia.org\/wiki\/Ch%C3%A2taigne\"><span style=\"font-weight: 400;\">ch\u00e2taignes<\/span><\/a><span style=\"font-weight: 400;\"> qui sont des <\/span><a href=\"https:\/\/fr.wikipedia.org\/wiki\/Ak%C3%A8ne\"><span style=\"font-weight: 400;\">ak\u00e8nes<\/span><\/a><span style=\"font-weight: 400;\">. Celles-ci sont r\u00e9unies par deux ou trois dans une <\/span><a href=\"https:\/\/fr.wikipedia.org\/wiki\/Bogue_(botanique)\"><span style=\"font-weight: 400;\">bogue<\/span><\/a><span style=\"font-weight: 400;\"> qui est un <\/span><a href=\"https:\/\/fr.wikipedia.org\/wiki\/Involucre\"><span style=\"font-weight: 400;\">involucre<\/span><\/a><span style=\"font-weight: 400;\"> de <\/span><a href=\"https:\/\/fr.wikipedia.org\/wiki\/Bract%C3%A9e\"><span style=\"font-weight: 400;\">bract\u00e9es<\/span><\/a><span style=\"font-weight: 400;\"> formant une sorte de coque ronde h\u00e9riss\u00e9e d&rsquo;\u00e9pines plusieurs fois ramifi\u00e9es.<\/span><\/p>\n","protected":false},"excerpt":{"rendered":"<p><i>Castanea sativa<\/i> (famille: <span style=\"font-weight: 400;\"><strong>Fagac\u00e9es<\/strong>), v<\/span>ari\u00e9t\u00e9s propos\u00e9es:<\/p>\n<p><b>-BOUCHE de B\u00c9TIZAC: <\/b><span style=\"font-weight: 400;\">gros fruits \u00e0 tr\u00e8s gros<\/span><\/p>\n<p><b>-MARIGOULE: <\/b><span style=\"font-weight: 400;\">gros, bon pollinisateur<\/span><\/p>\n<p><b>-NOUZILLARD: <\/b><span style=\"font-weight: 400;\">gros, saveur subtile<\/span><\/p>\n","protected":false},"featured_media":200,"comment_status":"open","ping_status":"closed","template":"","meta":[],"product_brand":[],"product_cat":[37],"product_tag":[],"class_list":{"0":"post-166","1":"product","2":"type-product","3":"status-publish","4":"has-post-thumbnail","6":"product_cat-arbres-fruitiers","8":"first","9":"outofstock","10":"shipping-taxable","11":"purchasable","12":"product-type-simple"},"jetpack_sharing_enabled":true,"_links":{"self":[{"href":"https:\/\/symbiosenormandie.fr\/index.php\/wp-json\/wp\/v2\/product\/166","targetHints":{"allow":["GET"]}}],"collection":[{"href":"https:\/\/symbiosenormandie.fr\/index.php\/wp-json\/wp\/v2\/product"}],"about":[{"href":"https:\/\/symbiosenormandie.fr\/index.php\/wp-json\/wp\/v2\/types\/product"}],"replies":[{"embeddable":true,"href":"https:\/\/symbiosenormandie.fr\/index.php\/wp-json\/wp\/v2\/comments?post=166"}],"wp:featuredmedia":[{"embeddable":true,"href":"https:\/\/symbiosenormandie.fr\/index.php\/wp-json\/wp\/v2\/media\/200"}],"wp:attachment":[{"href":"https:\/\/symbiosenormandie.fr\/index.php\/wp-json\/wp\/v2\/media?parent=166"}],"wp:term":[{"taxonomy":"product_brand","embeddable":true,"href":"https:\/\/symbiosenormandie.fr\/index.php\/wp-json\/wp\/v2\/product_brand?post=166"},{"taxonomy":"product_cat","embeddable":true,"href":"https:\/\/symbiosenormandie.fr\/index.php\/wp-json\/wp\/v2\/product_cat?post=166"},{"taxonomy":"product_tag","embeddable":true,"href":"https:\/\/symbiosenormandie.fr\/index.php\/wp-json\/wp\/v2\/product_tag?post=166"}],"curies":[{"name":"wp","href":"https:\/\/api.w.org\/{rel}","templated":true}]}}