{"id":164,"date":"2023-03-11T17:42:06","date_gmt":"2023-03-11T16:42:06","guid":{"rendered":"https:\/\/symbiosenormandie.fr\/?post_type=product&#038;p=164"},"modified":"2023-03-11T17:42:26","modified_gmt":"2023-03-11T16:42:26","slug":"cerisier","status":"publish","type":"product","link":"https:\/\/symbiosenormandie.fr\/index.php\/produit\/cerisier\/","title":{"rendered":"Cerisier"},"content":{"rendered":"<p><span style=\"font-weight: 400;\">Le terme cerisier est un <\/span><span style=\"font-weight: 400;\">nom vernaculaire<\/span><span style=\"font-weight: 400;\"> g\u00e9n\u00e9rique qui d\u00e9signe en fran\u00e7ais plusieurs <\/span><span style=\"font-weight: 400;\">esp\u00e8ces<\/span><span style=\"font-weight: 400;\"> d&rsquo;arbres du <\/span><span style=\"font-weight: 400;\">genre<\/span> <a href=\"https:\/\/fr.wikipedia.org\/wiki\/Prunus\"><i><span style=\"font-weight: 400;\">Prunus<\/span><\/i><\/a><span style=\"font-weight: 400;\"> de la <\/span><span style=\"font-weight: 400;\">famille<\/span><span style=\"font-weight: 400;\"> des <\/span><a href=\"https:\/\/fr.wikipedia.org\/wiki\/Rosaceae\"><i><span style=\"font-weight: 400;\">Rosaceae<\/span><\/i><\/a><span style=\"font-weight: 400;\">. Ce sont soit des <\/span><span style=\"font-weight: 400;\">arbres fruitiers<\/span><span style=\"font-weight: 400;\"> donnant des <\/span><span style=\"font-weight: 400;\">cerises<\/span><span style=\"font-weight: 400;\">, soit des <\/span><span style=\"font-weight: 400;\">arbres ornementaux<\/span><span style=\"font-weight: 400;\"> originaires d&rsquo;<\/span><a href=\"https:\/\/fr.wikipedia.org\/wiki\/Asie_de_l%27Est\"><span style=\"font-weight: 400;\">Asie de l&rsquo;Est<\/span><\/a><span style=\"font-weight: 400;\"> (<\/span><a href=\"https:\/\/fr.wikipedia.org\/wiki\/Chine\"><span style=\"font-weight: 400;\">Chine<\/span><\/a><span style=\"font-weight: 400;\">, <\/span><a href=\"https:\/\/fr.wikipedia.org\/wiki\/Japon\"><span style=\"font-weight: 400;\">Japon<\/span><\/a><span style=\"font-weight: 400;\">) plant\u00e9s uniquement pour leurs fleurs et dont les fruits sont insignifiants.<\/span><\/p>\n<p><span style=\"font-weight: 400;\">Les diff\u00e9rentes esp\u00e8ces de cerisiers donnent des fruits plus ou moins acides, gros ou sucr\u00e9s. Si les cerises sauvages entrent parfois dans la composition de liqueurs, confitures et autres plats locaux, les arboriculteurs ont d\u00e9velopp\u00e9 des vari\u00e9t\u00e9s \u00e0 plus gros fruits, destin\u00e9s \u00e0 \u00eatre consomm\u00e9s crus ou dans des pr\u00e9parations culinaires vari\u00e9es. Dans le <\/span><a href=\"https:\/\/fr.wikipedia.org\/wiki\/Langage_des_fleurs\"><span style=\"font-weight: 400;\">langage des fleurs<\/span><\/a><span style=\"font-weight: 400;\">, le cerisier symbolise la bonne \u00e9ducation.\u00a0<\/span><\/p>\n<p><span style=\"font-weight: 400;\">Les cerisiers \u00e0 fruits sont cultiv\u00e9s depuis la plus haute <\/span><a href=\"https:\/\/fr.wikipedia.org\/wiki\/Antiquit%C3%A9\"><span style=\"font-weight: 400;\">Antiquit\u00e9<\/span><\/a><span style=\"font-weight: 400;\">, en <\/span><a href=\"https:\/\/fr.wikipedia.org\/wiki\/Europe\"><span style=\"font-weight: 400;\">Europe<\/span><\/a><span style=\"font-weight: 400;\"> (en Gr\u00e8ce, Empire romain) et en <\/span><a href=\"https:\/\/fr.wikipedia.org\/wiki\/Anatolie\"><span style=\"font-weight: 400;\">Anatolie<\/span><\/a><span style=\"font-weight: 400;\">, <\/span><a href=\"https:\/\/fr.wikipedia.org\/wiki\/Caucase\"><span style=\"font-weight: 400;\">Caucase<\/span><\/a><span style=\"font-weight: 400;\"> et un peu en Chine (pour <\/span><i><span style=\"font-weight: 400;\">Prunus pseudocerasus<\/span><\/i><span style=\"font-weight: 400;\">).<\/span><\/p>\n","protected":false},"excerpt":{"rendered":"<p><i>Prunus cerasus<\/i>\u00a0(famille: <span style=\"font-weight: 400;\"><strong>Grossulariac\u00e9es<\/strong>), <\/span>vari\u00e9t\u00e9s propos\u00e9es:<\/p>\n<p><span style=\"font-weight: 400;\">-Bigarreau <\/span><b>BURLAT :<\/b><span style=\"font-weight: 400;\"> gros fruit rouge fonc\u00e9 (D\u00e9but Juin)<\/span><\/p>\n<p><span style=\"font-weight: 400;\">-Bigarreau <\/span><b>NAPOLEON : <\/b><span style=\"font-weight: 400;\">fruit rouge et jaune, sucr\u00e9 (Fin juin)<\/span><\/p>\n<p><span style=\"font-weight: 400;\">-Bigarreau <\/span><b>G\u00c9ANT d\u2019HEDELFINGEN : <\/b><span style=\"font-weight: 400;\">gros<\/span> <span style=\"font-weight: 400;\">fruit rouge\/noir (D\u00e9but Juillet)<\/span><\/p>\n<p><span style=\"font-weight: 400;\">-Bigarreau <\/span><b>REVERCHON : <\/b><span style=\"font-weight: 400;\">fruit rouge vif, parfum\u00e9 (Juillet)<\/span><\/p>\n<p><span style=\"font-weight: 400;\">-Bigarreau blanc <\/span><b>COEUR JAUNE: <\/b><span style=\"font-weight: 400;\">fruit jaune cr\u00e8me (Fin Juillet)<\/span><\/p>\n","protected":false},"featured_media":192,"comment_status":"open","ping_status":"closed","template":"","meta":[],"product_brand":[],"product_cat":[37],"product_tag":[],"class_list":{"0":"post-164","1":"product","2":"type-product","3":"status-publish","4":"has-post-thumbnail","6":"product_cat-arbres-fruitiers","8":"first","9":"instock","10":"shipping-taxable","11":"purchasable","12":"product-type-simple"},"jetpack_sharing_enabled":true,"_links":{"self":[{"href":"https:\/\/symbiosenormandie.fr\/index.php\/wp-json\/wp\/v2\/product\/164","targetHints":{"allow":["GET"]}}],"collection":[{"href":"https:\/\/symbiosenormandie.fr\/index.php\/wp-json\/wp\/v2\/product"}],"about":[{"href":"https:\/\/symbiosenormandie.fr\/index.php\/wp-json\/wp\/v2\/types\/product"}],"replies":[{"embeddable":true,"href":"https:\/\/symbiosenormandie.fr\/index.php\/wp-json\/wp\/v2\/comments?post=164"}],"wp:featuredmedia":[{"embeddable":true,"href":"https:\/\/symbiosenormandie.fr\/index.php\/wp-json\/wp\/v2\/media\/192"}],"wp:attachment":[{"href":"https:\/\/symbiosenormandie.fr\/index.php\/wp-json\/wp\/v2\/media?parent=164"}],"wp:term":[{"taxonomy":"product_brand","embeddable":true,"href":"https:\/\/symbiosenormandie.fr\/index.php\/wp-json\/wp\/v2\/product_brand?post=164"},{"taxonomy":"product_cat","embeddable":true,"href":"https:\/\/symbiosenormandie.fr\/index.php\/wp-json\/wp\/v2\/product_cat?post=164"},{"taxonomy":"product_tag","embeddable":true,"href":"https:\/\/symbiosenormandie.fr\/index.php\/wp-json\/wp\/v2\/product_tag?post=164"}],"curies":[{"name":"wp","href":"https:\/\/api.w.org\/{rel}","templated":true}]}}