{"id":161,"date":"2023-03-11T17:42:06","date_gmt":"2023-03-11T16:42:06","guid":{"rendered":"https:\/\/symbiosenormandie.fr\/?post_type=product&#038;p=161"},"modified":"2023-03-11T17:42:18","modified_gmt":"2023-03-11T16:42:18","slug":"baie-de-mai","status":"publish","type":"product","link":"https:\/\/symbiosenormandie.fr\/index.php\/produit\/baie-de-mai\/","title":{"rendered":"Baie de Mai"},"content":{"rendered":"<p><span style=\"font-weight: 400;\">\u00c9galement appel\u00e9e Cam\u00e9risier, un des rares ch\u00e8vrefeuilles aux baies comestibles, la Baie de Mai s\u2019annonce comme une plante particuli\u00e8rement originale dont la beaut\u00e9 ind\u00e9niable attire le regard. Ses fruits et ses magnifiques feuilles vertes l\u00e9g\u00e8rement bleu gris r\u00e9v\u00e8lent son d\u00e9licieux parfum au go\u00fbt de miel. La Baie de Mai est originaire des steppes bois\u00e9es de Sib\u00e9rie, o\u00f9 la saison hivernale prend toute son ampleur. A ce titre, ce magnifique ch\u00e8vrefeuille est surtout reconnu par sa grande rusticit\u00e9. Son origine, une p\u00e9ninsule volcanique \u00e0 l\u2019extr\u00eame Est de la Russie appel\u00e9e Kamtchatka. La Baie de Mai est un arbuste non grimpant \u00e0 la forme buissonnante d\u2019une hauteur de 1,50 m\u00e8tre maximum. Elle dispose d\u2019un long tronc recouvert d\u2019une \u00e9corce brune tr\u00e8s filandreuse munie des petites branches sarmenteuses. Ces derni\u00e8res laissent appara\u00eetre des feuilles vertes ovales et de d\u00e9licieux fruits bleu gris. Ce petit ch\u00e8vrefeuille est peu connu en France car, habitu\u00e9 aux climats rudes, il supporte mal la chaleur mais supporte des temp\u00e9ratures tr\u00e8s froides.Pour favoriser la pollinisation des fleurs, il est conseill\u00e9 de planter au moins deux plantes, pas trop \u00e9loign\u00e9es l\u2019une de l\u2019autre, en laissant les insectes pollinisateurs prendre soin des choses. Un ph\u00e9nom\u00e8ne naturel qui, par ailleurs, accentue la production de la Baie de Mai.<\/span><\/p>\n","protected":false},"excerpt":{"rendered":"<p><i>Lonicera caerulea<\/i> (famille: <span style=\"font-weight: 400;\"><strong>Caprifoliac\u00e9es<\/strong>)<\/span><\/p>\n","protected":false},"featured_media":186,"comment_status":"open","ping_status":"closed","template":"","meta":[],"product_brand":[],"product_cat":[37],"product_tag":[],"class_list":{"0":"post-161","1":"product","2":"type-product","3":"status-publish","4":"has-post-thumbnail","6":"product_cat-arbres-fruitiers","8":"first","9":"outofstock","10":"shipping-taxable","11":"purchasable","12":"product-type-simple"},"jetpack_sharing_enabled":true,"_links":{"self":[{"href":"https:\/\/symbiosenormandie.fr\/index.php\/wp-json\/wp\/v2\/product\/161","targetHints":{"allow":["GET"]}}],"collection":[{"href":"https:\/\/symbiosenormandie.fr\/index.php\/wp-json\/wp\/v2\/product"}],"about":[{"href":"https:\/\/symbiosenormandie.fr\/index.php\/wp-json\/wp\/v2\/types\/product"}],"replies":[{"embeddable":true,"href":"https:\/\/symbiosenormandie.fr\/index.php\/wp-json\/wp\/v2\/comments?post=161"}],"wp:featuredmedia":[{"embeddable":true,"href":"https:\/\/symbiosenormandie.fr\/index.php\/wp-json\/wp\/v2\/media\/186"}],"wp:attachment":[{"href":"https:\/\/symbiosenormandie.fr\/index.php\/wp-json\/wp\/v2\/media?parent=161"}],"wp:term":[{"taxonomy":"product_brand","embeddable":true,"href":"https:\/\/symbiosenormandie.fr\/index.php\/wp-json\/wp\/v2\/product_brand?post=161"},{"taxonomy":"product_cat","embeddable":true,"href":"https:\/\/symbiosenormandie.fr\/index.php\/wp-json\/wp\/v2\/product_cat?post=161"},{"taxonomy":"product_tag","embeddable":true,"href":"https:\/\/symbiosenormandie.fr\/index.php\/wp-json\/wp\/v2\/product_tag?post=161"}],"curies":[{"name":"wp","href":"https:\/\/api.w.org\/{rel}","templated":true}]}}