{"id":156,"date":"2023-03-11T17:42:05","date_gmt":"2023-03-11T16:42:05","guid":{"rendered":"https:\/\/symbiosenormandie.fr\/?post_type=product&#038;p=156"},"modified":"2024-10-14T18:44:04","modified_gmt":"2024-10-14T16:44:04","slug":"chene-a-feuille-de-myrsine-2","status":"publish","type":"product","link":"https:\/\/symbiosenormandie.fr\/index.php\/produit\/chene-a-feuille-de-myrsine-2\/","title":{"rendered":"Ch\u00eane \u00e0 feuille de myrsine"},"content":{"rendered":"<p>Un arbuste rare, venu du pays du soleil levant. Pyramidal dans sa jeunesse, il prend son temps pour former une couronne arrondie, et d\u00e9ploie un feuillage \u00e9l\u00e9gant et mince, bronze au d\u00e9bourrement, vert en \u00e9t\u00e9, devenant pourpre en automne, persistant en hiver. Son \u00e9corce est d&rsquo;un gris fonc\u00e9, ponctu\u00e9e de lenticelles. Il s&rsquo;\u00e9panouira dans un sol frais, neutre \u00e0 acide, en plein soleil.<\/p>\n<p>Trouver le producteur proche de chez vous:<br \/>\n<a href=\"https:\/\/www.facebook.com\/pepinieredupaysdouche\/\">La P\u00e9pinouche<\/a><\/p>\n","protected":false},"excerpt":{"rendered":"<p>Un arbuste rare, venu du pays du soleil levant. Pyramidal dans sa jeunesse, il prend son temps pour former une couronne arrondie, et d\u00e9ploie un &hellip;<\/p>\n","protected":false},"featured_media":177,"comment_status":"open","ping_status":"closed","template":"","meta":[],"product_brand":[],"product_cat":[20,41],"product_tag":[],"class_list":{"0":"post-156","1":"product","2":"type-product","3":"status-publish","4":"has-post-thumbnail","6":"product_cat-arbres","7":"product_cat-persistants","9":"first","10":"instock","11":"shipping-taxable","12":"purchasable","13":"product-type-simple"},"jetpack_sharing_enabled":true,"_links":{"self":[{"href":"https:\/\/symbiosenormandie.fr\/index.php\/wp-json\/wp\/v2\/product\/156","targetHints":{"allow":["GET"]}}],"collection":[{"href":"https:\/\/symbiosenormandie.fr\/index.php\/wp-json\/wp\/v2\/product"}],"about":[{"href":"https:\/\/symbiosenormandie.fr\/index.php\/wp-json\/wp\/v2\/types\/product"}],"replies":[{"embeddable":true,"href":"https:\/\/symbiosenormandie.fr\/index.php\/wp-json\/wp\/v2\/comments?post=156"}],"wp:featuredmedia":[{"embeddable":true,"href":"https:\/\/symbiosenormandie.fr\/index.php\/wp-json\/wp\/v2\/media\/177"}],"wp:attachment":[{"href":"https:\/\/symbiosenormandie.fr\/index.php\/wp-json\/wp\/v2\/media?parent=156"}],"wp:term":[{"taxonomy":"product_brand","embeddable":true,"href":"https:\/\/symbiosenormandie.fr\/index.php\/wp-json\/wp\/v2\/product_brand?post=156"},{"taxonomy":"product_cat","embeddable":true,"href":"https:\/\/symbiosenormandie.fr\/index.php\/wp-json\/wp\/v2\/product_cat?post=156"},{"taxonomy":"product_tag","embeddable":true,"href":"https:\/\/symbiosenormandie.fr\/index.php\/wp-json\/wp\/v2\/product_tag?post=156"}],"curies":[{"name":"wp","href":"https:\/\/api.w.org\/{rel}","templated":true}]}}