{"id":155,"date":"2023-03-11T17:42:04","date_gmt":"2023-03-11T16:42:04","guid":{"rendered":"https:\/\/symbiosenormandie.fr\/?post_type=product&#038;p=155"},"modified":"2023-03-11T17:42:09","modified_gmt":"2023-03-11T16:42:09","slug":"amelanchier-du-canada-2","status":"publish","type":"product","link":"https:\/\/symbiosenormandie.fr\/index.php\/produit\/amelanchier-du-canada-2\/","title":{"rendered":"Amelanchier du Canada"},"content":{"rendered":"<p>Joli petit arbuste pr\u00e9sentant un int\u00e9r\u00eat ornemental 9 mois sur 12!<br \/>\nC&rsquo;est une esp\u00e8ce d&rsquo;arbuste caduc facile \u00e0 cultiver, pris\u00e9e pour sa floraison abondante en petites grappes d\u00e9licates d&rsquo;\u00e9toiles blanches au printemps, br\u00e8ve mais g\u00e9n\u00e9reuse et son feuillage d&rsquo;automne aux coloris intenses, \u00e9voluant entre le rouge orang\u00e9, le jaune cuivr\u00e9 et le pourpre.<\/p>\n<p>En \u00e9t\u00e9, il porte une fructification comestible en petites baies globuleuses qu&rsquo;on appelle \u00ab\u00a0petites poires\u00a0\u00bb au Canada et qui font le bonheur des oiseaux. C&rsquo;est un arbuste qui pr\u00e9f\u00e8re les grands \u00e9carts thermiques des climats continentaux et qui craint les sols superficiels qui se dess\u00e8chent vite. Installez-la en tous sols profonds, frais, bien drain\u00e9s, de pr\u00e9f\u00e9rence acide et \u00e0 l&rsquo;exposition lumineuse, non br\u00fblante.<\/p>\n","protected":false},"excerpt":{"rendered":"<p>petit arbre fruitier de la famille des <span style=\"font-weight: 400;\">Rosac\u00e9es<\/span><\/p>\n","protected":false},"featured_media":176,"comment_status":"open","ping_status":"closed","template":"","meta":[],"product_brand":[],"product_cat":[37],"product_tag":[],"class_list":{"0":"post-155","1":"product","2":"type-product","3":"status-publish","4":"has-post-thumbnail","6":"product_cat-arbres-fruitiers","8":"first","9":"outofstock","10":"shipping-taxable","11":"purchasable","12":"product-type-simple"},"jetpack_sharing_enabled":true,"_links":{"self":[{"href":"https:\/\/symbiosenormandie.fr\/index.php\/wp-json\/wp\/v2\/product\/155","targetHints":{"allow":["GET"]}}],"collection":[{"href":"https:\/\/symbiosenormandie.fr\/index.php\/wp-json\/wp\/v2\/product"}],"about":[{"href":"https:\/\/symbiosenormandie.fr\/index.php\/wp-json\/wp\/v2\/types\/product"}],"replies":[{"embeddable":true,"href":"https:\/\/symbiosenormandie.fr\/index.php\/wp-json\/wp\/v2\/comments?post=155"}],"wp:featuredmedia":[{"embeddable":true,"href":"https:\/\/symbiosenormandie.fr\/index.php\/wp-json\/wp\/v2\/media\/176"}],"wp:attachment":[{"href":"https:\/\/symbiosenormandie.fr\/index.php\/wp-json\/wp\/v2\/media?parent=155"}],"wp:term":[{"taxonomy":"product_brand","embeddable":true,"href":"https:\/\/symbiosenormandie.fr\/index.php\/wp-json\/wp\/v2\/product_brand?post=155"},{"taxonomy":"product_cat","embeddable":true,"href":"https:\/\/symbiosenormandie.fr\/index.php\/wp-json\/wp\/v2\/product_cat?post=155"},{"taxonomy":"product_tag","embeddable":true,"href":"https:\/\/symbiosenormandie.fr\/index.php\/wp-json\/wp\/v2\/product_tag?post=155"}],"curies":[{"name":"wp","href":"https:\/\/api.w.org\/{rel}","templated":true}]}}