{"id":13,"date":"2023-02-17T11:38:50","date_gmt":"2023-02-17T10:38:50","guid":{"rendered":"http:\/\/localhost\/wordpress\/?page_id=2"},"modified":"2025-02-09T14:29:24","modified_gmt":"2025-02-09T13:29:24","slug":"association","status":"publish","type":"page","link":"https:\/\/symbiosenormandie.fr\/index.php\/association\/","title":{"rendered":"L&rsquo;Association"},"content":{"rendered":"\n<p><strong>Qui sommes-nous ?<\/strong><br>Nous sommes trois p\u00e9pini\u00e9ristes et agriculteurs normands passionn\u00e9s de plantes et soucieux de la pr\u00e9servation des \u00e9cosyst\u00e8mes ainsi que du d\u00e9veloppement d\u2019une \u00e9conomie locale.<br>Chacun engag\u00e9 dans une d\u00e9marche \u00e9cologique et dans une commercialisation en circuits courts, nous avons d\u00e9cid\u00e9 de nous associer et de cr\u00e9er l\u2019association Symbioses (anciennement Silva Domesticus).<\/p>\n\n\n<div class=\"wp-block-image\">\n<figure class=\"aligncenter size-large is-resized\"><img data-recalc-dims=\"1\" loading=\"lazy\" decoding=\"async\" width=\"683\" height=\"1024\" src=\"https:\/\/i0.wp.com\/symbiosenormandie.fr\/wp-content\/uploads\/2024\/08\/20240622-Alexandre-Julien-Guillaume-Pepinouche-portes-ouvertes-1.jpg?resize=683%2C1024&#038;ssl=1\" alt=\"\" class=\"wp-image-247\" style=\"width:532px;height:auto\" srcset=\"https:\/\/i0.wp.com\/symbiosenormandie.fr\/wp-content\/uploads\/2024\/08\/20240622-Alexandre-Julien-Guillaume-Pepinouche-portes-ouvertes-1-scaled.jpg?resize=683%2C1024&amp;ssl=1 683w, https:\/\/i0.wp.com\/symbiosenormandie.fr\/wp-content\/uploads\/2024\/08\/20240622-Alexandre-Julien-Guillaume-Pepinouche-portes-ouvertes-1-scaled.jpg?resize=200%2C300&amp;ssl=1 200w, https:\/\/i0.wp.com\/symbiosenormandie.fr\/wp-content\/uploads\/2024\/08\/20240622-Alexandre-Julien-Guillaume-Pepinouche-portes-ouvertes-1-scaled.jpg?resize=768%2C1152&amp;ssl=1 768w, https:\/\/i0.wp.com\/symbiosenormandie.fr\/wp-content\/uploads\/2024\/08\/20240622-Alexandre-Julien-Guillaume-Pepinouche-portes-ouvertes-1-scaled.jpg?resize=1024%2C1536&amp;ssl=1 1024w, https:\/\/i0.wp.com\/symbiosenormandie.fr\/wp-content\/uploads\/2024\/08\/20240622-Alexandre-Julien-Guillaume-Pepinouche-portes-ouvertes-1-scaled.jpg?resize=1365%2C2048&amp;ssl=1 1365w, https:\/\/i0.wp.com\/symbiosenormandie.fr\/wp-content\/uploads\/2024\/08\/20240622-Alexandre-Julien-Guillaume-Pepinouche-portes-ouvertes-1-scaled.jpg?resize=400%2C600&amp;ssl=1 400w, https:\/\/i0.wp.com\/symbiosenormandie.fr\/wp-content\/uploads\/2024\/08\/20240622-Alexandre-Julien-Guillaume-Pepinouche-portes-ouvertes-1-scaled.jpg?resize=107%2C160&amp;ssl=1 107w, https:\/\/i0.wp.com\/symbiosenormandie.fr\/wp-content\/uploads\/2024\/08\/20240622-Alexandre-Julien-Guillaume-Pepinouche-portes-ouvertes-1-scaled.jpg?resize=1320%2C1980&amp;ssl=1 1320w, https:\/\/i0.wp.com\/symbiosenormandie.fr\/wp-content\/uploads\/2024\/08\/20240622-Alexandre-Julien-Guillaume-Pepinouche-portes-ouvertes-1-scaled.jpg?resize=600%2C900&amp;ssl=1 600w, https:\/\/i0.wp.com\/symbiosenormandie.fr\/wp-content\/uploads\/2024\/08\/20240622-Alexandre-Julien-Guillaume-Pepinouche-portes-ouvertes-1-scaled.jpg?w=1707&amp;ssl=1 1707w\" sizes=\"auto, (max-width: 683px) 100vw, 683px\" \/><\/figure>\n<\/div>\n\n\n<p><br><strong>Pourquoi Symbioses ?<\/strong><br>Symbioses est n\u00e9e d\u2019une motivation commune de d\u00e9veloppement d\u2019une agriculture performante sur le plan \u00e9conomique, environnemental et social.       Ce groupement nous permet de d\u00e9velopper et de p\u00e9renniser de nos actions sur un plus vaste territoire. Il nous permet \u00e9galement de mutualiser le mat\u00e9riel et les semences dont nous avons besoin. <\/p>\n\n\n\n<p> Les analyses multiples que permette cette association, nous fournissent un retour d&rsquo;exp\u00e9rience et un recul plus important sur les conditions, les sp\u00e9cificit\u00e9s de germination des plantes. Cela nous permet \u00e9galement d&rsquo;\u00e9changer toutes sortes informations, botaniques, administratives, sur des fournisseurs ou des techniques nouvelles\u2026<\/p>\n\n\n\n<p><br><strong>Valeurs communes<\/strong><br>\u25aa Sauvegarde de la biodiversit\u00e9<br>\u25aa Agriculture biologique &amp; locale<br>\u25aa Economie sociale et solidaire<br>\u25aa Dynamisme rural<br>\u25aa Lien social et interg\u00e9n\u00e9rationnel pour la redynamisation des villages et la vie<br>des quartiers.<br>\u25aa Travail en commun entre professionnels, associations et organismes d\u2019un m\u00eame<br>territoire.<\/p>\n\n\n\n<figure class=\"wp-block-image size-large\"><img data-recalc-dims=\"1\" loading=\"lazy\" decoding=\"async\" width=\"943\" height=\"459\" src=\"https:\/\/i0.wp.com\/symbiosenormandie.fr\/wp-content\/uploads\/2025\/01\/20241023_093805.jpg?resize=943%2C459&#038;ssl=1\" alt=\"\" class=\"wp-image-447\" srcset=\"https:\/\/i0.wp.com\/symbiosenormandie.fr\/wp-content\/uploads\/2025\/01\/20241023_093805-scaled.jpg?resize=1024%2C498&amp;ssl=1 1024w, https:\/\/i0.wp.com\/symbiosenormandie.fr\/wp-content\/uploads\/2025\/01\/20241023_093805-scaled.jpg?resize=300%2C146&amp;ssl=1 300w, https:\/\/i0.wp.com\/symbiosenormandie.fr\/wp-content\/uploads\/2025\/01\/20241023_093805-scaled.jpg?resize=768%2C373&amp;ssl=1 768w, https:\/\/i0.wp.com\/symbiosenormandie.fr\/wp-content\/uploads\/2025\/01\/20241023_093805-scaled.jpg?resize=1536%2C747&amp;ssl=1 1536w, https:\/\/i0.wp.com\/symbiosenormandie.fr\/wp-content\/uploads\/2025\/01\/20241023_093805-scaled.jpg?resize=2048%2C996&amp;ssl=1 2048w, https:\/\/i0.wp.com\/symbiosenormandie.fr\/wp-content\/uploads\/2025\/01\/20241023_093805-scaled.jpg?resize=600%2C292&amp;ssl=1 600w, https:\/\/i0.wp.com\/symbiosenormandie.fr\/wp-content\/uploads\/2025\/01\/20241023_093805-scaled.jpg?resize=280%2C136&amp;ssl=1 280w, https:\/\/i0.wp.com\/symbiosenormandie.fr\/wp-content\/uploads\/2025\/01\/20241023_093805-scaled.jpg?resize=1320%2C642&amp;ssl=1 1320w, https:\/\/i0.wp.com\/symbiosenormandie.fr\/wp-content\/uploads\/2025\/01\/20241023_093805-scaled.jpg?w=1886&amp;ssl=1 1886w\" sizes=\"auto, (max-width: 943px) 100vw, 943px\" \/><\/figure>\n\n\n\n<p><strong><span style=\"text-decoration: underline;\">Missions &amp; Objectifs<\/span><\/strong><br>\u25aa Contribuer \u00e0 la sauvegarde, la diversification, l\u2019enrichissement et la stimulation des \u00e9cosyst\u00e8mes normands et de la biodiversit\u00e9.<br>\u25aa Participer \u00e0 la reforestation et la plantation d\u2019arbres, arbustes et autres v\u00e9g\u00e9taux vivaces, en milieu rural comme urbain.<br>\u25aa Aider \u00e0 l\u2019\u00e9chelle locale \u00e0 pr\u00e9parer le territoire aux \u00e9volutions climatiques par la plantation de v\u00e9g\u00e9taux adapt\u00e9s.<br>\u25aa Contribuer \u00e0 stocker du carbone dans le sol.<br>\u25aa Sensibiliser et \u00e9duquer les particuliers, les professionnels et collectivit\u00e9s \u00e0 l\u2019importance de l\u2019arbre, de la biodiversit\u00e9 et des changements climatiques.<\/p>\n\n\n\n<p><br><strong><span style=\"text-decoration: underline;\">Nos Actions<\/span><\/strong><\/p>\n\n\n\n<ol class=\"wp-block-list\">\n<li><strong>La<\/strong> <strong>Production<\/strong> <strong>et vente<\/strong> de plants d\u2019arbres, arbustes et plantes vivaces d\u2019int\u00e9r\u00eat \u00e9cologique, tout au long de l\u2019ann\u00e9e.                                                              De nombreux type de plantes aux multiples int\u00e9r\u00eats :<\/li>\n<\/ol>\n\n\n\n<ul class=\"wp-block-list\">\n<li><strong>Fleurs :<\/strong> Plantes mellif\u00e8res pour les insectes et pollinisateurs afin de leur assurer l\u2019acc\u00e8s \u00e0 des fleurs sur la plus longue<br>p\u00e9riode possible.<\/li>\n\n\n\n<li><strong>Fruits :<\/strong> Plantes fruiti\u00e8res pour la faune sauvage, l\u2019\u00e9levage et l\u2019alimentation humaine.<\/li>\n\n\n\n<li><strong>Bocag\u00e8res :<\/strong> Arbres et arbustes fourragers pour les animaux d\u2019\u00e9levage. Vari\u00e9t\u00e9s pour la cr\u00e9ation et la r\u00e9habilitation de haies et la production de bois (chauffage, bois d\u2019\u0153uvre).<\/li>\n\n\n\n<li><strong>Fixateurs d&rsquo;azote: <\/strong>Plantes pionni\u00e8res pour l\u2019enrichissement des sols et de la biodiversit\u00e9.<br><\/li>\n<\/ul>\n\n\n\n<p>2. <strong>L&rsquo;Implantation, amendement, paillage et entretien <\/strong>des plantes s\u00e9lectionn\u00e9es en fonction du contexte du chantier (particuliers, institutions, associations\u2026)<\/p>\n\n\n\n<p>3. <strong>Les<\/strong> <strong>Tailles, trognes, tailles de production (fruitiers)<\/strong><\/p>\n\n\n\n<p>4. <strong>Les<\/strong> <strong>Ateliers p\u00e9dagogiques<\/strong> mis en place pour tout les \u00e2ges, ils permettent \u00e0 travers des jeux, des mises en pratique, d&rsquo;aborder de nombreux th\u00e8mes autour :<\/p>\n\n\n\n<ul class=\"wp-block-list\">\n<li>De la botanique, de son histoire dans les civilisations<\/li>\n\n\n\n<li>Des \u00e9cosyst\u00e8mes et de leurs interactions <\/li>\n\n\n\n<li>Des techniques d&rsquo;implantation des v\u00e9g\u00e9taux<\/li>\n\n\n\n<li>Des conseils de culture<\/li>\n\n\n\n<li>Du mat\u00e9riel et des techniques de multiplication des plantes&#8230;<\/li>\n<\/ul>\n\n\n\n<figure class=\"wp-block-image size-large\"><img data-recalc-dims=\"1\" loading=\"lazy\" decoding=\"async\" width=\"943\" height=\"459\" src=\"https:\/\/i0.wp.com\/symbiosenormandie.fr\/wp-content\/uploads\/2025\/01\/20240123_134740.jpg?resize=943%2C459&#038;ssl=1\" alt=\"\" class=\"wp-image-446\" srcset=\"https:\/\/i0.wp.com\/symbiosenormandie.fr\/wp-content\/uploads\/2025\/01\/20240123_134740-scaled.jpg?resize=1024%2C498&amp;ssl=1 1024w, https:\/\/i0.wp.com\/symbiosenormandie.fr\/wp-content\/uploads\/2025\/01\/20240123_134740-scaled.jpg?resize=300%2C146&amp;ssl=1 300w, https:\/\/i0.wp.com\/symbiosenormandie.fr\/wp-content\/uploads\/2025\/01\/20240123_134740-scaled.jpg?resize=768%2C373&amp;ssl=1 768w, https:\/\/i0.wp.com\/symbiosenormandie.fr\/wp-content\/uploads\/2025\/01\/20240123_134740-scaled.jpg?resize=1536%2C747&amp;ssl=1 1536w, https:\/\/i0.wp.com\/symbiosenormandie.fr\/wp-content\/uploads\/2025\/01\/20240123_134740-scaled.jpg?resize=2048%2C996&amp;ssl=1 2048w, https:\/\/i0.wp.com\/symbiosenormandie.fr\/wp-content\/uploads\/2025\/01\/20240123_134740-scaled.jpg?resize=600%2C292&amp;ssl=1 600w, https:\/\/i0.wp.com\/symbiosenormandie.fr\/wp-content\/uploads\/2025\/01\/20240123_134740-scaled.jpg?resize=280%2C136&amp;ssl=1 280w, https:\/\/i0.wp.com\/symbiosenormandie.fr\/wp-content\/uploads\/2025\/01\/20240123_134740-scaled.jpg?resize=1320%2C642&amp;ssl=1 1320w, https:\/\/i0.wp.com\/symbiosenormandie.fr\/wp-content\/uploads\/2025\/01\/20240123_134740-scaled.jpg?w=1886&amp;ssl=1 1886w\" sizes=\"auto, (max-width: 943px) 100vw, 943px\" \/><\/figure>\n","protected":false},"excerpt":{"rendered":"<p>Qui sommes-nous ?Nous sommes trois p\u00e9pini\u00e9ristes et agriculteurs normands passionn\u00e9s de plantes et soucieux de la pr\u00e9servation des \u00e9cosyst\u00e8mes ainsi que du d\u00e9veloppement d\u2019une \u00e9conomie &hellip;<\/p>\n","protected":false},"author":1,"featured_media":0,"parent":0,"menu_order":0,"comment_status":"closed","ping_status":"open","template":"","meta":{"footnotes":""},"class_list":["post-13","page","type-page","status-publish","hentry"],"jetpack_sharing_enabled":true,"_links":{"self":[{"href":"https:\/\/symbiosenormandie.fr\/index.php\/wp-json\/wp\/v2\/pages\/13","targetHints":{"allow":["GET"]}}],"collection":[{"href":"https:\/\/symbiosenormandie.fr\/index.php\/wp-json\/wp\/v2\/pages"}],"about":[{"href":"https:\/\/symbiosenormandie.fr\/index.php\/wp-json\/wp\/v2\/types\/page"}],"author":[{"embeddable":true,"href":"https:\/\/symbiosenormandie.fr\/index.php\/wp-json\/wp\/v2\/users\/1"}],"replies":[{"embeddable":true,"href":"https:\/\/symbiosenormandie.fr\/index.php\/wp-json\/wp\/v2\/comments?post=13"}],"version-history":[{"count":6,"href":"https:\/\/symbiosenormandie.fr\/index.php\/wp-json\/wp\/v2\/pages\/13\/revisions"}],"predecessor-version":[{"id":656,"href":"https:\/\/symbiosenormandie.fr\/index.php\/wp-json\/wp\/v2\/pages\/13\/revisions\/656"}],"wp:attachment":[{"href":"https:\/\/symbiosenormandie.fr\/index.php\/wp-json\/wp\/v2\/media?parent=13"}],"curies":[{"name":"wp","href":"https:\/\/api.w.org\/{rel}","templated":true}]}}